{"id":11817,"date":"2026-01-24T09:16:24","date_gmt":"2026-01-24T02:16:24","guid":{"rendered":"https:\/\/atslegal.vn\/vn\/?page_id=11817"},"modified":"2026-01-24T09:17:50","modified_gmt":"2026-01-24T02:17:50","slug":"mrs-pham-thi-nga","status":"publish","type":"page","link":"https:\/\/atslegal.vn\/vn\/thanh-vien\/mrs-pham-thi-nga\/","title":{"rendered":"Mrs Pham Thi Nga"},"content":{"rendered":"\t\t<div data-elementor-type=\"wp-page\" data-elementor-id=\"11817\" class=\"elementor elementor-11817\">\n\t\t\t\t\t\t\t\t\t<section class=\"elementor-section elementor-top-section elementor-element elementor-element-7b61fdeb elementor-section-boxed elementor-section-height-default elementor-section-height-default\" data-id=\"7b61fdeb\" data-element_type=\"section\" data-settings=\"{&quot;background_background&quot;:&quot;classic&quot;}\">\n\t\t\t\t\t\t<div class=\"elementor-container elementor-column-gap-no\">\n\t\t\t\t\t<div class=\"elementor-column elementor-col-100 elementor-top-column elementor-element elementor-element-30bfbe0e\" data-id=\"30bfbe0e\" data-element_type=\"column\" data-settings=\"{&quot;background_background&quot;:&quot;classic&quot;}\">\n\t\t\t<div class=\"elementor-widget-wrap elementor-element-populated\">\n\t\t\t\t\t\t\t\t<div class=\"elementor-element elementor-element-eced85e elementor-widget elementor-widget-heading\" data-id=\"eced85e\" data-element_type=\"widget\" data-widget_type=\"heading.default\">\n\t\t\t\t<div class=\"elementor-widget-container\">\n\t\t\t<style>\/*! elementor - v3.18.0 - 20-12-2023 *\/\n.elementor-heading-title{padding:0;margin:0;line-height:1}.elementor-widget-heading .elementor-heading-title[class*=elementor-size-]>a{color:inherit;font-size:inherit;line-height:inherit}.elementor-widget-heading .elementor-heading-title.elementor-size-small{font-size:15px}.elementor-widget-heading .elementor-heading-title.elementor-size-medium{font-size:19px}.elementor-widget-heading .elementor-heading-title.elementor-size-large{font-size:29px}.elementor-widget-heading .elementor-heading-title.elementor-size-xl{font-size:39px}.elementor-widget-heading .elementor-heading-title.elementor-size-xxl{font-size:59px}<\/style><h1 class=\"elementor-heading-title elementor-size-default\">Th\u00e0nh Vi\u00ean<\/h1>\t\t<\/div>\n\t\t\t\t<\/div>\n\t\t\t\t<div class=\"elementor-element elementor-element-772485ae jet-breadcrumbs-align-center elementor-widget elementor-widget-jet-breadcrumbs\" data-id=\"772485ae\" data-element_type=\"widget\" data-widget_type=\"jet-breadcrumbs.default\">\n\t\t\t\t<div class=\"elementor-widget-container\">\n\t\t\t<div class=\"elementor-jet-breadcrumbs jet-blocks\">\n\t\t<div class=\"jet-breadcrumbs\">\n\t\t<div class=\"jet-breadcrumbs__content\">\n\t\t<div class=\"jet-breadcrumbs__wrap\"><div class=\"jet-breadcrumbs__item\"><a href=\"https:\/\/atslegal.vn\/vn\/\" class=\"jet-breadcrumbs__item-link is-home\" rel=\"home\" title=\"Trang Ch\u1ee7\">Trang Ch\u1ee7<\/a><\/div>\n\t\t<\/div>\n\t\t<\/div>\n\t\t<\/div><\/div>\t\t<\/div>\n\t\t\t\t<\/div>\n\t\t\t\t<section class=\"elementor-section elementor-inner-section elementor-element elementor-element-a666c8b elementor-section-boxed elementor-section-height-default elementor-section-height-default\" data-id=\"a666c8b\" data-element_type=\"section\">\n\t\t\t\t\t\t<div class=\"elementor-container elementor-column-gap-default\">\n\t\t\t\t\t<div class=\"elementor-column elementor-col-50 elementor-inner-column elementor-element elementor-element-58c82195\" data-id=\"58c82195\" data-element_type=\"column\" data-settings=\"{&quot;background_background&quot;:&quot;classic&quot;}\">\n\t\t\t<div class=\"elementor-widget-wrap elementor-element-populated\">\n\t\t\t\t\t\t\t\t<div class=\"elementor-element elementor-element-5ca5975 elementor-widget__width-initial elementor-widget elementor-widget-image\" data-id=\"5ca5975\" data-element_type=\"widget\" data-widget_type=\"image.default\">\n\t\t\t\t<div class=\"elementor-widget-container\">\n\t\t\t<style>\/*! elementor - v3.18.0 - 20-12-2023 *\/\n.elementor-widget-image{text-align:center}.elementor-widget-image a{display:inline-block}.elementor-widget-image a img[src$=\".svg\"]{width:48px}.elementor-widget-image img{vertical-align:middle;display:inline-block}<\/style>\t\t\t\t\t\t\t\t\t\t\t\t<img loading=\"lazy\" decoding=\"async\" width=\"546\" height=\"546\" src=\"https:\/\/atslegal.vn\/vn\/wp-content\/uploads\/sites\/5\/2026\/01\/Picture1.png\" class=\"attachment-full size-full wp-image-11823\" alt=\"\" srcset=\"https:\/\/atslegal.vn\/vn\/wp-content\/uploads\/sites\/5\/2026\/01\/Picture1.png 546w, https:\/\/atslegal.vn\/vn\/wp-content\/uploads\/sites\/5\/2026\/01\/Picture1-300x300.png 300w, https:\/\/atslegal.vn\/vn\/wp-content\/uploads\/sites\/5\/2026\/01\/Picture1-150x150.png 150w\" sizes=\"(max-width: 546px) 100vw, 546px\" \/>\t\t\t\t\t\t\t\t\t\t\t\t\t\t\t<\/div>\n\t\t\t\t<\/div>\n\t\t\t\t<div class=\"elementor-element elementor-element-738dee97 elementor-widget__width-initial elementor-widget elementor-widget-text-editor\" data-id=\"738dee97\" data-element_type=\"widget\" data-widget_type=\"text-editor.default\">\n\t\t\t\t<div class=\"elementor-widget-container\">\n\t\t\t<style>\/*! elementor - v3.18.0 - 20-12-2023 *\/\n.elementor-widget-text-editor.elementor-drop-cap-view-stacked .elementor-drop-cap{background-color:#69727d;color:#fff}.elementor-widget-text-editor.elementor-drop-cap-view-framed .elementor-drop-cap{color:#69727d;border:3px solid;background-color:transparent}.elementor-widget-text-editor:not(.elementor-drop-cap-view-default) .elementor-drop-cap{margin-top:8px}.elementor-widget-text-editor:not(.elementor-drop-cap-view-default) .elementor-drop-cap-letter{width:1em;height:1em}.elementor-widget-text-editor .elementor-drop-cap{float:left;text-align:center;line-height:1;font-size:50px}.elementor-widget-text-editor .elementor-drop-cap-letter{display:inline-block}<\/style>\t\t\t\t<p><strong>Lu\u1eadt s\u01b0 Ph\u1ea1m Th\u1ecb Nga<\/strong><br \/><span style=\"color: #b2b2b2;\"><span style=\"font-size: 14px;\">Lu\u1eadt s\u01b0 c\u1ed9ng s\u1ef1 cao c\u1ea5p<\/span><\/span><\/p>\t\t\t\t\t\t<\/div>\n\t\t\t\t<\/div>\n\t\t\t\t<div class=\"elementor-element elementor-element-4217c1e5 elementor-align-left elementor-widget__width-initial elementor-icon-list--layout-traditional elementor-list-item-link-full_width elementor-widget elementor-widget-icon-list\" data-id=\"4217c1e5\" data-element_type=\"widget\" data-widget_type=\"icon-list.default\">\n\t\t\t\t<div class=\"elementor-widget-container\">\n\t\t\t<link rel=\"stylesheet\" href=\"https:\/\/atslegal.vn\/vn\/wp-content\/plugins\/elementor\/assets\/css\/widget-icon-list.min.css\">\t\t<ul class=\"elementor-icon-list-items\">\n\t\t\t\t\t\t\t<li class=\"elementor-icon-list-item\">\n\t\t\t\t\t\t\t\t\t\t\t<span class=\"elementor-icon-list-icon\">\n\t\t\t\t\t\t\t\t\t\t\t\t\t<\/span>\n\t\t\t\t\t\t\t\t\t\t<span class=\"elementor-icon-list-text\">+84 37 636 9063<\/span>\n\t\t\t\t\t\t\t\t\t<\/li>\n\t\t\t\t\t\t\t\t<li class=\"elementor-icon-list-item\">\n\t\t\t\t\t\t\t\t\t\t\t<span class=\"elementor-icon-list-icon\">\n\t\t\t\t\t\t\t\t\t\t\t\t\t<\/span>\n\t\t\t\t\t\t\t\t\t\t<span class=\"elementor-icon-list-text\">ngapt@atslegal.vn<\/span>\n\t\t\t\t\t\t\t\t\t<\/li>\n\t\t\t\t\t\t<\/ul>\n\t\t\t\t<\/div>\n\t\t\t\t<\/div>\n\t\t\t\t\t<\/div>\n\t\t<\/div>\n\t\t\t\t<div class=\"elementor-column elementor-col-50 elementor-inner-column elementor-element elementor-element-2ef65c66\" data-id=\"2ef65c66\" data-element_type=\"column\">\n\t\t\t<div class=\"elementor-widget-wrap elementor-element-populated\">\n\t\t\t\t\t\t\t\t<div class=\"elementor-element elementor-element-5bfe6050 elementor-widget elementor-widget-heading\" data-id=\"5bfe6050\" data-element_type=\"widget\" data-widget_type=\"heading.default\">\n\t\t\t\t<div class=\"elementor-widget-container\">\n\t\t\t<h3 class=\"elementor-heading-title elementor-size-default\">Gi\u1edbi Thi\u1ec7u<\/h3>\t\t<\/div>\n\t\t\t\t<\/div>\n\t\t\t\t<div class=\"elementor-element elementor-element-44ce0e79 elementor-widget-divider--view-line elementor-widget elementor-widget-divider\" data-id=\"44ce0e79\" data-element_type=\"widget\" data-widget_type=\"divider.default\">\n\t\t\t\t<div class=\"elementor-widget-container\">\n\t\t\t<style>\/*! elementor - v3.18.0 - 20-12-2023 *\/\n.elementor-widget-divider{--divider-border-style:none;--divider-border-width:1px;--divider-color:#0c0d0e;--divider-icon-size:20px;--divider-element-spacing:10px;--divider-pattern-height:24px;--divider-pattern-size:20px;--divider-pattern-url:none;--divider-pattern-repeat:repeat-x}.elementor-widget-divider .elementor-divider{display:flex}.elementor-widget-divider .elementor-divider__text{font-size:15px;line-height:1;max-width:95%}.elementor-widget-divider .elementor-divider__element{margin:0 var(--divider-element-spacing);flex-shrink:0}.elementor-widget-divider .elementor-icon{font-size:var(--divider-icon-size)}.elementor-widget-divider .elementor-divider-separator{display:flex;margin:0;direction:ltr}.elementor-widget-divider--view-line_icon .elementor-divider-separator,.elementor-widget-divider--view-line_text .elementor-divider-separator{align-items:center}.elementor-widget-divider--view-line_icon .elementor-divider-separator:after,.elementor-widget-divider--view-line_icon .elementor-divider-separator:before,.elementor-widget-divider--view-line_text .elementor-divider-separator:after,.elementor-widget-divider--view-line_text .elementor-divider-separator:before{display:block;content:\"\";border-bottom:0;flex-grow:1;border-top:var(--divider-border-width) var(--divider-border-style) var(--divider-color)}.elementor-widget-divider--element-align-left .elementor-divider .elementor-divider-separator>.elementor-divider__svg:first-of-type{flex-grow:0;flex-shrink:100}.elementor-widget-divider--element-align-left .elementor-divider-separator:before{content:none}.elementor-widget-divider--element-align-left .elementor-divider__element{margin-left:0}.elementor-widget-divider--element-align-right .elementor-divider .elementor-divider-separator>.elementor-divider__svg:last-of-type{flex-grow:0;flex-shrink:100}.elementor-widget-divider--element-align-right .elementor-divider-separator:after{content:none}.elementor-widget-divider--element-align-right .elementor-divider__element{margin-right:0}.elementor-widget-divider:not(.elementor-widget-divider--view-line_text):not(.elementor-widget-divider--view-line_icon) .elementor-divider-separator{border-top:var(--divider-border-width) var(--divider-border-style) var(--divider-color)}.elementor-widget-divider--separator-type-pattern{--divider-border-style:none}.elementor-widget-divider--separator-type-pattern.elementor-widget-divider--view-line .elementor-divider-separator,.elementor-widget-divider--separator-type-pattern:not(.elementor-widget-divider--view-line) .elementor-divider-separator:after,.elementor-widget-divider--separator-type-pattern:not(.elementor-widget-divider--view-line) .elementor-divider-separator:before,.elementor-widget-divider--separator-type-pattern:not([class*=elementor-widget-divider--view]) .elementor-divider-separator{width:100%;min-height:var(--divider-pattern-height);-webkit-mask-size:var(--divider-pattern-size) 100%;mask-size:var(--divider-pattern-size) 100%;-webkit-mask-repeat:var(--divider-pattern-repeat);mask-repeat:var(--divider-pattern-repeat);background-color:var(--divider-color);-webkit-mask-image:var(--divider-pattern-url);mask-image:var(--divider-pattern-url)}.elementor-widget-divider--no-spacing{--divider-pattern-size:auto}.elementor-widget-divider--bg-round{--divider-pattern-repeat:round}.rtl .elementor-widget-divider .elementor-divider__text{direction:rtl}.e-con-inner>.elementor-widget-divider,.e-con>.elementor-widget-divider{width:var(--container-widget-width,100%);--flex-grow:var(--container-widget-flex-grow)}<\/style>\t\t<div class=\"elementor-divider\">\n\t\t\t<span class=\"elementor-divider-separator\">\n\t\t\t\t\t\t<\/span>\n\t\t<\/div>\n\t\t\t\t<\/div>\n\t\t\t\t<\/div>\n\t\t\t\t<div class=\"elementor-element elementor-element-540d9630 elementor-widget elementor-widget-text-editor\" data-id=\"540d9630\" data-element_type=\"widget\" data-widget_type=\"text-editor.default\">\n\t\t\t\t<div class=\"elementor-widget-container\">\n\t\t\t\t\t\t\t<p>V\u1edbi h\u01a1n 05 n\u0103m kinh nghi\u1ec7m l\u00e0m vi\u1ec7c t\u1ea1i c\u00e1c C\u00f4ng ty ph\u00e1t tri\u1ec3n b\u1ea5t \u0111\u1ed9ng s\u1ea3n h\u00e0ng \u0111\u1ea7u v\u00e0 06 n\u0103m h\u00e0nh ngh\u1ec1 t\u1ea1i m\u1ed9t c\u00f4ng ty lu\u1eadt chuy\u00ean nghi\u1ec7p, b\u00e0 Ph\u1ea1m Th\u1ecb Nga c\u00f3ki\u1ebfn th\u1ee9c chuy\u00ean m\u00f4n s\u00e2u r\u1ed9ng trong\u00a0l\u0129nh v\u1ef1c ph\u00e1p l\u00fd b\u1ea5t \u0111\u1ed9ng s\u1ea3n t\u1ea1i Vi\u1ec7t Nam. B\u00e0 \u0111\u00e3 t\u01b0 v\u1ea5n cho nhi\u1ec1u kh\u00e1ch h\u00e0ng trong n\u01b0\u1edbc v\u00e0 qu\u1ed1c t\u1ebf v\u1ec1 c\u00e1c v\u1ea5n \u0111\u1ec1 ph\u00e1p l\u00fd ph\u1ee9c t\u1ea1p li\u00ean quan \u0111\u1ebfn ph\u00e1t tri\u1ec3n d\u1ef1 \u00e1n b\u1ea5t \u0111\u1ed9ng s\u1ea3n (bao g\u1ed3m khung ph\u00e1p l\u00fd cho d\u1ef1 \u00e1n v\u00e0 h\u1ec7 th\u1ed1ng bi\u1ec3u m\u1eabu to\u00e0n di\u1ec7n), h\u1ee3p \u0111\u1ed3ng x\u00e2y d\u1ef1ng, c\u00e1c th\u1ecfa thu\u1eadn t\u00e0i ch\u00ednh v\u00e0 th\u01b0\u01a1ng m\u1ea1i, qu\u1ea3n l\u00fd t\u00e0i s\u1ea3n, c\u0169ng nh\u01b0 gi\u1ea3i quy\u1ebft tranh ch\u1ea5p t\u1ea1i T\u00f2a \u00e1n Vi\u1ec7t Nam v\u00e0 VIAC.<\/p><p>V\u1edbi vai tr\u00f2 l\u00e0 th\u00e0nh vi\u00ean Nh\u00f3m Chuy\u00ean m\u00f4n M&amp;A t\u1ea1i Sun Group v\u00e0 Qu\u1ea3n l\u00fd Ph\u00e1p ch\u1ebf t\u1ea1i Masterise Group, b\u00e0 Nga \u0111\u00f3ng g\u00f3p vai tr\u00f2 trong nhi\u1ec1u\u00a0giao d\u1ecbch M&amp;A b\u1ea5t \u0111\u1ed9ng s\u1ea3n c\u00f3\u00a0gi\u00e1 tr\u1ecb l\u00ean \u0111\u1ebfn h\u00e0ng tr\u0103m tri\u1ec7u USD. Ph\u1ea1m vi c\u00f4ng vi\u1ec7c c\u1ee7a b\u00e0 Nga bao g\u1ed3m: th\u1ea9m \u0111\u1ecbnh ph\u00e1p l\u00fd (LDD), x\u00e2y d\u1ef1ng c\u1ea5u tr\u00fac giao d\u1ecbch, so\u1ea1n th\u1ea3o h\u1ed3 s\u01a1 giao d\u1ecbch, tham gia c\u1ea5u tr\u00fac t\u00e0i ch\u00ednh v\u00e0 huy \u0111\u1ed9ng v\u1ed1n, th\u1ecfa thu\u1eadn t\u00edn d\u1ee5ng, h\u1ee3p \u0111\u1ed3ng h\u1ee3p t\u00e1c kinh doanh (BCC), v\u00e0 th\u1ef1c hi\u1ec7n c\u00e1c th\u1ee7 t\u1ee5c ph\u00e1p l\u00fd nh\u01b0 xin ch\u1ea5p thu\u1eadn ch\u1ee7 tr\u01b0\u01a1ng \u0111\u1ea7u t\u01b0, xin ch\u1ea5p thu\u1eadn giao d\u1ecbch M&amp;A, h\u1ed3 s\u01a1 th\u00f4ng b\u00e1o t\u1eadp trung kinh t\u1ebf cho c\u00e1c giao d\u1ecbch chuy\u1ec3n nh\u01b0\u1ee3ng d\u1ef1 \u00e1n v\u00e0 doanh nghi\u1ec7p, x\u00e2y d\u1ef1ng h\u1ec7 th\u1ed1ng m\u1eabu h\u1ee3p \u0111\u1ed3ng chu\u1ea9n cho ho\u1ea1t \u0111\u1ed9ng mua b\u00e1n s\u1ea3n ph\u1ea9m b\u1ea5t \u0111\u1ed9ng s\u1ea3n cao c\u1ea5p. B\u00ean c\u1ea1nh \u0111\u00f3, b\u00e0 Nga c\u00f2n c\u00f3 kinh nghi\u1ec7m trong l\u0129nh v\u1ef1c qu\u1ea3n l\u00fd v\u00e0 v\u1eadn h\u00e0nh b\u1ea5t \u0111\u1ed9ng s\u1ea3n, bao g\u1ed3m H\u1ee3p \u0111\u1ed3ng qu\u1ea3n l\u00fd kh\u00e1ch s\u1ea1n (HMA) v\u00e0 x\u1eed l\u00fd c\u00e1c v\u1ea5n \u0111\u1ec1 ph\u00e1p l\u00fd ph\u1ee9c t\u1ea1p trong nhi\u1ec1u giai \u0111o\u1ea1n c\u1ee7a d\u1ef1 \u00e1n b\u1ea5t \u0111\u1ed9ng s\u1ea3n.<\/p>\t\t\t\t\t\t<\/div>\n\t\t\t\t<\/div>\n\t\t\t\t\t<\/div>\n\t\t<\/div>\n\t\t\t\t\t\t\t<\/div>\n\t\t<\/section>\n\t\t\t\t<div class=\"elementor-element elementor-element-2d9ecb5f elementor-widget-divider--view-line_text elementor-widget-divider--element-align-center elementor-widget elementor-widget-divider\" data-id=\"2d9ecb5f\" data-element_type=\"widget\" data-widget_type=\"divider.default\">\n\t\t\t\t<div class=\"elementor-widget-container\">\n\t\t\t\t\t<div class=\"elementor-divider\">\n\t\t\t<span class=\"elementor-divider-separator\">\n\t\t\t\t\t\t\t<span class=\"elementor-divider__text elementor-divider__element\">\n\t\t\t\tL\u0128NH V\u1ef0C T\u01af V\u1ea4N\t\t\t\t<\/span>\n\t\t\t\t\t\t<\/span>\n\t\t<\/div>\n\t\t\t\t<\/div>\n\t\t\t\t<\/div>\n\t\t\t\t<div class=\"elementor-element elementor-element-169b9f0a elementor-widget__width-initial list-ct elementor-widget elementor-widget-text-editor\" data-id=\"169b9f0a\" data-element_type=\"widget\" data-widget_type=\"text-editor.default\">\n\t\t\t\t<div class=\"elementor-widget-container\">\n\t\t\t\t\t\t\t<ul><li>B\u1ea5t \u0111\u1ed9ng s\u1ea3n, \u0110\u1ea7u t\u01b0, Doanh nghi\u1ec7p; M&amp;A; \u0110\u1ea5u th\u1ea7u v\u00e0 \u0111\u1ea5u gi\u00e1 d\u1ef1 \u00e1n c\u00f3 s\u1eed d\u1ee5ng \u0111\u1ea5t.<\/li><li>H\u1ee3p \u0111\u1ed3ng (FIDIC, h\u1ee3p \u0111\u1ed3ng EPC, HMA, H\u1ee3p \u0111\u1ed3ng mua b\u00e1n SPA, v.v.)<\/li><li>T\u00e1i c\u1ea5u tr\u00fac doanh nghi\u1ec7p<\/li><li>Tranh t\u1ee5ng<\/li><li>Ngo\u1ea1i ng\u1eef: Ti\u1ebfng Anh v\u00e0 Ti\u1ebfngVi\u1ec7t<\/li><\/ul>\t\t\t\t\t\t<\/div>\n\t\t\t\t<\/div>\n\t\t\t\t<div class=\"elementor-element elementor-element-258027da elementor-widget-divider--view-line_text elementor-widget-divider--element-align-center elementor-widget elementor-widget-divider\" data-id=\"258027da\" data-element_type=\"widget\" data-widget_type=\"divider.default\">\n\t\t\t\t<div class=\"elementor-widget-container\">\n\t\t\t\t\t<div class=\"elementor-divider\">\n\t\t\t<span class=\"elementor-divider-separator\">\n\t\t\t\t\t\t\t<span class=\"elementor-divider__text elementor-divider__element\">\n\t\t\t\tTR\u00ccNH \u0110\u1ed8 H\u1eccC V\u1ea4N\t\t\t\t<\/span>\n\t\t\t\t\t\t<\/span>\n\t\t<\/div>\n\t\t\t\t<\/div>\n\t\t\t\t<\/div>\n\t\t\t\t<div class=\"elementor-element elementor-element-31bd5ad elementor-widget__width-initial list-ct elementor-widget elementor-widget-text-editor\" data-id=\"31bd5ad\" data-element_type=\"widget\" data-widget_type=\"text-editor.default\">\n\t\t\t\t<div class=\"elementor-widget-container\">\n\t\t\t\t\t\t\t<ul><li>C\u1eed nh\u00e2n Lu\u1eadt \u2013 \u0110\u1ea1i h\u1ecdc Lu\u1eadt H\u00e0 N\u1ed9i<\/li><li>Ch\u1ee9ng ch\u1ec9 H\u00e0nh ngh\u1ec1 Lu\u1eadt s\u01b0 \u2013 B\u1ed9 T\u01b0 ph\u00e1p<\/li><li>Th\u1ebb Lu\u1eadt s\u01b0 v\u00e0 Gi\u1ea5y ph\u00e9p H\u00e0nh ngh\u1ec1 Lu\u1eadt s\u01b0 \u2013 Th\u00e0nh vi\u00ean \u0110o\u00e0n Lu\u1eadt s\u01b0 H\u00e0 N\u1ed9i \u2013 Li\u00ean \u0111o\u00e0n Lu\u1eadt s\u01b0 Vi\u1ec7t Nam<\/li><\/ul>\t\t\t\t\t\t<\/div>\n\t\t\t\t<\/div>\n\t\t\t\t<div class=\"elementor-element elementor-element-8a6747a elementor-widget-divider--view-line_text elementor-widget-divider--element-align-center elementor-widget elementor-widget-divider\" data-id=\"8a6747a\" data-element_type=\"widget\" data-widget_type=\"divider.default\">\n\t\t\t\t<div class=\"elementor-widget-container\">\n\t\t\t\t\t<div class=\"elementor-divider\">\n\t\t\t<span class=\"elementor-divider-separator\">\n\t\t\t\t\t\t\t<span class=\"elementor-divider__text elementor-divider__element\">\n\t\t\t\t<span style=\"white-space-collapse: collapse;\">M\u1ed8T S\u1ed0 V\u1ee4 VI\u1ec6C TI\u00caU BI\u1ec2U<\/span>\t\t\t\t<\/span>\n\t\t\t\t\t\t<\/span>\n\t\t<\/div>\n\t\t\t\t<\/div>\n\t\t\t\t<\/div>\n\t\t\t\t<div class=\"elementor-element elementor-element-15e48eaf elementor-widget__width-initial list-ct elementor-widget elementor-widget-text-editor\" data-id=\"15e48eaf\" data-element_type=\"widget\" data-widget_type=\"text-editor.default\">\n\t\t\t\t<div class=\"elementor-widget-container\">\n\t\t\t\t\t\t\t<ul><li>Tham gia th\u1ea9m \u0111\u1ecbnh ph\u00e1p l\u00fd (LDD) cho h\u00e0ng tr\u0103m d\u1ef1 \u00e1n b\u1ea5t \u0111\u1ed9ng s\u1ea3n v\u00e0 th\u00e0nh c\u00f4ng tri\u1ec3n khai nhi\u1ec1u giao d\u1ecbch ti\u00eau bi\u1ec3u nh\u01b0: Sun Hospital, Sun Secret Valley (267 ha), MakaiO Park (36 ha), The Centric, Serena Resort H\u00f2a B\u00ecnh, Malibu, New Ocean City, In Tien Bo Plaza, L\u2019Aurora Ph\u00fa Y\u00ean, t\u00f2a nh\u00e0 cao t\u1ea7ng t\u1ea1i Th\u1ee7 Thi\u00eam &#8211; TP. H\u1ed3 Ch\u00ed Minh, chuy\u1ec3n nh\u01b0\u1ee3ng c\u00f4ng ty d\u1ecbch v\u1ee5 TPA cho T\u1eadp \u0111o\u00e0n Sumitomo\u2026<\/li><li>R\u00e0 so\u00e1t c\u00e1c Th\u1ecfa thu\u1eadn t\u00edn d\u1ee5ng, h\u1ee3p \u0111\u1ed3ng x\u00e2y d\u1ef1ng (theo m\u1eabu FIDIC), c\u00e1c m\u1eabu h\u1ee3p \u0111\u1ed3ng ph\u1ee5c v\u1ee5 cho vi\u1ec7c b\u00e1n h\u00e0ng, gi\u1ea3i quy\u1ebft tranh ch\u1ea5p v\u00e0 c\u00e1c v\u1ea5n \u0111\u1ec1 ph\u00e1p l\u00fd li\u00ean quan cho c\u00e1c d\u1ef1 \u00e1n ti\u00eau bi\u1ec3u nh\u01b0: The Grand Hanoi, Masteri Waterfront Ocean Park, Masteri West Heights, Marina Tower, Sun Grand Boulevard, Y\u00ean B\u00e1i Riverside, L\u2019Aurora Ph\u00fa Y\u00ean, Scenia Nha Trang Bay\u2026<\/li><li>R\u00e0 so\u00e1t, so\u1ea1n th\u1ea3o v\u00e0 \u0111\u00e0m ph\u00e1n c\u00e1c H\u1ee3p \u0111\u1ed3ng qu\u1ea3n l\u00fd kh\u00e1ch s\u1ea1n (HMA) v\u1edbi c\u00e1c th\u01b0\u01a1ng hi\u1ec7u kh\u00e1ch s\u1ea1n qu\u1ed1c t\u1ebf, bao g\u1ed3m JW Marriott, Rixos, Sofitel, IBIS, Melia, New World v\u00e0 IHG.<\/li><li>T\u01b0 v\u1ea5n ph\u00e1p l\u00fd cho giao d\u1ecbch mua b\u00e1n m\u00e1y bay cho Sun Phu Quoc Airways.<\/li><li>T\u01b0 v\u1ea5n c\u00e1c v\u1ea5n \u0111\u1ec1 ph\u00e1p l\u00fd ph\u00e1t sinh t\u1eeb ho\u1ea1t \u0111\u1ed9ng kinh doanh c\u1ee7a t\u1eadp \u0111o\u00e0n b\u1ea5t \u0111\u1ed9ng s\u1ea3n t\u1ea1i Vi\u1ec7t Nam nh\u01b0 Sun Group, KDI Holdings, Cloud Gate Group, Ecopark, Eurowindow Holding, NT Bay\u2026<\/li><\/ul>\t\t\t\t\t\t<\/div>\n\t\t\t\t<\/div>\n\t\t\t\t\t<\/div>\n\t\t<\/div>\n\t\t\t\t\t\t\t<\/div>\n\t\t<\/section>\n\t\t\t\t\t\t\t<\/div>\n\t\t","protected":false},"excerpt":{"rendered":"<p>Th\u00e0nh Vi\u00ean Trang Ch\u1ee7 Lu\u1eadt s\u01b0 Ph\u1ea1m Th\u1ecb NgaLu\u1eadt s\u01b0 c\u1ed9ng s\u1ef1 cao c\u1ea5p +84 37 636 9063 ngapt@atslegal.vn Gi\u1edbi Thi\u1ec7u V\u1edbi h\u01a1n 05 n\u0103m kinh nghi\u1ec7m l\u00e0m vi\u1ec7c t\u1ea1i c\u00e1c C\u00f4ng ty ph\u00e1t tri\u1ec3n b\u1ea5t \u0111\u1ed9ng s\u1ea3n h\u00e0ng \u0111\u1ea7u v\u00e0 06 n\u0103m h\u00e0nh ngh\u1ec1 t\u1ea1i m\u1ed9t c\u00f4ng ty lu\u1eadt chuy\u00ean nghi\u1ec7p, b\u00e0 Ph\u1ea1m Th\u1ecb [&hellip;]<\/p>\n","protected":false},"author":4,"featured_media":0,"parent":7687,"menu_order":0,"comment_status":"closed","ping_status":"closed","template":"elementor_header_footer","meta":{"footnotes":""},"_links":{"self":[{"href":"https:\/\/atslegal.vn\/vn\/wp-json\/wp\/v2\/pages\/11817"}],"collection":[{"href":"https:\/\/atslegal.vn\/vn\/wp-json\/wp\/v2\/pages"}],"about":[{"href":"https:\/\/atslegal.vn\/vn\/wp-json\/wp\/v2\/types\/page"}],"author":[{"embeddable":true,"href":"https:\/\/atslegal.vn\/vn\/wp-json\/wp\/v2\/users\/4"}],"replies":[{"embeddable":true,"href":"https:\/\/atslegal.vn\/vn\/wp-json\/wp\/v2\/comments?post=11817"}],"version-history":[{"count":4,"href":"https:\/\/atslegal.vn\/vn\/wp-json\/wp\/v2\/pages\/11817\/revisions"}],"predecessor-version":[{"id":11826,"href":"https:\/\/atslegal.vn\/vn\/wp-json\/wp\/v2\/pages\/11817\/revisions\/11826"}],"up":[{"embeddable":true,"href":"https:\/\/atslegal.vn\/vn\/wp-json\/wp\/v2\/pages\/7687"}],"wp:attachment":[{"href":"https:\/\/atslegal.vn\/vn\/wp-json\/wp\/v2\/media?parent=11817"}],"curies":[{"name":"wp","href":"https:\/\/api.w.org\/{rel}","templated":true}]}}