{"id":7500,"date":"2022-09-02T16:47:43","date_gmt":"2022-09-02T09:47:43","guid":{"rendered":"https:\/\/atslegal.vn\/vn\/?page_id=7500"},"modified":"2023-07-21T18:01:12","modified_gmt":"2023-07-21T11:01:12","slug":"quan-tri-doanh-nghiep","status":"publish","type":"page","link":"https:\/\/atslegal.vn\/vn\/quan-tri-doanh-nghiep\/","title":{"rendered":"Qu\u1ea3n tr\u1ecb doanh nghi\u1ec7p"},"content":{"rendered":"\t\t<div data-elementor-type=\"wp-page\" data-elementor-id=\"7500\" class=\"elementor elementor-7500\">\n\t\t\t\t\t\t\t\t\t<section class=\"elementor-section elementor-top-section elementor-element elementor-element-83f9bb4 elementor-section-height-min-height elementor-section-boxed elementor-section-height-default elementor-section-items-middle\" data-id=\"83f9bb4\" data-element_type=\"section\" data-settings=\"{&quot;background_background&quot;:&quot;classic&quot;}\">\n\t\t\t\t\t\t<div class=\"elementor-container elementor-column-gap-no\">\n\t\t\t\t\t<div class=\"elementor-column elementor-col-100 elementor-top-column elementor-element elementor-element-4ccb40f\" data-id=\"4ccb40f\" data-element_type=\"column\">\n\t\t\t<div class=\"elementor-widget-wrap elementor-element-populated\">\n\t\t\t\t\t\t\t\t<div class=\"elementor-element elementor-element-82019c9 elementor-widget elementor-widget-heading\" data-id=\"82019c9\" data-element_type=\"widget\" data-widget_type=\"heading.default\">\n\t\t\t\t<div class=\"elementor-widget-container\">\n\t\t\t<style>\/*! elementor - v3.18.0 - 20-12-2023 *\/\n.elementor-heading-title{padding:0;margin:0;line-height:1}.elementor-widget-heading .elementor-heading-title[class*=elementor-size-]>a{color:inherit;font-size:inherit;line-height:inherit}.elementor-widget-heading .elementor-heading-title.elementor-size-small{font-size:15px}.elementor-widget-heading .elementor-heading-title.elementor-size-medium{font-size:19px}.elementor-widget-heading .elementor-heading-title.elementor-size-large{font-size:29px}.elementor-widget-heading .elementor-heading-title.elementor-size-xl{font-size:39px}.elementor-widget-heading .elementor-heading-title.elementor-size-xxl{font-size:59px}<\/style><h1 class=\"elementor-heading-title elementor-size-default\">Qu\u1ea3n Tr\u1ecb Doanh Nghi\u1ec7p<\/h1>\t\t<\/div>\n\t\t\t\t<\/div>\n\t\t\t\t<div class=\"elementor-element elementor-element-98c0cca elementor-widget__width-initial elementor-widget elementor-widget-text-editor\" data-id=\"98c0cca\" data-element_type=\"widget\" data-widget_type=\"text-editor.default\">\n\t\t\t\t<div class=\"elementor-widget-container\">\n\t\t\t<style>\/*! elementor - v3.18.0 - 20-12-2023 *\/\n.elementor-widget-text-editor.elementor-drop-cap-view-stacked .elementor-drop-cap{background-color:#69727d;color:#fff}.elementor-widget-text-editor.elementor-drop-cap-view-framed .elementor-drop-cap{color:#69727d;border:3px solid;background-color:transparent}.elementor-widget-text-editor:not(.elementor-drop-cap-view-default) .elementor-drop-cap{margin-top:8px}.elementor-widget-text-editor:not(.elementor-drop-cap-view-default) .elementor-drop-cap-letter{width:1em;height:1em}.elementor-widget-text-editor .elementor-drop-cap{float:left;text-align:center;line-height:1;font-size:50px}.elementor-widget-text-editor .elementor-drop-cap-letter{display:inline-block}<\/style>\t\t\t\t<p>Ch\u00fang t\u00f4i t\u01b0 v\u1ea5n kh\u00f4ng ch\u1ec9 v\u1ec1 t\u1ea5t c\u1ea3 c\u00e1c kh\u00eda c\u1ea1nh ph\u00e1p l\u00fd c\u1ee7a ho\u1ea1t \u0111\u1ed9ng kinh doanh, m\u00e0 c\u00f2n v\u1ec1 c\u00e1c th\u00e1ch th\u1ee9c v\u1ec1 ph\u00e1p l\u00fd v\u00e0 ch\u00ednh s\u00e1ch m\u00e0 doanh nghi\u1ec7p ph\u1ea3i \u0111\u1ed1i m\u1eb7t. Lu\u1eadt s\u01b0 doanh nghi\u1ec7p c\u1ee7a ch\u00fang t\u00f4i c\u00f3 nhi\u1ec1u n\u0103m kinh nghi\u1ec7m ho\u1ea1t \u0111\u1ed9ng trong nhi\u1ec1u l\u0129nh v\u1ef1c, c\u00f3 th\u1ec3 cung c\u1ea5p cho kh\u00e1ch h\u00e0ng l\u1eddi khuy\u00ean to\u00e0n di\u1ec7n v\u1ec1 c\u00e1c v\u1ea5n \u0111\u1ec1 qu\u1ea3n tr\u1ecb v\u00e0 tu\u00e2n th\u1ee7 doanh nghi\u1ec7p, gi\u00fap gi\u1ea3m thi\u1ec3u r\u1ee7i ro ti\u1ec1m t\u00e0ng trong ho\u1ea1t \u0111\u1ed9ng kinh doanh.<\/p>\t\t\t\t\t\t<\/div>\n\t\t\t\t<\/div>\n\t\t\t\t\t<\/div>\n\t\t<\/div>\n\t\t\t\t\t\t\t<\/div>\n\t\t<\/section>\n\t\t\t\t<section class=\"elementor-section elementor-top-section elementor-element elementor-element-454fc07 elementor-reverse-tablet elementor-reverse-mobile elementor-section-boxed elementor-section-height-default elementor-section-height-default\" data-id=\"454fc07\" data-element_type=\"section\">\n\t\t\t\t\t\t<div class=\"elementor-container elementor-column-gap-no\">\n\t\t\t\t\t<div class=\"elementor-column elementor-col-66 elementor-top-column elementor-element elementor-element-2b17691\" data-id=\"2b17691\" data-element_type=\"column\">\n\t\t\t<div class=\"elementor-widget-wrap elementor-element-populated\">\n\t\t\t\t\t\t\t\t<section class=\"elementor-section elementor-inner-section elementor-element elementor-element-56f1e87 elementor-section-boxed elementor-section-height-default elementor-section-height-default\" data-id=\"56f1e87\" data-element_type=\"section\" id=\"sv-enterprise\">\n\t\t\t\t\t\t<div class=\"elementor-container elementor-column-gap-default\">\n\t\t\t\t\t<div class=\"elementor-column elementor-col-100 elementor-inner-column elementor-element elementor-element-5507025\" data-id=\"5507025\" data-element_type=\"column\" data-settings=\"{&quot;background_background&quot;:&quot;classic&quot;}\">\n\t\t\t<div class=\"elementor-widget-wrap elementor-element-populated\">\n\t\t\t\t\t\t\t\t<div class=\"elementor-element elementor-element-e22ab3c elementor-widget-mobile__width-initial elementor-widget elementor-widget-heading\" data-id=\"e22ab3c\" data-element_type=\"widget\" data-widget_type=\"heading.default\">\n\t\t\t\t<div class=\"elementor-widget-container\">\n\t\t\t<h3 class=\"elementor-heading-title elementor-size-default\">Qu\u1ea3n Tr\u1ecb Doanh Nghi\u1ec7p<\/h3>\t\t<\/div>\n\t\t\t\t<\/div>\n\t\t\t\t<div class=\"elementor-element elementor-element-fc0a969 list-ct elementor-widget elementor-widget-text-editor\" data-id=\"fc0a969\" data-element_type=\"widget\" data-widget_type=\"text-editor.default\">\n\t\t\t\t<div class=\"elementor-widget-container\">\n\t\t\t\t\t\t\t<p style=\"margin: 0cm;margin-bottom: .0001pt;line-height: 150%;background: white;vertical-align: baseline\"><span lang=\"EN-US\">Ch\u00fang t\u00f4i cung c\u1ea5p c\u00e1c gi\u1ea3i ph\u00e1p ph\u00f9 h\u1ee3p v\u1edbi t\u1eebng kh\u00e1ch h\u00e0ng, d\u1ef1a tr\u00ean nhu c\u1ea7u qu\u1ea3n l\u00fd doanh nghi\u1ec7p, \u0111\u1ec3 kh\u00e1ch h\u00e0ng t\u1eadp trung v\u00e0o ho\u1ea1t \u0111\u1ed9ng kinh doanh c\u1ed1t l\u00f5i.<\/span><\/p><p style=\"margin: 0cm;margin-bottom: .0001pt;line-height: 150%;background: white;vertical-align: baseline\"><span lang=\"EN-US\">Ch\u00fang t\u00f4i s\u1eb5n s\u00e0ng t\u01b0 v\u1ea5n x\u1eed l\u00fd c\u00e1c v\u1ea5n \u0111\u1ec1 ph\u00e1p l\u00fd ph\u00e1t sinh \u1edf t\u1ea5t c\u1ea3 c\u00e1c giai \u0111o\u1ea1n ho\u1ea1t \u0111\u1ed9ng c\u1ee7a c\u00f4ng ty, t\u1eeb khi th\u00e0nh l\u1eadp \u0111\u1ebfn khi d\u1eebng ho\u1ea1t \u0111\u1ed9ng. D\u1ecbch v\u1ee5 c\u1ee7a ch\u00fang t\u00f4i bao g\u1ed3m t\u1eeb vi\u1ec7c th\u00e0nh l\u1eadp c\u00f4ng ty, t\u01b0 v\u1ea5n v\u1ec1 c\u00e1c d\u1ef1 \u00e1n \u0111\u1ea7u t\u01b0, thu\u1ebf, tu\u00e2n th\u1ee7 ph\u00e1p lu\u1eadt, mua b\u00e1n v\u00e0 s\u00e1p nh\u1eadp, s\u1eafp x\u1ebfp l\u1ea1i v\u00e0 t\u00e1i c\u1ea5u tr\u00fac, gi\u1ea3i quy\u1ebft tranh ch\u1ea5p, ph\u00e1 s\u1ea3n v\u00e0 gi\u1ea3i th\u1ec3.<\/span><\/p><p style=\"margin: 0cm;margin-bottom: .0001pt;line-height: 150%;background: white;vertical-align: baseline\"><span lang=\"EN-US\">Kinh nghi\u1ec7m c\u1ee7a ch\u00fang t\u00f4i bao g\u1ed3m h\u1ed7 tr\u1ee3 kh\u00e1ch h\u00e0ng trong vi\u1ec7c c\u1ea5u tr\u00fac c\u00e1c giao d\u1ecbch ph\u00f9 h\u1ee3p v\u1edbi quy \u0111\u1ecbnh hi\u1ec7n h\u00e0nh, v\u00e0 ti\u1ebfn h\u00e0nh c\u00e1c th\u1ea9m \u0111\u1ecbnh chi ti\u1ebft \u0111\u1ec3 chu\u1ea9n b\u1ecb cho c\u00e1c giao d\u1ecbch. Ch\u00fang t\u00f4i c\u00f3 th\u1ec3 h\u1ed7 tr\u1ee3 kh\u00e1ch h\u00e0ng \u0111\u00e0m ph\u00e1n h\u1ee3p \u0111\u1ed3ng v\u00e0 ho\u00e0n thi\u1ec7n t\u1ea5t c\u1ea3 c\u00e1c lo\u1ea1i h\u1ed3 s\u01a1 t\u00e0i li\u1ec7u li\u00ean quan nh\u01b0 c\u00e1c v\u0103n b\u1ea3n giao d\u1ecbch, t\u00e0i li\u1ec7u kinh doanh, bao g\u1ed3m c\u00e1c t\u00e0i li\u1ec7u trong c\u00e1c l\u0129nh v\u1ef1c ho\u1ea1t \u0111\u1ed9ng chuy\u00ean bi\u1ec7t.<span style=\"color: black\">\u00a0<\/span><\/span><\/p>\t\t\t\t\t\t<\/div>\n\t\t\t\t<\/div>\n\t\t\t\t\t<\/div>\n\t\t<\/div>\n\t\t\t\t\t\t\t<\/div>\n\t\t<\/section>\n\t\t\t\t<section class=\"elementor-section elementor-inner-section elementor-element elementor-element-45a5c2b elementor-section-boxed elementor-section-height-default elementor-section-height-default\" data-id=\"45a5c2b\" data-element_type=\"section\" id=\"sv-structure\">\n\t\t\t\t\t\t<div class=\"elementor-container elementor-column-gap-default\">\n\t\t\t\t\t<div class=\"elementor-column elementor-col-100 elementor-inner-column elementor-element elementor-element-27de9d3\" data-id=\"27de9d3\" data-element_type=\"column\" data-settings=\"{&quot;background_background&quot;:&quot;classic&quot;}\">\n\t\t\t<div class=\"elementor-widget-wrap elementor-element-populated\">\n\t\t\t\t\t\t\t\t<div class=\"elementor-element elementor-element-9031afe elementor-widget-mobile__width-initial elementor-widget elementor-widget-heading\" data-id=\"9031afe\" data-element_type=\"widget\" data-widget_type=\"heading.default\">\n\t\t\t\t<div class=\"elementor-widget-container\">\n\t\t\t<h3 class=\"elementor-heading-title elementor-size-default\">C\u01a1 C\u1ea5u T\u1ed5 Ch\u1ee9c &amp; Qu\u1ea3n Tr\u1ecb Doanh Nghi\u1ec7p<\/h3>\t\t<\/div>\n\t\t\t\t<\/div>\n\t\t\t\t<div class=\"elementor-element elementor-element-f5b28a8 list-ct elementor-widget elementor-widget-text-editor\" data-id=\"f5b28a8\" data-element_type=\"widget\" data-widget_type=\"text-editor.default\">\n\t\t\t\t<div class=\"elementor-widget-container\">\n\t\t\t\t\t\t\t<p>C\u01a1 c\u1ea5u t\u1ed5 ch\u1ee9c v\u00e0 qu\u1ea3n tr\u1ecb doanh nghi\u1ec7p lu\u00f4n \u0111\u00f3ng vai tr\u00f2 quan tr\u1ecdng \u0111\u1ed1i v\u1edbi hi\u1ec7u qu\u1ea3 kinh doanh v\u00e0 th\u00e0nh c\u00f4ng c\u1ee7a m\u1ed9t doanh nghi\u1ec7p.\u00a0C\u00e1c lu\u1eadt s\u01b0 c\u1ee7a ch\u00fang t\u00f4i lu\u00f4n cung c\u1ea5p cho kh\u00e1ch h\u00e0ng c\u00e1c gi\u1ea3i ph\u00e1p qu\u1ea3n tr\u1ecb v\u00e0 t\u00e1i c\u1ea5u tr\u00fac doanh nghi\u1ec7p to\u00e0n di\u1ec7n v\u00e0 hi\u1ec7u qu\u1ea3 nh\u1ea5t. Ch\u00fang t\u00f4i \u0111\u00e1nh gi\u00e1 vi\u1ec7c tu\u00e2n th\u1ee7 c\u00e1c quy tr\u00ecnh n\u1ed9i b\u1ed9 v\u1edbi c\u00e1c quy \u0111\u1ecbnh c\u00f3 li\u00ean quan \u0111\u1ec3 gi\u1ea3m thi\u1ec3u r\u1ee7i ro; h\u1ed7 tr\u1ee3 kh\u00e1ch h\u00e0ng \u0111\u00e1nh gi\u00e1 hi\u1ec7u qu\u1ea3 c\u01a1 c\u1ea5u t\u1ed5 ch\u1ee9c, v\u00e0 th\u1ef1c hi\u1ec7n s\u1eafp x\u1ebfp c\u01a1 c\u1ea5u t\u1ed5 ch\u1ee9c v\u00e0 t\u00e1i c\u1ea5u tr\u00fac \u0111\u1ec3 c\u00e1c ho\u1ea1t \u0111\u1ed9ng kinh doanh \u0111\u01b0\u1ee3c hi\u1ec7u qu\u1ea3 t\u1ed1t h\u01a1n.<\/p><p>\u0110\u1ed9i ng\u0169 c\u1ee7a ch\u00fang t\u00f4i t\u1eadp trung v\u00e0o:<\/p><ul><li>\u0110\u00e1nh gi\u00e1 c\u01a1 c\u1ea5u t\u1ed5 ch\u1ee9c hi\u1ec7n c\u00f3 v\u00e0 c\u00e1c ho\u1ea1t \u0111\u1ed9ng kinh doanh<\/li><li>\u0110\u1ec1 xu\u1ea5t c\u00e1c h\u00ecnh th\u1ee9c t\u1ed5 ch\u1ee9c l\u1ea1i doanh nghi\u1ec7p<\/li><li>C\u00e1c th\u1ee7 t\u1ee5c li\u00ean quan \u0111\u1ebfn t\u1ed5 ch\u1ee9c l\u1ea1i v\u00e0 t\u00e1i c\u01a1 c\u1ea5u ho\u1ea1t \u0111\u1ed9ng kinh doanh<\/li><li>Thay \u0111\u1ed5i c\u01a1 c\u1ea5u s\u1edf h\u1eefu c\u1ee7a doanh nghi\u1ec7p<\/li><li>Thay \u0111\u1ed5i ho\u1ea1t \u0111\u1ed9ng kinh doanh c\u1ee7a doanh nghi\u1ec7p.<\/li><\/ul>\t\t\t\t\t\t<\/div>\n\t\t\t\t<\/div>\n\t\t\t\t\t<\/div>\n\t\t<\/div>\n\t\t\t\t\t\t\t<\/div>\n\t\t<\/section>\n\t\t\t\t<section class=\"elementor-section elementor-inner-section elementor-element elementor-element-f0ad032 elementor-section-boxed elementor-section-height-default elementor-section-height-default\" data-id=\"f0ad032\" data-element_type=\"section\" id=\"sv-corporate\">\n\t\t\t\t\t\t<div class=\"elementor-container elementor-column-gap-default\">\n\t\t\t\t\t<div class=\"elementor-column elementor-col-100 elementor-inner-column elementor-element elementor-element-84ea9b0\" data-id=\"84ea9b0\" data-element_type=\"column\" data-settings=\"{&quot;background_background&quot;:&quot;classic&quot;}\">\n\t\t\t<div class=\"elementor-widget-wrap elementor-element-populated\">\n\t\t\t\t\t\t\t\t<div class=\"elementor-element elementor-element-ee5bbf3 elementor-widget-mobile__width-initial elementor-widget elementor-widget-heading\" data-id=\"ee5bbf3\" data-element_type=\"widget\" data-widget_type=\"heading.default\">\n\t\t\t\t<div class=\"elementor-widget-container\">\n\t\t\t<h3 class=\"elementor-heading-title elementor-size-default\">T\u01b0 V\u1ea5n Doanh Nghi\u1ec7p &amp; Tu\u00e2n Th\u1ee7 Ph\u00e1p Lu\u1eadt <\/h3>\t\t<\/div>\n\t\t\t\t<\/div>\n\t\t\t\t<div class=\"elementor-element elementor-element-2adc3e8 list-ct elementor-widget elementor-widget-text-editor\" data-id=\"2adc3e8\" data-element_type=\"widget\" data-widget_type=\"text-editor.default\">\n\t\t\t\t<div class=\"elementor-widget-container\">\n\t\t\t\t\t\t\t<p>Ch\u00fang t\u00f4i t\u01b0 v\u1ea5n kh\u00f4ng ch\u1ec9 v\u1ec1 t\u1ea5t c\u1ea3 c\u00e1c kh\u00eda c\u1ea1nh ph\u00e1p l\u00fd c\u1ee7a ho\u1ea1t \u0111\u1ed9ng kinh doanh, m\u00e0 c\u00f2n v\u1ec1 c\u00e1c v\u1ea5n \u0111\u1ec1 v\u1ec1 ph\u00e1p l\u00fd v\u00e0 ch\u00ednh s\u00e1ch m\u00e0 doanh nghi\u1ec7p ph\u1ea3i \u0111\u1ed1i m\u1eb7t. Lu\u1eadt s\u01b0 doanh nghi\u1ec7p c\u1ee7a ch\u00fang t\u00f4i c\u00f3 nhi\u1ec1u n\u0103m kinh nghi\u1ec7m ho\u1ea1t \u0111\u1ed9ng trong nhi\u1ec1u l\u0129nh v\u1ef1c \u0111a d\u1ea1ng, c\u00f3 th\u1ec3 cung c\u1ea5p cho kh\u00e1ch h\u00e0ng c\u00e1c \u00fd ki\u1ebfn t\u01b0 v\u1ea5n to\u00e0n di\u1ec7n v\u1ec1 c\u00e1c v\u1ea5n \u0111\u1ec1 qu\u1ea3n tr\u1ecb v\u00e0 tu\u00e2n th\u1ee7 doanh nghi\u1ec7p, gi\u00fap gi\u1ea3m thi\u1ec3u r\u1ee7i ro ph\u00e1p l\u00fd ti\u1ec1m t\u00e0ng trong ho\u1ea1t \u0111\u1ed9ng kinh doanh.<\/p><p>Ch\u00fang t\u00f4i \u0111\u1ea1i di\u1ec7n cho nhi\u1ec1u c\u00f4ng ty c\u00f3 v\u1ed1n \u0111\u1ea7u t\u01b0 n\u01b0\u1edbc ngo\u00e0i v\u00e0 doanh nghi\u1ec7p trong n\u01b0\u1edbc,\u00a0 t\u01b0 v\u1ea5n, h\u1ed7 tr\u1ee3 th\u1ef1c hi\u1ec7n vi\u1ec7c x\u00e2y d\u1ef1ng v\u00e0 r\u00e0 so\u00e1t k\u1ebf ho\u1ea1ch th\u1ef1c hi\u1ec7n \u0111\u1ec3 \u0111\u00e1p \u1ee9ng c\u00e1c ti\u00eau chu\u1ea9n c\u1ea7n thi\u1ebft tr\u00ean c\u01a1 s\u1edf c\u01a1 c\u1ea5u t\u1ed5 ch\u1ee9c, c\u01a1 ch\u1ebf qu\u1ea3n l\u00fd, v\u0103n h\u00f3a doanh nghi\u1ec7p v\u00e0 c\u00e1c y\u00eau c\u1ea7u c\u1ee5 th\u1ec3 c\u1ee7a kh\u00e1ch h\u00e0ng.<\/p><p>\u0110\u1ed9i ng\u0169 c\u1ee7a ch\u00fang t\u00f4i t\u1eadp trung v\u00e0o:<\/p><ul><li>Tu\u00e2n th\u1ee7 v\u1ec1 ch\u1ed1ng \u0111\u1ed9c quy\u1ec1n<\/li><li>T\u1ed5 ch\u1ee9c kinh doanh v\u00e0 c\u00e1c m\u00f4 h\u00ecnh qu\u1ea3n l\u00fd<\/li><li>T\u00e1i c\u1ea5u tr\u00fac doanh nghi\u1ec7p<\/li><li>C\u00e1c d\u1ecbch v\u1ee5 th\u00e2m nh\u1eadp th\u1ecb tr\u01b0\u1eddng<\/li><li>C\u00e1c v\u1ea5n \u0111\u1ec1 v\u1ec1 qu\u1ea3n tr\u1ecb doanh nghi\u1ec7p, bao g\u1ed3m x\u00e2y d\u1ef1ng quy tr\u00ecnh, ch\u00ednh s\u00e1ch qu\u1ea3n tr\u1ecb, h\u1ec7 th\u1ed1ng t\u1ef1 \u0111\u00e1nh gi\u00e1<\/li><li>C\u00e1c kh\u00eda c\u1ea1nh c\u1ee7a qu\u1ea3n tr\u1ecb doanh nghi\u1ec7p, bao g\u1ed3m c\u1ea3 vi\u1ec7c x\u00e2y d\u1ef1ng c\u00e1c h\u01b0\u1edbng d\u1eabn v\u00e0 ch\u00ednh s\u00e1ch, h\u1ec7 th\u1ed1ng t\u1ef1 \u0111\u00e1nh gi\u00e1, v\u00e0 k\u1ebf ho\u1ea1ch khi c\u00f3 s\u1ef1 thay \u0111\u1ed5i ph\u00e1p lu\u1eadt<\/li><li>C\u00e1c d\u1ecbch v\u1ee5 t\u01b0 v\u1ea5n th\u01b0\u1eddng xuy\u00ean<\/li><li>Tu\u00e2n th\u1ee7 c\u00e1c y\u00eau c\u1ea7u ph\u00e1p l\u00fd v\u00e0 \u0111\u1ea1o \u0111\u1ee9c<\/li><li>Qu\u1ea3n tr\u1ecb r\u1ee7i ro.\u00a0 \u00a0<\/li><\/ul>\t\t\t\t\t\t<\/div>\n\t\t\t\t<\/div>\n\t\t\t\t\t<\/div>\n\t\t<\/div>\n\t\t\t\t\t\t\t<\/div>\n\t\t<\/section>\n\t\t\t\t\t<\/div>\n\t\t<\/div>\n\t\t\t\t<div class=\"elementor-column elementor-col-33 elementor-top-column elementor-element elementor-element-0373698\" data-id=\"0373698\" data-element_type=\"column\">\n\t\t\t<div class=\"elementor-widget-wrap elementor-element-populated\">\n\t\t\t\t\t\t\t\t<section class=\"elementor-section elementor-inner-section elementor-element elementor-element-8794bd5 services-bar elementor-section-boxed elementor-section-height-default elementor-section-height-default\" data-id=\"8794bd5\" data-element_type=\"section\">\n\t\t\t\t\t\t<div class=\"elementor-container elementor-column-gap-default\">\n\t\t\t\t\t<div class=\"elementor-column elementor-col-100 elementor-inner-column elementor-element elementor-element-5cd255b\" data-id=\"5cd255b\" data-element_type=\"column\" data-settings=\"{&quot;background_background&quot;:&quot;classic&quot;}\">\n\t\t\t<div class=\"elementor-widget-wrap elementor-element-populated\">\n\t\t\t\t\t\t\t\t<div class=\"elementor-element elementor-element-c48e94c elementor-widget elementor-widget-heading\" data-id=\"c48e94c\" data-element_type=\"widget\" data-widget_type=\"heading.default\">\n\t\t\t\t<div class=\"elementor-widget-container\">\n\t\t\t<div class=\"elementor-heading-title elementor-size-default\">Qu\u1ea3n tr\u1ecb doanh nghi\u1ec7p<\/div>\t\t<\/div>\n\t\t\t\t<\/div>\n\t\t\t\t<div class=\"elementor-element elementor-element-ff71ef8 elementor-widget-divider--view-line elementor-widget elementor-widget-divider\" data-id=\"ff71ef8\" data-element_type=\"widget\" data-widget_type=\"divider.default\">\n\t\t\t\t<div class=\"elementor-widget-container\">\n\t\t\t<style>\/*! elementor - v3.18.0 - 20-12-2023 *\/\n.elementor-widget-divider{--divider-border-style:none;--divider-border-width:1px;--divider-color:#0c0d0e;--divider-icon-size:20px;--divider-element-spacing:10px;--divider-pattern-height:24px;--divider-pattern-size:20px;--divider-pattern-url:none;--divider-pattern-repeat:repeat-x}.elementor-widget-divider .elementor-divider{display:flex}.elementor-widget-divider .elementor-divider__text{font-size:15px;line-height:1;max-width:95%}.elementor-widget-divider .elementor-divider__element{margin:0 var(--divider-element-spacing);flex-shrink:0}.elementor-widget-divider .elementor-icon{font-size:var(--divider-icon-size)}.elementor-widget-divider .elementor-divider-separator{display:flex;margin:0;direction:ltr}.elementor-widget-divider--view-line_icon .elementor-divider-separator,.elementor-widget-divider--view-line_text .elementor-divider-separator{align-items:center}.elementor-widget-divider--view-line_icon .elementor-divider-separator:after,.elementor-widget-divider--view-line_icon .elementor-divider-separator:before,.elementor-widget-divider--view-line_text .elementor-divider-separator:after,.elementor-widget-divider--view-line_text .elementor-divider-separator:before{display:block;content:\"\";border-bottom:0;flex-grow:1;border-top:var(--divider-border-width) var(--divider-border-style) var(--divider-color)}.elementor-widget-divider--element-align-left .elementor-divider .elementor-divider-separator>.elementor-divider__svg:first-of-type{flex-grow:0;flex-shrink:100}.elementor-widget-divider--element-align-left .elementor-divider-separator:before{content:none}.elementor-widget-divider--element-align-left .elementor-divider__element{margin-left:0}.elementor-widget-divider--element-align-right .elementor-divider .elementor-divider-separator>.elementor-divider__svg:last-of-type{flex-grow:0;flex-shrink:100}.elementor-widget-divider--element-align-right .elementor-divider-separator:after{content:none}.elementor-widget-divider--element-align-right .elementor-divider__element{margin-right:0}.elementor-widget-divider:not(.elementor-widget-divider--view-line_text):not(.elementor-widget-divider--view-line_icon) .elementor-divider-separator{border-top:var(--divider-border-width) var(--divider-border-style) var(--divider-color)}.elementor-widget-divider--separator-type-pattern{--divider-border-style:none}.elementor-widget-divider--separator-type-pattern.elementor-widget-divider--view-line .elementor-divider-separator,.elementor-widget-divider--separator-type-pattern:not(.elementor-widget-divider--view-line) .elementor-divider-separator:after,.elementor-widget-divider--separator-type-pattern:not(.elementor-widget-divider--view-line) .elementor-divider-separator:before,.elementor-widget-divider--separator-type-pattern:not([class*=elementor-widget-divider--view]) .elementor-divider-separator{width:100%;min-height:var(--divider-pattern-height);-webkit-mask-size:var(--divider-pattern-size) 100%;mask-size:var(--divider-pattern-size) 100%;-webkit-mask-repeat:var(--divider-pattern-repeat);mask-repeat:var(--divider-pattern-repeat);background-color:var(--divider-color);-webkit-mask-image:var(--divider-pattern-url);mask-image:var(--divider-pattern-url)}.elementor-widget-divider--no-spacing{--divider-pattern-size:auto}.elementor-widget-divider--bg-round{--divider-pattern-repeat:round}.rtl .elementor-widget-divider .elementor-divider__text{direction:rtl}.e-con-inner>.elementor-widget-divider,.e-con>.elementor-widget-divider{width:var(--container-widget-width,100%);--flex-grow:var(--container-widget-flex-grow)}<\/style>\t\t<div class=\"elementor-divider\">\n\t\t\t<span class=\"elementor-divider-separator\">\n\t\t\t\t\t\t<\/span>\n\t\t<\/div>\n\t\t\t\t<\/div>\n\t\t\t\t<\/div>\n\t\t\t\t<div class=\"elementor-element elementor-element-6dba4ca elementor-mobile-align-left elementor-icon-list--layout-traditional elementor-list-item-link-full_width elementor-widget elementor-widget-icon-list\" data-id=\"6dba4ca\" data-element_type=\"widget\" data-widget_type=\"icon-list.default\">\n\t\t\t\t<div class=\"elementor-widget-container\">\n\t\t\t<link rel=\"stylesheet\" href=\"https:\/\/atslegal.vn\/vn\/wp-content\/plugins\/elementor\/assets\/css\/widget-icon-list.min.css\">\t\t<ul class=\"elementor-icon-list-items\">\n\t\t\t\t\t\t\t<li class=\"elementor-icon-list-item\">\n\t\t\t\t\t\t\t\t\t\t\t<a href=\"#sv-enterprise\">\n\n\t\t\t\t\t\t\t\t\t\t\t<span class=\"elementor-icon-list-text\">Qu\u1ea3n tr\u1ecb doanh nghi\u1ec7p<\/span>\n\t\t\t\t\t\t\t\t\t\t\t<\/a>\n\t\t\t\t\t\t\t\t\t<\/li>\n\t\t\t\t\t\t\t\t<li class=\"elementor-icon-list-item\">\n\t\t\t\t\t\t\t\t\t\t\t<a href=\"#sv-structure\">\n\n\t\t\t\t\t\t\t\t\t\t\t<span class=\"elementor-icon-list-text\">C\u01a1 c\u1ea5u t\u1ed5 ch\u1ee9c &amp; qu\u1ea3n tr\u1ecb doanh nghi\u1ec7p<\/span>\n\t\t\t\t\t\t\t\t\t\t\t<\/a>\n\t\t\t\t\t\t\t\t\t<\/li>\n\t\t\t\t\t\t\t\t<li class=\"elementor-icon-list-item\">\n\t\t\t\t\t\t\t\t\t\t\t<a href=\"#sv-corporate\">\n\n\t\t\t\t\t\t\t\t\t\t\t<span class=\"elementor-icon-list-text\">T\u01b0 v\u1ea5n doanh nghi\u1ec7p &amp; tu\u00e2n th\u1ee7 ph\u00e1p lu\u1eadt <\/span>\n\t\t\t\t\t\t\t\t\t\t\t<\/a>\n\t\t\t\t\t\t\t\t\t<\/li>\n\t\t\t\t\t\t<\/ul>\n\t\t\t\t<\/div>\n\t\t\t\t<\/div>\n\t\t\t\t\t<\/div>\n\t\t<\/div>\n\t\t\t\t\t\t\t<\/div>\n\t\t<\/section>\n\t\t\t\t\t<\/div>\n\t\t<\/div>\n\t\t\t\t\t\t\t<\/div>\n\t\t<\/section>\n\t\t\t\t\t\t\t<\/div>\n\t\t","protected":false},"excerpt":{"rendered":"<p>Qu\u1ea3n Tr\u1ecb Doanh Nghi\u1ec7p Ch\u00fang t\u00f4i t\u01b0 v\u1ea5n kh\u00f4ng ch\u1ec9 v\u1ec1 t\u1ea5t c\u1ea3 c\u00e1c kh\u00eda c\u1ea1nh ph\u00e1p l\u00fd c\u1ee7a ho\u1ea1t \u0111\u1ed9ng kinh doanh, m\u00e0 c\u00f2n v\u1ec1 c\u00e1c th\u00e1ch th\u1ee9c v\u1ec1 ph\u00e1p l\u00fd v\u00e0 ch\u00ednh s\u00e1ch m\u00e0 doanh nghi\u1ec7p ph\u1ea3i \u0111\u1ed1i m\u1eb7t. Lu\u1eadt s\u01b0 doanh nghi\u1ec7p c\u1ee7a ch\u00fang t\u00f4i c\u00f3 nhi\u1ec1u n\u0103m kinh nghi\u1ec7m ho\u1ea1t \u0111\u1ed9ng [&hellip;]<\/p>\n","protected":false},"author":1,"featured_media":0,"parent":0,"menu_order":0,"comment_status":"closed","ping_status":"closed","template":"elementor_header_footer","meta":{"footnotes":""},"_links":{"self":[{"href":"https:\/\/atslegal.vn\/vn\/wp-json\/wp\/v2\/pages\/7500"}],"collection":[{"href":"https:\/\/atslegal.vn\/vn\/wp-json\/wp\/v2\/pages"}],"about":[{"href":"https:\/\/atslegal.vn\/vn\/wp-json\/wp\/v2\/types\/page"}],"author":[{"embeddable":true,"href":"https:\/\/atslegal.vn\/vn\/wp-json\/wp\/v2\/users\/1"}],"replies":[{"embeddable":true,"href":"https:\/\/atslegal.vn\/vn\/wp-json\/wp\/v2\/comments?post=7500"}],"version-history":[{"count":52,"href":"https:\/\/atslegal.vn\/vn\/wp-json\/wp\/v2\/pages\/7500\/revisions"}],"predecessor-version":[{"id":10437,"href":"https:\/\/atslegal.vn\/vn\/wp-json\/wp\/v2\/pages\/7500\/revisions\/10437"}],"wp:attachment":[{"href":"https:\/\/atslegal.vn\/vn\/wp-json\/wp\/v2\/media?parent=7500"}],"curies":[{"name":"wp","href":"https:\/\/api.w.org\/{rel}","templated":true}]}}