{"id":7512,"date":"2022-09-02T16:54:36","date_gmt":"2022-09-02T09:54:36","guid":{"rendered":"https:\/\/atslegal.vn\/vn\/?page_id=7512"},"modified":"2023-07-21T18:02:02","modified_gmt":"2023-07-21T11:02:02","slug":"giai-quyet-tranh-chap","status":"publish","type":"page","link":"https:\/\/atslegal.vn\/vn\/giai-quyet-tranh-chap\/","title":{"rendered":"Gi\u1ea3i quy\u1ebft tranh ch\u1ea5p"},"content":{"rendered":"\t\t<div data-elementor-type=\"wp-page\" data-elementor-id=\"7512\" class=\"elementor elementor-7512\">\n\t\t\t\t\t\t\t\t\t<section class=\"elementor-section elementor-top-section elementor-element elementor-element-8d244fb elementor-section-height-min-height elementor-section-boxed elementor-section-height-default elementor-section-items-middle\" data-id=\"8d244fb\" data-element_type=\"section\" data-settings=\"{&quot;background_background&quot;:&quot;classic&quot;}\">\n\t\t\t\t\t\t<div class=\"elementor-container elementor-column-gap-no\">\n\t\t\t\t\t<div class=\"elementor-column elementor-col-100 elementor-top-column elementor-element elementor-element-1b5e868\" data-id=\"1b5e868\" data-element_type=\"column\">\n\t\t\t<div class=\"elementor-widget-wrap elementor-element-populated\">\n\t\t\t\t\t\t\t\t<div class=\"elementor-element elementor-element-442289a elementor-widget elementor-widget-heading\" data-id=\"442289a\" data-element_type=\"widget\" data-widget_type=\"heading.default\">\n\t\t\t\t<div class=\"elementor-widget-container\">\n\t\t\t<style>\/*! elementor - v3.18.0 - 20-12-2023 *\/\n.elementor-heading-title{padding:0;margin:0;line-height:1}.elementor-widget-heading .elementor-heading-title[class*=elementor-size-]>a{color:inherit;font-size:inherit;line-height:inherit}.elementor-widget-heading .elementor-heading-title.elementor-size-small{font-size:15px}.elementor-widget-heading .elementor-heading-title.elementor-size-medium{font-size:19px}.elementor-widget-heading .elementor-heading-title.elementor-size-large{font-size:29px}.elementor-widget-heading .elementor-heading-title.elementor-size-xl{font-size:39px}.elementor-widget-heading .elementor-heading-title.elementor-size-xxl{font-size:59px}<\/style><h1 class=\"elementor-heading-title elementor-size-default\">Gi\u1ea3i Quy\u1ebft Tranh Ch\u1ea5p<\/h1>\t\t<\/div>\n\t\t\t\t<\/div>\n\t\t\t\t<div class=\"elementor-element elementor-element-0f2384a elementor-widget__width-initial elementor-widget elementor-widget-text-editor\" data-id=\"0f2384a\" data-element_type=\"widget\" data-widget_type=\"text-editor.default\">\n\t\t\t\t<div class=\"elementor-widget-container\">\n\t\t\t<style>\/*! elementor - v3.18.0 - 20-12-2023 *\/\n.elementor-widget-text-editor.elementor-drop-cap-view-stacked .elementor-drop-cap{background-color:#69727d;color:#fff}.elementor-widget-text-editor.elementor-drop-cap-view-framed .elementor-drop-cap{color:#69727d;border:3px solid;background-color:transparent}.elementor-widget-text-editor:not(.elementor-drop-cap-view-default) .elementor-drop-cap{margin-top:8px}.elementor-widget-text-editor:not(.elementor-drop-cap-view-default) .elementor-drop-cap-letter{width:1em;height:1em}.elementor-widget-text-editor .elementor-drop-cap{float:left;text-align:center;line-height:1;font-size:50px}.elementor-widget-text-editor .elementor-drop-cap-letter{display:inline-block}<\/style>\t\t\t\t<p>Ch\u00fang t\u00f4i \u0111\u00e1nh gi\u00e1 cao trong m\u1ed9t s\u1ed1 tr\u01b0\u1eddng h\u1ee3p, khi c\u00f3 tranh ch\u1ea5p x\u1ea3y ra, ph\u01b0\u01a1ng ph\u00e1p \u01b0a th\u00edch c\u1ee7a kh\u00e1ch h\u00e0ng l\u00e0 gi\u1ea3i quy\u1ebft m\u00e0 kh\u00f4ng c\u1ea7n c\u00e1c th\u1ee7 t\u1ee5c t\u1ed1 t\u1ee5ng ch\u00ednh th\u1ee9c (v\u00e0 t\u1ed1n k\u00e9m).&nbsp;<\/p>\t\t\t\t\t\t<\/div>\n\t\t\t\t<\/div>\n\t\t\t\t\t<\/div>\n\t\t<\/div>\n\t\t\t\t\t\t\t<\/div>\n\t\t<\/section>\n\t\t\t\t<section class=\"elementor-section elementor-top-section elementor-element elementor-element-c5ee374 elementor-reverse-tablet elementor-reverse-mobile elementor-section-boxed elementor-section-height-default elementor-section-height-default\" data-id=\"c5ee374\" data-element_type=\"section\">\n\t\t\t\t\t\t<div class=\"elementor-container elementor-column-gap-no\">\n\t\t\t\t\t<div class=\"elementor-column elementor-col-66 elementor-top-column elementor-element elementor-element-44b21dd\" data-id=\"44b21dd\" data-element_type=\"column\">\n\t\t\t<div class=\"elementor-widget-wrap elementor-element-populated\">\n\t\t\t\t\t\t\t\t<section class=\"elementor-section elementor-inner-section elementor-element elementor-element-53471fa elementor-section-boxed elementor-section-height-default elementor-section-height-default\" data-id=\"53471fa\" data-element_type=\"section\" id=\"sv-mediation\">\n\t\t\t\t\t\t<div class=\"elementor-container elementor-column-gap-default\">\n\t\t\t\t\t<div class=\"elementor-column elementor-col-100 elementor-inner-column elementor-element elementor-element-f70b93c\" data-id=\"f70b93c\" data-element_type=\"column\" data-settings=\"{&quot;background_background&quot;:&quot;classic&quot;}\">\n\t\t\t<div class=\"elementor-widget-wrap elementor-element-populated\">\n\t\t\t\t\t\t\t\t<div class=\"elementor-element elementor-element-829edc4 elementor-widget-mobile__width-initial elementor-widget elementor-widget-heading\" data-id=\"829edc4\" data-element_type=\"widget\" data-widget_type=\"heading.default\">\n\t\t\t\t<div class=\"elementor-widget-container\">\n\t\t\t<h3 class=\"elementor-heading-title elementor-size-default\">D\u1ecbch V\u1ee5 H\u00f2a Gi\u1ea3i<\/h3>\t\t<\/div>\n\t\t\t\t<\/div>\n\t\t\t\t<div class=\"elementor-element elementor-element-fc32af1 list-ct elementor-widget elementor-widget-text-editor\" data-id=\"fc32af1\" data-element_type=\"widget\" data-widget_type=\"text-editor.default\">\n\t\t\t\t<div class=\"elementor-widget-container\">\n\t\t\t\t\t\t\t<p>Ch\u00fang t\u00f4i nh\u1eadn th\u1ea5y r\u1eb1ng trong m\u1ed9t s\u1ed1 tr\u01b0\u1eddng h\u1ee3p, khi c\u00f3 tranh ch\u1ea5p x\u1ea3y ra, ph\u01b0\u01a1ng th\u1ee9c \u0111\u01b0\u1ee3c nhi\u1ec1u kh\u00e1ch h\u00e0ng l\u1ef1a ch\u1ecdn l\u00e0 gi\u1ea3i quy\u1ebft th\u00f4ng qua h\u00f2a gi\u1ea3i m\u00e0 kh\u00f4ng c\u1ea7n c\u00e1c th\u1ee7 t\u1ee5c t\u1ed1 t\u1ee5ng ch\u00ednh th\u1ee9c (v\u00e0 t\u1ed1n k\u00e9m). Ch\u00fang t\u00f4i c\u00f3 b\u1ec1 d\u00e0y kinh nghi\u1ec7m trong l\u0129nh v\u1ef1c h\u00f2a gi\u1ea3i \u0111\u1ec3 h\u1ed7 tr\u1ee3 kh\u00e1ch h\u00e0ng trong nh\u1eefng tr\u01b0\u1eddng h\u1ee3p n\u00e0y.<\/p><p>Ch\u00fang t\u00f4i s\u1eb5n s\u00e0ng h\u00f2a gi\u1ea3i t\u1ea5t c\u1ea3 c\u00e1c tranh ch\u1ea5p\u00a0 th\u01b0\u01a1ng m\u1ea1i trong n\u01b0\u1edbc ho\u1eb7c qu\u1ed1c t\u1ebf: bao g\u1ed3m h\u1ee3p \u0111\u1ed3ng, qu\u1ea3n tr\u1ecb doanh nghi\u1ec7p, ng\u00e2n h\u00e0ng v\u00e0 tranh ch\u1ea5p lao \u0111\u1ed9ng.<\/p>\t\t\t\t\t\t<\/div>\n\t\t\t\t<\/div>\n\t\t\t\t\t<\/div>\n\t\t<\/div>\n\t\t\t\t\t\t\t<\/div>\n\t\t<\/section>\n\t\t\t\t<section class=\"elementor-section elementor-inner-section elementor-element elementor-element-4f3ccc6 elementor-section-boxed elementor-section-height-default elementor-section-height-default\" data-id=\"4f3ccc6\" data-element_type=\"section\" id=\"sv-litigation\">\n\t\t\t\t\t\t<div class=\"elementor-container elementor-column-gap-default\">\n\t\t\t\t\t<div class=\"elementor-column elementor-col-100 elementor-inner-column elementor-element elementor-element-8009006\" data-id=\"8009006\" data-element_type=\"column\" data-settings=\"{&quot;background_background&quot;:&quot;classic&quot;}\">\n\t\t\t<div class=\"elementor-widget-wrap elementor-element-populated\">\n\t\t\t\t\t\t\t\t<div class=\"elementor-element elementor-element-829d1e9 elementor-widget-mobile__width-initial elementor-widget elementor-widget-heading\" data-id=\"829d1e9\" data-element_type=\"widget\" data-widget_type=\"heading.default\">\n\t\t\t\t<div class=\"elementor-widget-container\">\n\t\t\t<h3 class=\"elementor-heading-title elementor-size-default\">D\u1ecbch V\u1ee5 Tranh T\u1ee5ng\n<\/h3>\t\t<\/div>\n\t\t\t\t<\/div>\n\t\t\t\t<div class=\"elementor-element elementor-element-0d25161 list-ct elementor-widget elementor-widget-text-editor\" data-id=\"0d25161\" data-element_type=\"widget\" data-widget_type=\"text-editor.default\">\n\t\t\t\t<div class=\"elementor-widget-container\">\n\t\t\t\t\t\t\t<p>Ch\u00fang t\u00f4i c\u00f3 kinh nghi\u1ec7m chuy\u00ean s\u00e2u trong l\u0129nh v\u1ef1c gi\u1ea3i quy\u1ebft tranh ch\u1ea5p v\u00e0 \u0111\u1ea1i di\u1ec7n cho kh\u00e1ch h\u00e0ng tham gia t\u1ed1 t\u1ee5ng t\u1ea1i c\u01a1 quan tr\u1ecdng t\u00e0i v\u00e0 c\u00e1c c\u1ea5p t\u00f2a \u00e1n t\u1ea1i Vi\u1ec7t Nam. Ngo\u00e0i vi\u1ec7c th\u1ef1c hi\u1ec7n c\u00e1c th\u1ee7 t\u1ee5c t\u1ed1 t\u1ee5ng, ch\u00fang t\u00f4i t\u00edch c\u1ef1c h\u1ed7 tr\u1ee3 gi\u1ea3i quy\u1ebft tranh ch\u1ea5p b\u1eb1ng bi\u1ec7n ph\u00e1p thay th\u1ebf.<\/p><p>Ch\u00fang t\u00f4i t\u1ef1 h\u00e0o v\u1ec1 c\u00e1ch ti\u1ebfp c\u1eadn chi\u1ebfn l\u01b0\u1ee3c khi tham gia gi\u1ea3i quy\u1ebft \u00a0tranh ch\u1ea5p. Ch\u00fang t\u00f4i s\u1ebd lu\u00f4n b\u1eaft \u0111\u1ea7u qu\u00e1 tr\u00ecnh b\u1eb1ng c\u00e1ch th\u1ea3o lu\u1eadn to\u00e0n di\u1ec7n v\u1edbi kh\u00e1ch h\u00e0ng v\u00e0 xem x\u00e9t c\u00e1c t\u00e0i li\u1ec7u \u0111\u01b0\u1ee3c cung c\u1ea5p \u0111\u1ec3 x\u00e1c \u0111\u1ecbnh gi\u1ea3i ph\u00e1p t\u1ed1i \u01b0u nh\u1eb1m \u0111\u1ea1t \u0111\u01b0\u1ee3c hi\u1ec7u qu\u1ea3 cao nh\u1ea5t trong t\u1eebng tr\u01b0\u1eddng h\u1ee3p c\u1ee5 th\u1ec3.<\/p><p>\u0110\u1ed9i ng\u0169 c\u1ee7a ch\u00fang t\u00f4i t\u1eadp trung v\u00e0o:<\/p><ul><li>Thu th\u1eadp th\u00f4ng tin v\u00e0 ch\u1ee9ng c\u1ee9<\/li><li>Th\u01b0\u01a1ng l\u01b0\u1ee3ng v\u00e0 h\u00f2a gi\u1ea3i<\/li><li>Gi\u1ea3i quy\u1ebft tranh ch\u1ea5p t\u1ea1i c\u01a1 quan tr\u1ecdng t\u00e0i<\/li><li>Tranh t\u1ee5ng t\u1ea1i c\u00e1c c\u1ea5p t\u00f2a \u00e1n<\/li><li>C\u00f4ng nh\u1eadn b\u1ea3n \u00e1n, quy\u1ebft \u0111\u1ecbnh c\u1ee7a tr\u1ecdng t\u00e0i v\u00e0 t\u00f2a \u00e1n n\u01b0\u1edbc ngo\u00e0i<\/li><li>Thi h\u00e0nh b\u1ea3n \u00e1n c\u00f3 hi\u1ec7u l\u1ef1c ph\u00e1p lu\u1eadt<\/li><\/ul>\t\t\t\t\t\t<\/div>\n\t\t\t\t<\/div>\n\t\t\t\t\t<\/div>\n\t\t<\/div>\n\t\t\t\t\t\t\t<\/div>\n\t\t<\/section>\n\t\t\t\t\t<\/div>\n\t\t<\/div>\n\t\t\t\t<div class=\"elementor-column elementor-col-33 elementor-top-column elementor-element elementor-element-7e4c87e\" data-id=\"7e4c87e\" data-element_type=\"column\">\n\t\t\t<div class=\"elementor-widget-wrap elementor-element-populated\">\n\t\t\t\t\t\t\t\t<section class=\"elementor-section elementor-inner-section elementor-element elementor-element-4730ac6 services-bar elementor-section-boxed elementor-section-height-default elementor-section-height-default\" data-id=\"4730ac6\" data-element_type=\"section\">\n\t\t\t\t\t\t<div class=\"elementor-container elementor-column-gap-default\">\n\t\t\t\t\t<div class=\"elementor-column elementor-col-100 elementor-inner-column elementor-element elementor-element-bfd0670\" data-id=\"bfd0670\" data-element_type=\"column\" data-settings=\"{&quot;background_background&quot;:&quot;classic&quot;}\">\n\t\t\t<div class=\"elementor-widget-wrap elementor-element-populated\">\n\t\t\t\t\t\t\t\t<div class=\"elementor-element elementor-element-5a66676 elementor-widget elementor-widget-heading\" data-id=\"5a66676\" data-element_type=\"widget\" data-widget_type=\"heading.default\">\n\t\t\t\t<div class=\"elementor-widget-container\">\n\t\t\t<div class=\"elementor-heading-title elementor-size-default\">Gi\u1ea3i quy\u1ebft tranh ch\u1ea5p<\/div>\t\t<\/div>\n\t\t\t\t<\/div>\n\t\t\t\t<div class=\"elementor-element elementor-element-31eb947 elementor-widget-divider--view-line elementor-widget elementor-widget-divider\" data-id=\"31eb947\" data-element_type=\"widget\" data-widget_type=\"divider.default\">\n\t\t\t\t<div class=\"elementor-widget-container\">\n\t\t\t<style>\/*! elementor - v3.18.0 - 20-12-2023 *\/\n.elementor-widget-divider{--divider-border-style:none;--divider-border-width:1px;--divider-color:#0c0d0e;--divider-icon-size:20px;--divider-element-spacing:10px;--divider-pattern-height:24px;--divider-pattern-size:20px;--divider-pattern-url:none;--divider-pattern-repeat:repeat-x}.elementor-widget-divider .elementor-divider{display:flex}.elementor-widget-divider .elementor-divider__text{font-size:15px;line-height:1;max-width:95%}.elementor-widget-divider .elementor-divider__element{margin:0 var(--divider-element-spacing);flex-shrink:0}.elementor-widget-divider .elementor-icon{font-size:var(--divider-icon-size)}.elementor-widget-divider .elementor-divider-separator{display:flex;margin:0;direction:ltr}.elementor-widget-divider--view-line_icon .elementor-divider-separator,.elementor-widget-divider--view-line_text .elementor-divider-separator{align-items:center}.elementor-widget-divider--view-line_icon .elementor-divider-separator:after,.elementor-widget-divider--view-line_icon .elementor-divider-separator:before,.elementor-widget-divider--view-line_text .elementor-divider-separator:after,.elementor-widget-divider--view-line_text .elementor-divider-separator:before{display:block;content:\"\";border-bottom:0;flex-grow:1;border-top:var(--divider-border-width) var(--divider-border-style) var(--divider-color)}.elementor-widget-divider--element-align-left .elementor-divider .elementor-divider-separator>.elementor-divider__svg:first-of-type{flex-grow:0;flex-shrink:100}.elementor-widget-divider--element-align-left .elementor-divider-separator:before{content:none}.elementor-widget-divider--element-align-left .elementor-divider__element{margin-left:0}.elementor-widget-divider--element-align-right .elementor-divider .elementor-divider-separator>.elementor-divider__svg:last-of-type{flex-grow:0;flex-shrink:100}.elementor-widget-divider--element-align-right .elementor-divider-separator:after{content:none}.elementor-widget-divider--element-align-right .elementor-divider__element{margin-right:0}.elementor-widget-divider:not(.elementor-widget-divider--view-line_text):not(.elementor-widget-divider--view-line_icon) .elementor-divider-separator{border-top:var(--divider-border-width) var(--divider-border-style) var(--divider-color)}.elementor-widget-divider--separator-type-pattern{--divider-border-style:none}.elementor-widget-divider--separator-type-pattern.elementor-widget-divider--view-line .elementor-divider-separator,.elementor-widget-divider--separator-type-pattern:not(.elementor-widget-divider--view-line) .elementor-divider-separator:after,.elementor-widget-divider--separator-type-pattern:not(.elementor-widget-divider--view-line) .elementor-divider-separator:before,.elementor-widget-divider--separator-type-pattern:not([class*=elementor-widget-divider--view]) .elementor-divider-separator{width:100%;min-height:var(--divider-pattern-height);-webkit-mask-size:var(--divider-pattern-size) 100%;mask-size:var(--divider-pattern-size) 100%;-webkit-mask-repeat:var(--divider-pattern-repeat);mask-repeat:var(--divider-pattern-repeat);background-color:var(--divider-color);-webkit-mask-image:var(--divider-pattern-url);mask-image:var(--divider-pattern-url)}.elementor-widget-divider--no-spacing{--divider-pattern-size:auto}.elementor-widget-divider--bg-round{--divider-pattern-repeat:round}.rtl .elementor-widget-divider .elementor-divider__text{direction:rtl}.e-con-inner>.elementor-widget-divider,.e-con>.elementor-widget-divider{width:var(--container-widget-width,100%);--flex-grow:var(--container-widget-flex-grow)}<\/style>\t\t<div class=\"elementor-divider\">\n\t\t\t<span class=\"elementor-divider-separator\">\n\t\t\t\t\t\t<\/span>\n\t\t<\/div>\n\t\t\t\t<\/div>\n\t\t\t\t<\/div>\n\t\t\t\t<div class=\"elementor-element elementor-element-4d4c404 elementor-mobile-align-left elementor-icon-list--layout-traditional elementor-list-item-link-full_width elementor-widget elementor-widget-icon-list\" data-id=\"4d4c404\" data-element_type=\"widget\" data-widget_type=\"icon-list.default\">\n\t\t\t\t<div class=\"elementor-widget-container\">\n\t\t\t<link rel=\"stylesheet\" href=\"https:\/\/atslegal.vn\/vn\/wp-content\/plugins\/elementor\/assets\/css\/widget-icon-list.min.css\">\t\t<ul class=\"elementor-icon-list-items\">\n\t\t\t\t\t\t\t<li class=\"elementor-icon-list-item\">\n\t\t\t\t\t\t\t\t\t\t\t<a href=\"#sv-mediation\">\n\n\t\t\t\t\t\t\t\t\t\t\t<span class=\"elementor-icon-list-text\">D\u1ecbch v\u1ee5 h\u00f2a gi\u1ea3i<\/span>\n\t\t\t\t\t\t\t\t\t\t\t<\/a>\n\t\t\t\t\t\t\t\t\t<\/li>\n\t\t\t\t\t\t\t\t<li class=\"elementor-icon-list-item\">\n\t\t\t\t\t\t\t\t\t\t\t<a href=\"#sv-litigation\">\n\n\t\t\t\t\t\t\t\t\t\t\t<span class=\"elementor-icon-list-text\">D\u1ecbch v\u1ee5 tranh t\u1ee5ng<\/span>\n\t\t\t\t\t\t\t\t\t\t\t<\/a>\n\t\t\t\t\t\t\t\t\t<\/li>\n\t\t\t\t\t\t<\/ul>\n\t\t\t\t<\/div>\n\t\t\t\t<\/div>\n\t\t\t\t\t<\/div>\n\t\t<\/div>\n\t\t\t\t\t\t\t<\/div>\n\t\t<\/section>\n\t\t\t\t\t<\/div>\n\t\t<\/div>\n\t\t\t\t\t\t\t<\/div>\n\t\t<\/section>\n\t\t\t\t\t\t\t<\/div>\n\t\t","protected":false},"excerpt":{"rendered":"<p>Gi\u1ea3i Quy\u1ebft Tranh Ch\u1ea5p Ch\u00fang t\u00f4i \u0111\u00e1nh gi\u00e1 cao trong m\u1ed9t s\u1ed1 tr\u01b0\u1eddng h\u1ee3p, khi c\u00f3 tranh ch\u1ea5p x\u1ea3y ra, ph\u01b0\u01a1ng ph\u00e1p \u01b0a th\u00edch c\u1ee7a kh\u00e1ch h\u00e0ng l\u00e0 gi\u1ea3i quy\u1ebft m\u00e0 kh\u00f4ng c\u1ea7n c\u00e1c th\u1ee7 t\u1ee5c t\u1ed1 t\u1ee5ng ch\u00ednh th\u1ee9c (v\u00e0 t\u1ed1n k\u00e9m).&nbsp; D\u1ecbch V\u1ee5 H\u00f2a Gi\u1ea3i Ch\u00fang t\u00f4i nh\u1eadn th\u1ea5y r\u1eb1ng trong m\u1ed9t s\u1ed1 [&hellip;]<\/p>\n","protected":false},"author":1,"featured_media":0,"parent":0,"menu_order":0,"comment_status":"closed","ping_status":"closed","template":"elementor_header_footer","meta":{"footnotes":""},"_links":{"self":[{"href":"https:\/\/atslegal.vn\/vn\/wp-json\/wp\/v2\/pages\/7512"}],"collection":[{"href":"https:\/\/atslegal.vn\/vn\/wp-json\/wp\/v2\/pages"}],"about":[{"href":"https:\/\/atslegal.vn\/vn\/wp-json\/wp\/v2\/types\/page"}],"author":[{"embeddable":true,"href":"https:\/\/atslegal.vn\/vn\/wp-json\/wp\/v2\/users\/1"}],"replies":[{"embeddable":true,"href":"https:\/\/atslegal.vn\/vn\/wp-json\/wp\/v2\/comments?post=7512"}],"version-history":[{"count":43,"href":"https:\/\/atslegal.vn\/vn\/wp-json\/wp\/v2\/pages\/7512\/revisions"}],"predecessor-version":[{"id":10441,"href":"https:\/\/atslegal.vn\/vn\/wp-json\/wp\/v2\/pages\/7512\/revisions\/10441"}],"wp:attachment":[{"href":"https:\/\/atslegal.vn\/vn\/wp-json\/wp\/v2\/media?parent=7512"}],"curies":[{"name":"wp","href":"https:\/\/api.w.org\/{rel}","templated":true}]}}