{"id":7848,"date":"2023-02-05T16:06:40","date_gmt":"2023-02-05T09:06:40","guid":{"rendered":"https:\/\/atslegal.vn\/vn\/?page_id=7848"},"modified":"2026-01-30T23:47:08","modified_gmt":"2026-01-30T16:47:08","slug":"mr-nguyen-trung-thanh","status":"publish","type":"page","link":"https:\/\/atslegal.vn\/vn\/thanh-vien\/mr-nguyen-trung-thanh\/","title":{"rendered":"Mr Nguyen Trung Thanh"},"content":{"rendered":"\t\t<div data-elementor-type=\"wp-page\" data-elementor-id=\"7848\" class=\"elementor elementor-7848\">\n\t\t\t\t\t\t\t\t\t<section class=\"elementor-section elementor-top-section elementor-element elementor-element-eebf534 elementor-section-boxed elementor-section-height-default elementor-section-height-default\" data-id=\"eebf534\" data-element_type=\"section\" data-settings=\"{&quot;background_background&quot;:&quot;classic&quot;}\">\n\t\t\t\t\t\t<div class=\"elementor-container elementor-column-gap-no\">\n\t\t\t\t\t<div class=\"elementor-column elementor-col-100 elementor-top-column elementor-element elementor-element-f0c0058\" data-id=\"f0c0058\" data-element_type=\"column\" data-settings=\"{&quot;background_background&quot;:&quot;classic&quot;}\">\n\t\t\t<div class=\"elementor-widget-wrap elementor-element-populated\">\n\t\t\t\t\t\t\t\t<div class=\"elementor-element elementor-element-4c7650a elementor-widget elementor-widget-heading\" data-id=\"4c7650a\" data-element_type=\"widget\" data-widget_type=\"heading.default\">\n\t\t\t\t<div class=\"elementor-widget-container\">\n\t\t\t<style>\/*! elementor - v3.18.0 - 20-12-2023 *\/\n.elementor-heading-title{padding:0;margin:0;line-height:1}.elementor-widget-heading .elementor-heading-title[class*=elementor-size-]>a{color:inherit;font-size:inherit;line-height:inherit}.elementor-widget-heading .elementor-heading-title.elementor-size-small{font-size:15px}.elementor-widget-heading .elementor-heading-title.elementor-size-medium{font-size:19px}.elementor-widget-heading .elementor-heading-title.elementor-size-large{font-size:29px}.elementor-widget-heading .elementor-heading-title.elementor-size-xl{font-size:39px}.elementor-widget-heading .elementor-heading-title.elementor-size-xxl{font-size:59px}<\/style><h1 class=\"elementor-heading-title elementor-size-default\">Th\u00e0nh Vi\u00ean<\/h1>\t\t<\/div>\n\t\t\t\t<\/div>\n\t\t\t\t<div class=\"elementor-element elementor-element-b4773a1 jet-breadcrumbs-align-center elementor-widget elementor-widget-jet-breadcrumbs\" data-id=\"b4773a1\" data-element_type=\"widget\" data-widget_type=\"jet-breadcrumbs.default\">\n\t\t\t\t<div class=\"elementor-widget-container\">\n\t\t\t<div class=\"elementor-jet-breadcrumbs jet-blocks\">\n\t\t<div class=\"jet-breadcrumbs\">\n\t\t<div class=\"jet-breadcrumbs__content\">\n\t\t<div class=\"jet-breadcrumbs__wrap\"><div class=\"jet-breadcrumbs__item\"><a href=\"https:\/\/atslegal.vn\/vn\/\" class=\"jet-breadcrumbs__item-link is-home\" rel=\"home\" title=\"Trang Ch\u1ee7\">Trang Ch\u1ee7<\/a><\/div>\n\t\t<\/div>\n\t\t<\/div>\n\t\t<\/div><\/div>\t\t<\/div>\n\t\t\t\t<\/div>\n\t\t\t\t<section class=\"elementor-section elementor-inner-section elementor-element elementor-element-19bfefc elementor-section-boxed elementor-section-height-default elementor-section-height-default\" data-id=\"19bfefc\" data-element_type=\"section\">\n\t\t\t\t\t\t<div class=\"elementor-container elementor-column-gap-default\">\n\t\t\t\t\t<div class=\"elementor-column elementor-col-50 elementor-inner-column elementor-element elementor-element-c17cfad\" data-id=\"c17cfad\" data-element_type=\"column\" data-settings=\"{&quot;background_background&quot;:&quot;classic&quot;}\">\n\t\t\t<div class=\"elementor-widget-wrap elementor-element-populated\">\n\t\t\t\t\t\t\t\t<div class=\"elementor-element elementor-element-f71cf45 elementor-widget__width-initial elementor-widget elementor-widget-image\" data-id=\"f71cf45\" data-element_type=\"widget\" data-widget_type=\"image.default\">\n\t\t\t\t<div class=\"elementor-widget-container\">\n\t\t\t<style>\/*! elementor - v3.18.0 - 20-12-2023 *\/\n.elementor-widget-image{text-align:center}.elementor-widget-image a{display:inline-block}.elementor-widget-image a img[src$=\".svg\"]{width:48px}.elementor-widget-image img{vertical-align:middle;display:inline-block}<\/style>\t\t\t\t\t\t\t\t\t\t\t\t<img loading=\"lazy\" decoding=\"async\" width=\"767\" height=\"552\" src=\"https:\/\/atslegal.vn\/vn\/wp-content\/uploads\/sites\/5\/2024\/09\/7-e1725610718525.jpg\" class=\"attachment-full size-full wp-image-11208\" alt=\"\" srcset=\"https:\/\/atslegal.vn\/vn\/wp-content\/uploads\/sites\/5\/2024\/09\/7-e1725610718525.jpg 767w, https:\/\/atslegal.vn\/vn\/wp-content\/uploads\/sites\/5\/2024\/09\/7-e1725610718525-300x216.jpg 300w\" sizes=\"(max-width: 767px) 100vw, 767px\" \/>\t\t\t\t\t\t\t\t\t\t\t\t\t\t\t<\/div>\n\t\t\t\t<\/div>\n\t\t\t\t<div class=\"elementor-element elementor-element-abac9d3 elementor-widget__width-initial elementor-widget elementor-widget-text-editor\" data-id=\"abac9d3\" data-element_type=\"widget\" data-widget_type=\"text-editor.default\">\n\t\t\t\t<div class=\"elementor-widget-container\">\n\t\t\t<style>\/*! elementor - v3.18.0 - 20-12-2023 *\/\n.elementor-widget-text-editor.elementor-drop-cap-view-stacked .elementor-drop-cap{background-color:#69727d;color:#fff}.elementor-widget-text-editor.elementor-drop-cap-view-framed .elementor-drop-cap{color:#69727d;border:3px solid;background-color:transparent}.elementor-widget-text-editor:not(.elementor-drop-cap-view-default) .elementor-drop-cap{margin-top:8px}.elementor-widget-text-editor:not(.elementor-drop-cap-view-default) .elementor-drop-cap-letter{width:1em;height:1em}.elementor-widget-text-editor .elementor-drop-cap{float:left;text-align:center;line-height:1;font-size:50px}.elementor-widget-text-editor .elementor-drop-cap-letter{display:inline-block}<\/style>\t\t\t\t<p><strong>Mr. Nguy\u1ec5n Trung Th\u00e0nh<\/strong><br \/><span style=\"font-size: 14px; color: #b2b2b2;\">Chuy\u00ean gia t\u01b0 v\u1ea5n thu\u1ebf<\/span><\/p>\t\t\t\t\t\t<\/div>\n\t\t\t\t<\/div>\n\t\t\t\t<div class=\"elementor-element elementor-element-0bcf14a elementor-align-left elementor-widget__width-initial elementor-icon-list--layout-traditional elementor-list-item-link-full_width elementor-widget elementor-widget-icon-list\" data-id=\"0bcf14a\" data-element_type=\"widget\" data-widget_type=\"icon-list.default\">\n\t\t\t\t<div class=\"elementor-widget-container\">\n\t\t\t<link rel=\"stylesheet\" href=\"https:\/\/atslegal.vn\/vn\/wp-content\/plugins\/elementor\/assets\/css\/widget-icon-list.min.css\">\t\t<ul class=\"elementor-icon-list-items\">\n\t\t\t\t\t\t\t<li class=\"elementor-icon-list-item\">\n\t\t\t\t\t\t\t\t\t\t\t<span class=\"elementor-icon-list-icon\">\n\t\t\t\t\t\t\t\t\t\t\t\t\t<\/span>\n\t\t\t\t\t\t\t\t\t\t<span class=\"elementor-icon-list-text\">+84 24 3751 1888<\/span>\n\t\t\t\t\t\t\t\t\t<\/li>\n\t\t\t\t\t\t\t\t<li class=\"elementor-icon-list-item\">\n\t\t\t\t\t\t\t\t\t\t\t<span class=\"elementor-icon-list-icon\">\n\t\t\t\t\t\t\t\t\t\t\t\t\t<\/span>\n\t\t\t\t\t\t\t\t\t\t<span class=\"elementor-icon-list-text\">thanhnt@atslegal.vn<\/span>\n\t\t\t\t\t\t\t\t\t<\/li>\n\t\t\t\t\t\t<\/ul>\n\t\t\t\t<\/div>\n\t\t\t\t<\/div>\n\t\t\t\t\t<\/div>\n\t\t<\/div>\n\t\t\t\t<div class=\"elementor-column elementor-col-50 elementor-inner-column elementor-element elementor-element-72edc9a\" data-id=\"72edc9a\" data-element_type=\"column\">\n\t\t\t<div class=\"elementor-widget-wrap elementor-element-populated\">\n\t\t\t\t\t\t\t\t<div class=\"elementor-element elementor-element-38fb3a8 elementor-widget elementor-widget-heading\" data-id=\"38fb3a8\" data-element_type=\"widget\" data-widget_type=\"heading.default\">\n\t\t\t\t<div class=\"elementor-widget-container\">\n\t\t\t<h3 class=\"elementor-heading-title elementor-size-default\">Gi\u1edbi Thi\u1ec7u<\/h3>\t\t<\/div>\n\t\t\t\t<\/div>\n\t\t\t\t<div class=\"elementor-element elementor-element-0fe6f28 elementor-widget-divider--view-line elementor-widget elementor-widget-divider\" data-id=\"0fe6f28\" data-element_type=\"widget\" data-widget_type=\"divider.default\">\n\t\t\t\t<div class=\"elementor-widget-container\">\n\t\t\t<style>\/*! elementor - v3.18.0 - 20-12-2023 *\/\n.elementor-widget-divider{--divider-border-style:none;--divider-border-width:1px;--divider-color:#0c0d0e;--divider-icon-size:20px;--divider-element-spacing:10px;--divider-pattern-height:24px;--divider-pattern-size:20px;--divider-pattern-url:none;--divider-pattern-repeat:repeat-x}.elementor-widget-divider .elementor-divider{display:flex}.elementor-widget-divider .elementor-divider__text{font-size:15px;line-height:1;max-width:95%}.elementor-widget-divider .elementor-divider__element{margin:0 var(--divider-element-spacing);flex-shrink:0}.elementor-widget-divider .elementor-icon{font-size:var(--divider-icon-size)}.elementor-widget-divider .elementor-divider-separator{display:flex;margin:0;direction:ltr}.elementor-widget-divider--view-line_icon .elementor-divider-separator,.elementor-widget-divider--view-line_text .elementor-divider-separator{align-items:center}.elementor-widget-divider--view-line_icon .elementor-divider-separator:after,.elementor-widget-divider--view-line_icon .elementor-divider-separator:before,.elementor-widget-divider--view-line_text .elementor-divider-separator:after,.elementor-widget-divider--view-line_text .elementor-divider-separator:before{display:block;content:\"\";border-bottom:0;flex-grow:1;border-top:var(--divider-border-width) var(--divider-border-style) var(--divider-color)}.elementor-widget-divider--element-align-left .elementor-divider .elementor-divider-separator>.elementor-divider__svg:first-of-type{flex-grow:0;flex-shrink:100}.elementor-widget-divider--element-align-left .elementor-divider-separator:before{content:none}.elementor-widget-divider--element-align-left .elementor-divider__element{margin-left:0}.elementor-widget-divider--element-align-right .elementor-divider .elementor-divider-separator>.elementor-divider__svg:last-of-type{flex-grow:0;flex-shrink:100}.elementor-widget-divider--element-align-right .elementor-divider-separator:after{content:none}.elementor-widget-divider--element-align-right .elementor-divider__element{margin-right:0}.elementor-widget-divider:not(.elementor-widget-divider--view-line_text):not(.elementor-widget-divider--view-line_icon) .elementor-divider-separator{border-top:var(--divider-border-width) var(--divider-border-style) var(--divider-color)}.elementor-widget-divider--separator-type-pattern{--divider-border-style:none}.elementor-widget-divider--separator-type-pattern.elementor-widget-divider--view-line .elementor-divider-separator,.elementor-widget-divider--separator-type-pattern:not(.elementor-widget-divider--view-line) .elementor-divider-separator:after,.elementor-widget-divider--separator-type-pattern:not(.elementor-widget-divider--view-line) .elementor-divider-separator:before,.elementor-widget-divider--separator-type-pattern:not([class*=elementor-widget-divider--view]) .elementor-divider-separator{width:100%;min-height:var(--divider-pattern-height);-webkit-mask-size:var(--divider-pattern-size) 100%;mask-size:var(--divider-pattern-size) 100%;-webkit-mask-repeat:var(--divider-pattern-repeat);mask-repeat:var(--divider-pattern-repeat);background-color:var(--divider-color);-webkit-mask-image:var(--divider-pattern-url);mask-image:var(--divider-pattern-url)}.elementor-widget-divider--no-spacing{--divider-pattern-size:auto}.elementor-widget-divider--bg-round{--divider-pattern-repeat:round}.rtl .elementor-widget-divider .elementor-divider__text{direction:rtl}.e-con-inner>.elementor-widget-divider,.e-con>.elementor-widget-divider{width:var(--container-widget-width,100%);--flex-grow:var(--container-widget-flex-grow)}<\/style>\t\t<div class=\"elementor-divider\">\n\t\t\t<span class=\"elementor-divider-separator\">\n\t\t\t\t\t\t<\/span>\n\t\t<\/div>\n\t\t\t\t<\/div>\n\t\t\t\t<\/div>\n\t\t\t\t<div class=\"elementor-element elementor-element-a3b2532 elementor-widget elementor-widget-text-editor\" data-id=\"a3b2532\" data-element_type=\"widget\" data-widget_type=\"text-editor.default\">\n\t\t\t\t<div class=\"elementor-widget-container\">\n\t\t\t\t\t\t\t<p>\u00d4ng Th\u00e0nh \u0111\u00e3 c\u00f3 18 n\u0103m kinh nghi\u1ec7m t\u01b0 v\u1ea5n thu\u1ebf t\u1ea1i hai c\u00f4ng ty Big 4 t\u1ea1i Vi\u1ec7t Nam v\u00e0 L\u00e0o (trong \u0111\u00f3 c\u00f3 th\u1eddi gian l\u00e0m vi\u1ec7c t\u1ea1i Munich, \u0110\u1ee9c) v\u00e0 2 n\u0103m kinh nghi\u1ec7m l\u00e0m vi\u1ec7c cho Ng\u00e2n h\u00e0ng n\u01b0\u1edbc ngo\u00e0i t\u1ea1i Vi\u1ec7t Nam.\u00a0<\/p><p>\u00d4ng Th\u00e0nh l\u00e0 di\u1ec5n gi\u1ea3 v\u1ec1 c\u00e1c v\u1ea5n \u0111\u1ec1 v\u1ec1 thu\u1ebf, \u0111\u1ea7u t\u01b0 v\u00e0o Vi\u1ec7t Nam t\u1ea1i m\u1ed9t s\u1ed1 n\u01b0\u1edbc nh\u01b0 Th\u00e1i Lan, Singapore, Malaysia v\u00e0 \u0110\u1ee9c.<\/p><p>\u00d4ng Th\u00e0nh c\u0169ng l\u00e0 gi\u1ea3ng vi\u00ean m\u00f4n lu\u1eadt, m\u00f4n thu\u1ebf Ch\u01b0\u01a1ng tr\u00ecnh CFAB c\u1ee7a ICAEW v\u00e0 Ch\u01b0\u01a1ng tr\u00ecnh CPA c\u1ee7a CPA Australia<\/p>\t\t\t\t\t\t<\/div>\n\t\t\t\t<\/div>\n\t\t\t\t\t<\/div>\n\t\t<\/div>\n\t\t\t\t\t\t\t<\/div>\n\t\t<\/section>\n\t\t\t\t<div class=\"elementor-element elementor-element-49d7f1c elementor-widget-divider--view-line_text elementor-widget-divider--element-align-center elementor-widget elementor-widget-divider\" data-id=\"49d7f1c\" data-element_type=\"widget\" data-widget_type=\"divider.default\">\n\t\t\t\t<div class=\"elementor-widget-container\">\n\t\t\t\t\t<div class=\"elementor-divider\">\n\t\t\t<span class=\"elementor-divider-separator\">\n\t\t\t\t\t\t\t<span class=\"elementor-divider__text elementor-divider__element\">\n\t\t\t\tL\u0128NH V\u1ef0C T\u01af V\u1ea4N\t\t\t\t<\/span>\n\t\t\t\t\t\t<\/span>\n\t\t<\/div>\n\t\t\t\t<\/div>\n\t\t\t\t<\/div>\n\t\t\t\t<div class=\"elementor-element elementor-element-2ccd5f8 elementor-widget__width-initial list-ct elementor-widget elementor-widget-text-editor\" data-id=\"2ccd5f8\" data-element_type=\"widget\" data-widget_type=\"text-editor.default\">\n\t\t\t\t<div class=\"elementor-widget-container\">\n\t\t\t\t\t\t\t<ul><li>So\u00e1t x\u00e9t thu\u1ebf, l\u1eadp k\u1ebf ho\u1ea1ch thu\u1ebf, t\u01b0 v\u1ea5n thu\u1ebf, xin ch\u00ednh s\u00e1ch thu\u1ebf \u0111\u1eb7c th\u00f9<\/li><li>K\u1ebf to\u00e1n v\u00e0 b\u00e1o c\u00e1o t\u00e0i ch\u00ednh<\/li><li>Thu\u1ebf qu\u1ed1c t\u1ebf, mi\u1ec5n gi\u1ea3m thu\u1ebf theo Hi\u1ec7p \u0111\u1ecbnh<\/li><li>Thu\u1ebf \u0111\u1ed1i v\u1edbi t\u00e1i c\u1ea5u tr\u00fac doanh nghi\u1ec7p<\/li><\/ul>\t\t\t\t\t\t<\/div>\n\t\t\t\t<\/div>\n\t\t\t\t<div class=\"elementor-element elementor-element-eac3c91 elementor-widget-divider--view-line_text elementor-widget-divider--element-align-center elementor-widget elementor-widget-divider\" data-id=\"eac3c91\" data-element_type=\"widget\" data-widget_type=\"divider.default\">\n\t\t\t\t<div class=\"elementor-widget-container\">\n\t\t\t\t\t<div class=\"elementor-divider\">\n\t\t\t<span class=\"elementor-divider-separator\">\n\t\t\t\t\t\t\t<span class=\"elementor-divider__text elementor-divider__element\">\n\t\t\t\tTR\u00ccNH \u0110\u1ed8 H\u1eccC V\u1ea4N\t\t\t\t<\/span>\n\t\t\t\t\t\t<\/span>\n\t\t<\/div>\n\t\t\t\t<\/div>\n\t\t\t\t<\/div>\n\t\t\t\t<div class=\"elementor-element elementor-element-ad55bad elementor-widget__width-initial list-ct elementor-widget elementor-widget-text-editor\" data-id=\"ad55bad\" data-element_type=\"widget\" data-widget_type=\"text-editor.default\">\n\t\t\t\t<div class=\"elementor-widget-container\">\n\t\t\t\t\t\t\t<ul><li>Th\u1ea1c s\u1ef9 Qu\u1ea3n tr\u1ecb kinh doanh, \u0110\u1ea1i h\u1ecdc Hawai t\u1ea1i Manoa (M\u1ef9)\u00a0<\/li><li>Th\u1ea1c s\u1ef9 Lu\u1eadt \u1ee9ng d\u1ee5ng, chuy\u00ean ng\u00e0nh thu\u1ebf v\u00e0 Lu\u1eadt th\u01b0\u01a1ng m\u1ea1i, \u0110\u1ea1i h\u1ecdc Queensland (\u00dac)<\/li><li><a style=\"letter-spacing: 0px\" title=\"H\u1ed9i vi\u00ean\" href=\"https:\/\/atslegal.vn\/vn\/gioi-thieu\/hoi-vien\/\">H\u1ed9i vi\u00ean<\/a><span style=\"background-color: var( --e-global-color-9026274 );letter-spacing: 0px\">\u00a0k\u1ef3 c\u1ef1u CPA Australia<\/span><\/li><li>H\u1ed9i vi\u00ean Hi\u1ec7p h\u1ed9i t\u01b0 v\u1ea5n thu\u1ebf Vi\u1ec7t Nam<\/li><\/ul>\t\t\t\t\t\t<\/div>\n\t\t\t\t<\/div>\n\t\t\t\t<div class=\"elementor-element elementor-element-826bb78 elementor-widget-divider--view-line_text elementor-widget-divider--element-align-center elementor-widget elementor-widget-divider\" data-id=\"826bb78\" data-element_type=\"widget\" data-widget_type=\"divider.default\">\n\t\t\t\t<div class=\"elementor-widget-container\">\n\t\t\t\t\t<div class=\"elementor-divider\">\n\t\t\t<span class=\"elementor-divider-separator\">\n\t\t\t\t\t\t\t<span class=\"elementor-divider__text elementor-divider__element\">\n\t\t\t\tM\u1ed8T S\u1ed0 V\u1ee4 VI\u1ec6C TI\u00caU BI\u1ec2U\t\t\t\t<\/span>\n\t\t\t\t\t\t<\/span>\n\t\t<\/div>\n\t\t\t\t<\/div>\n\t\t\t\t<\/div>\n\t\t\t\t<div class=\"elementor-element elementor-element-103bbc7 elementor-widget__width-initial list-ct elementor-widget elementor-widget-text-editor\" data-id=\"103bbc7\" data-element_type=\"widget\" data-widget_type=\"text-editor.default\">\n\t\t\t\t<div class=\"elementor-widget-container\">\n\t\t\t\t\t\t\t<ul><li>Thu\u1ebf \u0111\u1ed1i v\u1edbi th\u01b0\u01a1ng m\u1ea1i \u0111i\u1ec7n t\u1eed (Ch\u01b0\u01a1ng 15, H\u01b0\u1edbng d\u1eabn v\u1ec1 thu\u1ebf M\u1ef9 \u0111\u1ed1i v\u1edbi c\u00e1c Giao d\u1ecbch qu\u1ed1c t\u1ebf, t\u00e1i b\u1ea3n l\u1ea7n th\u1ee9 4).<\/li><li>Thu\u1ebf \u0111\u1ed1i v\u1edbi c\u00e1c giao d\u1ecbch t\u00e0i ch\u00ednh ph\u00e1i sinh t\u1ea1i Vi\u1ec7t Nam.<\/li><li>Thu\u1ebf \u0111\u1ed1i v\u1edbi tr\u00e1i phi\u1ebfu chuy\u1ec3n \u0111\u1ed5i.<\/li><\/ul>\t\t\t\t\t\t<\/div>\n\t\t\t\t<\/div>\n\t\t\t\t<div class=\"elementor-element elementor-element-9d96c21 elementor-widget-divider--view-line_text elementor-widget-divider--element-align-center elementor-widget elementor-widget-divider\" data-id=\"9d96c21\" data-element_type=\"widget\" data-widget_type=\"divider.default\">\n\t\t\t\t<div class=\"elementor-widget-container\">\n\t\t\t\t\t<div class=\"elementor-divider\">\n\t\t\t<span class=\"elementor-divider-separator\">\n\t\t\t\t\t\t\t<span class=\"elementor-divider__text elementor-divider__element\">\n\t\t\t\tKINH NGHI\u1ec6M TH\u1ef0C T\u1ebe\t\t\t\t<\/span>\n\t\t\t\t\t\t<\/span>\n\t\t<\/div>\n\t\t\t\t<\/div>\n\t\t\t\t<\/div>\n\t\t\t\t<div class=\"elementor-element elementor-element-c6dd629 elementor-widget__width-initial list-ct elementor-widget elementor-widget-text-editor\" data-id=\"c6dd629\" data-element_type=\"widget\" data-widget_type=\"text-editor.default\">\n\t\t\t\t<div class=\"elementor-widget-container\">\n\t\t\t\t\t\t\t<ul>\n<li>Chi\u1ebfn l\u01b0\u1ee3c th\u00e2m nh\u1eadp &amp; r\u00fat kh\u1ecfi th\u1ecb tr\u01b0\u1eddng<\/li><li>Tu\u00e2n th\u1ee7 k\u1ebf to\u00e1n<\/li><li>B\u00e1o c\u00e1o t\u00e0i ch\u00ednh<\/li><li>L\u1eadp v\u00e0 th\u1ef1c hi\u1ec7n k\u1ebf ho\u1ea1ch v\u1ec1 thu\u1ebf<\/li><li>X\u00e2y d\u1ef1ng ch\u00ednh s\u00e1ch thu\u1ebf<\/li><li>\u01afu \u0111\u00e3i thu\u1ebf v\u00e0 mi\u1ec5n gi\u1ea3m thu\u1ebf<\/li><li>Thanh tra thu\u1ebf, khi\u1ebfu n\u1ea1i v\u1ec1 thu\u1ebf<\/li><li>Thu\u1ebf qu\u1ed1c t\u1ebf v\u00e0 chuy\u1ec3n gi\u00e1<\/li><li>So\u00e1t x\u00e9t thu\u1ebf &amp; thu\u1ebf \u0111\u1ed1i v\u1edbi t\u00e1i c\u1ea5u tr\u00fac doanh nghi\u1ec7p cho nhi\u1ec1u kh\u00e1ch h\u00e0ng trong c\u00e1c l\u0129nh v\u1ef1c kh\u00e1c nhau nh\u01b0 b\u1ea5t \u0111\u1ed9ng s\u1ea3n, x\u00e2y d\u1ef1ng, c\u00f4ng ngh\u1ec7 th\u00f4ng tin, t\u00e0i ch\u00ednh \u2013 ng\u00e2n h\u00e0ng \u2013&nbsp;<a title=\"b\u1ea3o hi\u1ec3m\" href=\"https:\/\/atslegal.vn\/vn\/linh-vuc-hoat-dong\/tu-van-phap-luat\/bao-hiem\/\" style=\"letter-spacing: 0px\">b\u1ea3o hi\u1ec3m<\/a><span style=\"background-color: var( --e-global-color-9026274 );letter-spacing: 0px\">&nbsp;\u2013 ch\u1ee9ng kho\u00e1n \u2013 qu\u1ef9 \u0111\u1ea7u t\u01b0, n\u0103ng l\u01b0\u1ee3ng, gi\u00e1o d\u1ee5c, kh\u00e1ch s\u1ea1n \u2026<\/span><\/li><\/ul>\t\t\t\t\t\t<\/div>\n\t\t\t\t<\/div>\n\t\t\t\t\t<\/div>\n\t\t<\/div>\n\t\t\t\t\t\t\t<\/div>\n\t\t<\/section>\n\t\t\t\t\t\t\t<\/div>\n\t\t","protected":false},"excerpt":{"rendered":"<p>Th\u00e0nh Vi\u00ean Trang Ch\u1ee7 Mr. Nguy\u1ec5n Trung Th\u00e0nhChuy\u00ean gia t\u01b0 v\u1ea5n thu\u1ebf +84 24 3751 1888 thanhnt@atslegal.vn Gi\u1edbi Thi\u1ec7u \u00d4ng Th\u00e0nh \u0111\u00e3 c\u00f3 18 n\u0103m kinh nghi\u1ec7m t\u01b0 v\u1ea5n thu\u1ebf t\u1ea1i hai c\u00f4ng ty Big 4 t\u1ea1i Vi\u1ec7t Nam v\u00e0 L\u00e0o (trong \u0111\u00f3 c\u00f3 th\u1eddi gian l\u00e0m vi\u1ec7c t\u1ea1i Munich, \u0110\u1ee9c) v\u00e0 2 n\u0103m kinh [&hellip;]<\/p>\n","protected":false},"author":1,"featured_media":0,"parent":7687,"menu_order":0,"comment_status":"closed","ping_status":"closed","template":"elementor_header_footer","meta":{"footnotes":""},"_links":{"self":[{"href":"https:\/\/atslegal.vn\/vn\/wp-json\/wp\/v2\/pages\/7848"}],"collection":[{"href":"https:\/\/atslegal.vn\/vn\/wp-json\/wp\/v2\/pages"}],"about":[{"href":"https:\/\/atslegal.vn\/vn\/wp-json\/wp\/v2\/types\/page"}],"author":[{"embeddable":true,"href":"https:\/\/atslegal.vn\/vn\/wp-json\/wp\/v2\/users\/1"}],"replies":[{"embeddable":true,"href":"https:\/\/atslegal.vn\/vn\/wp-json\/wp\/v2\/comments?post=7848"}],"version-history":[{"count":26,"href":"https:\/\/atslegal.vn\/vn\/wp-json\/wp\/v2\/pages\/7848\/revisions"}],"predecessor-version":[{"id":11864,"href":"https:\/\/atslegal.vn\/vn\/wp-json\/wp\/v2\/pages\/7848\/revisions\/11864"}],"up":[{"embeddable":true,"href":"https:\/\/atslegal.vn\/vn\/wp-json\/wp\/v2\/pages\/7687"}],"wp:attachment":[{"href":"https:\/\/atslegal.vn\/vn\/wp-json\/wp\/v2\/media?parent=7848"}],"curies":[{"name":"wp","href":"https:\/\/api.w.org\/{rel}","templated":true}]}}