{"id":7860,"date":"2023-02-05T16:08:47","date_gmt":"2023-02-05T09:08:47","guid":{"rendered":"https:\/\/atslegal.vn\/vn\/?page_id=7860"},"modified":"2026-01-30T16:40:41","modified_gmt":"2026-01-30T09:40:41","slug":"mrs-bui-hong-hanh","status":"publish","type":"page","link":"https:\/\/atslegal.vn\/vn\/thanh-vien\/mrs-bui-hong-hanh\/","title":{"rendered":"Mrs. Bui Hong Hanh"},"content":{"rendered":"\t\t<div data-elementor-type=\"wp-page\" data-elementor-id=\"7860\" class=\"elementor elementor-7860\">\n\t\t\t\t\t\t\t\t\t<section class=\"elementor-section elementor-top-section elementor-element elementor-element-a46f614 elementor-section-boxed elementor-section-height-default elementor-section-height-default\" data-id=\"a46f614\" data-element_type=\"section\" data-settings=\"{&quot;background_background&quot;:&quot;classic&quot;}\">\n\t\t\t\t\t\t<div class=\"elementor-container elementor-column-gap-no\">\n\t\t\t\t\t<div class=\"elementor-column elementor-col-100 elementor-top-column elementor-element elementor-element-4609a88\" data-id=\"4609a88\" data-element_type=\"column\" data-settings=\"{&quot;background_background&quot;:&quot;classic&quot;}\">\n\t\t\t<div class=\"elementor-widget-wrap elementor-element-populated\">\n\t\t\t\t\t\t\t\t<div class=\"elementor-element elementor-element-6588030 elementor-widget elementor-widget-heading\" data-id=\"6588030\" data-element_type=\"widget\" data-widget_type=\"heading.default\">\n\t\t\t\t<div class=\"elementor-widget-container\">\n\t\t\t<style>\/*! elementor - v3.18.0 - 20-12-2023 *\/\n.elementor-heading-title{padding:0;margin:0;line-height:1}.elementor-widget-heading .elementor-heading-title[class*=elementor-size-]>a{color:inherit;font-size:inherit;line-height:inherit}.elementor-widget-heading .elementor-heading-title.elementor-size-small{font-size:15px}.elementor-widget-heading .elementor-heading-title.elementor-size-medium{font-size:19px}.elementor-widget-heading .elementor-heading-title.elementor-size-large{font-size:29px}.elementor-widget-heading .elementor-heading-title.elementor-size-xl{font-size:39px}.elementor-widget-heading .elementor-heading-title.elementor-size-xxl{font-size:59px}<\/style><h1 class=\"elementor-heading-title elementor-size-default\">Th\u00e0nh Vi\u00ean<\/h1>\t\t<\/div>\n\t\t\t\t<\/div>\n\t\t\t\t<div class=\"elementor-element elementor-element-ba31e33 jet-breadcrumbs-align-center elementor-widget elementor-widget-jet-breadcrumbs\" data-id=\"ba31e33\" data-element_type=\"widget\" data-widget_type=\"jet-breadcrumbs.default\">\n\t\t\t\t<div class=\"elementor-widget-container\">\n\t\t\t<div class=\"elementor-jet-breadcrumbs jet-blocks\">\n\t\t<div class=\"jet-breadcrumbs\">\n\t\t<div class=\"jet-breadcrumbs__content\">\n\t\t<div class=\"jet-breadcrumbs__wrap\"><div class=\"jet-breadcrumbs__item\"><a href=\"https:\/\/atslegal.vn\/vn\/\" class=\"jet-breadcrumbs__item-link is-home\" rel=\"home\" title=\"Trang Ch\u1ee7\">Trang Ch\u1ee7<\/a><\/div>\n\t\t<\/div>\n\t\t<\/div>\n\t\t<\/div><\/div>\t\t<\/div>\n\t\t\t\t<\/div>\n\t\t\t\t<section class=\"elementor-section elementor-inner-section elementor-element elementor-element-9040e29 elementor-section-boxed elementor-section-height-default elementor-section-height-default\" data-id=\"9040e29\" data-element_type=\"section\">\n\t\t\t\t\t\t<div class=\"elementor-container elementor-column-gap-default\">\n\t\t\t\t\t<div class=\"elementor-column elementor-col-50 elementor-inner-column elementor-element elementor-element-4616d0d\" data-id=\"4616d0d\" data-element_type=\"column\" data-settings=\"{&quot;background_background&quot;:&quot;classic&quot;}\">\n\t\t\t<div class=\"elementor-widget-wrap elementor-element-populated\">\n\t\t\t\t\t\t\t\t<div class=\"elementor-element elementor-element-4b7a353 elementor-widget__width-initial elementor-widget elementor-widget-image\" data-id=\"4b7a353\" data-element_type=\"widget\" data-widget_type=\"image.default\">\n\t\t\t\t<div class=\"elementor-widget-container\">\n\t\t\t<style>\/*! elementor - v3.18.0 - 20-12-2023 *\/\n.elementor-widget-image{text-align:center}.elementor-widget-image a{display:inline-block}.elementor-widget-image a img[src$=\".svg\"]{width:48px}.elementor-widget-image img{vertical-align:middle;display:inline-block}<\/style>\t\t\t\t\t\t\t\t\t\t\t\t<img loading=\"lazy\" decoding=\"async\" width=\"630\" height=\"559\" src=\"https:\/\/atslegal.vn\/vn\/wp-content\/uploads\/sites\/5\/2024\/09\/1-e1725610638759.jpg\" class=\"attachment-full size-full wp-image-11207\" alt=\"\" srcset=\"https:\/\/atslegal.vn\/vn\/wp-content\/uploads\/sites\/5\/2024\/09\/1-e1725610638759.jpg 630w, https:\/\/atslegal.vn\/vn\/wp-content\/uploads\/sites\/5\/2024\/09\/1-e1725610638759-300x266.jpg 300w\" sizes=\"(max-width: 630px) 100vw, 630px\" \/>\t\t\t\t\t\t\t\t\t\t\t\t\t\t\t<\/div>\n\t\t\t\t<\/div>\n\t\t\t\t<div class=\"elementor-element elementor-element-2d5f1c4 elementor-widget__width-initial elementor-widget elementor-widget-text-editor\" data-id=\"2d5f1c4\" data-element_type=\"widget\" data-widget_type=\"text-editor.default\">\n\t\t\t\t<div class=\"elementor-widget-container\">\n\t\t\t<style>\/*! elementor - v3.18.0 - 20-12-2023 *\/\n.elementor-widget-text-editor.elementor-drop-cap-view-stacked .elementor-drop-cap{background-color:#69727d;color:#fff}.elementor-widget-text-editor.elementor-drop-cap-view-framed .elementor-drop-cap{color:#69727d;border:3px solid;background-color:transparent}.elementor-widget-text-editor:not(.elementor-drop-cap-view-default) .elementor-drop-cap{margin-top:8px}.elementor-widget-text-editor:not(.elementor-drop-cap-view-default) .elementor-drop-cap-letter{width:1em;height:1em}.elementor-widget-text-editor .elementor-drop-cap{float:left;text-align:center;line-height:1;font-size:50px}.elementor-widget-text-editor .elementor-drop-cap-letter{display:inline-block}<\/style>\t\t\t\t<p><strong>Mrs. Bui Hong Hanh<\/strong><br \/><span style=\"font-size: 14px;color: #b2b2b2\">Partner &#8211; Lawyer\u00a0<\/span><\/p>\t\t\t\t\t\t<\/div>\n\t\t\t\t<\/div>\n\t\t\t\t<div class=\"elementor-element elementor-element-4fa2325 elementor-align-left elementor-widget__width-initial elementor-icon-list--layout-traditional elementor-list-item-link-full_width elementor-widget elementor-widget-icon-list\" data-id=\"4fa2325\" data-element_type=\"widget\" data-widget_type=\"icon-list.default\">\n\t\t\t\t<div class=\"elementor-widget-container\">\n\t\t\t<link rel=\"stylesheet\" href=\"https:\/\/atslegal.vn\/vn\/wp-content\/plugins\/elementor\/assets\/css\/widget-icon-list.min.css\">\t\t<ul class=\"elementor-icon-list-items\">\n\t\t\t\t\t\t\t<li class=\"elementor-icon-list-item\">\n\t\t\t\t\t\t\t\t\t\t\t<span class=\"elementor-icon-list-icon\">\n\t\t\t\t\t\t\t\t\t\t\t\t\t<\/span>\n\t\t\t\t\t\t\t\t\t\t<span class=\"elementor-icon-list-text\">+84 24 3751 1888<\/span>\n\t\t\t\t\t\t\t\t\t<\/li>\n\t\t\t\t\t\t\t\t<li class=\"elementor-icon-list-item\">\n\t\t\t\t\t\t\t\t\t\t\t<span class=\"elementor-icon-list-icon\">\n\t\t\t\t\t\t\t\t\t\t\t\t\t<\/span>\n\t\t\t\t\t\t\t\t\t\t<span class=\"elementor-icon-list-text\">partners@atslegal.vn<\/span>\n\t\t\t\t\t\t\t\t\t<\/li>\n\t\t\t\t\t\t<\/ul>\n\t\t\t\t<\/div>\n\t\t\t\t<\/div>\n\t\t\t\t\t<\/div>\n\t\t<\/div>\n\t\t\t\t<div class=\"elementor-column elementor-col-50 elementor-inner-column elementor-element elementor-element-a243118\" data-id=\"a243118\" data-element_type=\"column\">\n\t\t\t<div class=\"elementor-widget-wrap elementor-element-populated\">\n\t\t\t\t\t\t\t\t<div class=\"elementor-element elementor-element-5e1f936 elementor-widget elementor-widget-heading\" data-id=\"5e1f936\" data-element_type=\"widget\" data-widget_type=\"heading.default\">\n\t\t\t\t<div class=\"elementor-widget-container\">\n\t\t\t<h3 class=\"elementor-heading-title elementor-size-default\">TR\u00ccNH \u0110\u1ed8 H\u1eccC V\u1ea4N<\/h3>\t\t<\/div>\n\t\t\t\t<\/div>\n\t\t\t\t<div class=\"elementor-element elementor-element-03fff1f elementor-widget-divider--view-line elementor-widget elementor-widget-divider\" data-id=\"03fff1f\" data-element_type=\"widget\" data-widget_type=\"divider.default\">\n\t\t\t\t<div class=\"elementor-widget-container\">\n\t\t\t<style>\/*! elementor - v3.18.0 - 20-12-2023 *\/\n.elementor-widget-divider{--divider-border-style:none;--divider-border-width:1px;--divider-color:#0c0d0e;--divider-icon-size:20px;--divider-element-spacing:10px;--divider-pattern-height:24px;--divider-pattern-size:20px;--divider-pattern-url:none;--divider-pattern-repeat:repeat-x}.elementor-widget-divider .elementor-divider{display:flex}.elementor-widget-divider .elementor-divider__text{font-size:15px;line-height:1;max-width:95%}.elementor-widget-divider .elementor-divider__element{margin:0 var(--divider-element-spacing);flex-shrink:0}.elementor-widget-divider .elementor-icon{font-size:var(--divider-icon-size)}.elementor-widget-divider .elementor-divider-separator{display:flex;margin:0;direction:ltr}.elementor-widget-divider--view-line_icon .elementor-divider-separator,.elementor-widget-divider--view-line_text .elementor-divider-separator{align-items:center}.elementor-widget-divider--view-line_icon .elementor-divider-separator:after,.elementor-widget-divider--view-line_icon .elementor-divider-separator:before,.elementor-widget-divider--view-line_text .elementor-divider-separator:after,.elementor-widget-divider--view-line_text .elementor-divider-separator:before{display:block;content:\"\";border-bottom:0;flex-grow:1;border-top:var(--divider-border-width) var(--divider-border-style) var(--divider-color)}.elementor-widget-divider--element-align-left .elementor-divider .elementor-divider-separator>.elementor-divider__svg:first-of-type{flex-grow:0;flex-shrink:100}.elementor-widget-divider--element-align-left .elementor-divider-separator:before{content:none}.elementor-widget-divider--element-align-left .elementor-divider__element{margin-left:0}.elementor-widget-divider--element-align-right .elementor-divider .elementor-divider-separator>.elementor-divider__svg:last-of-type{flex-grow:0;flex-shrink:100}.elementor-widget-divider--element-align-right .elementor-divider-separator:after{content:none}.elementor-widget-divider--element-align-right .elementor-divider__element{margin-right:0}.elementor-widget-divider:not(.elementor-widget-divider--view-line_text):not(.elementor-widget-divider--view-line_icon) .elementor-divider-separator{border-top:var(--divider-border-width) var(--divider-border-style) var(--divider-color)}.elementor-widget-divider--separator-type-pattern{--divider-border-style:none}.elementor-widget-divider--separator-type-pattern.elementor-widget-divider--view-line .elementor-divider-separator,.elementor-widget-divider--separator-type-pattern:not(.elementor-widget-divider--view-line) .elementor-divider-separator:after,.elementor-widget-divider--separator-type-pattern:not(.elementor-widget-divider--view-line) .elementor-divider-separator:before,.elementor-widget-divider--separator-type-pattern:not([class*=elementor-widget-divider--view]) .elementor-divider-separator{width:100%;min-height:var(--divider-pattern-height);-webkit-mask-size:var(--divider-pattern-size) 100%;mask-size:var(--divider-pattern-size) 100%;-webkit-mask-repeat:var(--divider-pattern-repeat);mask-repeat:var(--divider-pattern-repeat);background-color:var(--divider-color);-webkit-mask-image:var(--divider-pattern-url);mask-image:var(--divider-pattern-url)}.elementor-widget-divider--no-spacing{--divider-pattern-size:auto}.elementor-widget-divider--bg-round{--divider-pattern-repeat:round}.rtl .elementor-widget-divider .elementor-divider__text{direction:rtl}.e-con-inner>.elementor-widget-divider,.e-con>.elementor-widget-divider{width:var(--container-widget-width,100%);--flex-grow:var(--container-widget-flex-grow)}<\/style>\t\t<div class=\"elementor-divider\">\n\t\t\t<span class=\"elementor-divider-separator\">\n\t\t\t\t\t\t<\/span>\n\t\t<\/div>\n\t\t\t\t<\/div>\n\t\t\t\t<\/div>\n\t\t\t\t<div class=\"elementor-element elementor-element-dcab230 list-ct elementor-widget elementor-widget-text-editor\" data-id=\"dcab230\" data-element_type=\"widget\" data-widget_type=\"text-editor.default\">\n\t\t\t\t<div class=\"elementor-widget-container\">\n\t\t\t\t\t\t\t<ul>\n<li>C\u1eed nh\u00e2n Lu\u1eadt d\u00e2n s\u1ef1 \u2013 \u0110\u1ea1i h\u1ecdc qu\u1ed1c gia H\u00e0 N\u1ed9i (1997 \u2013 2001)<\/li><li>C\u1eed nh\u00e2n Ng\u00f4n ng\u1eef Anh \u2013 \u0110\u1ea1i h\u1ecdc Ngo\u1ea1i ng\u1eef H\u00e0 N\u1ed9i, chuy\u00ean ng\u00e0nh phi\u00ean d\u1ecbch \/ d\u1ecbch thu\u1eadt (1999 \u2013 2003)<\/li><li>Kh\u00f3a \u0111\u00e0o t\u1ea1o Lu\u1eadt s\u01b0 \u2013 H\u1ecdc vi\u1ec7n t\u01b0 ph\u00e1p Vi\u1ec7t Nam (2006)<\/li><li>Qu\u1ea3n tr\u1ecb kinh doanh (MBA) \u2013 \u0110\u1ea1i h\u1ecdc Qu\u1ed1c gia H\u00e0 N\u1ed9i<\/li><\/ul>\t\t\t\t\t\t<\/div>\n\t\t\t\t<\/div>\n\t\t\t\t\t<\/div>\n\t\t<\/div>\n\t\t\t\t\t\t\t<\/div>\n\t\t<\/section>\n\t\t\t\t<div class=\"elementor-element elementor-element-6edd636 elementor-widget-divider--view-line_text elementor-widget-divider--element-align-center elementor-widget elementor-widget-divider\" data-id=\"6edd636\" data-element_type=\"widget\" data-widget_type=\"divider.default\">\n\t\t\t\t<div class=\"elementor-widget-container\">\n\t\t\t\t\t<div class=\"elementor-divider\">\n\t\t\t<span class=\"elementor-divider-separator\">\n\t\t\t\t\t\t\t<span class=\"elementor-divider__text elementor-divider__element\">\n\t\t\t\tKINH NGHI\u1ec6M\t\t\t\t<\/span>\n\t\t\t\t\t\t<\/span>\n\t\t<\/div>\n\t\t\t\t<\/div>\n\t\t\t\t<\/div>\n\t\t\t\t<div class=\"elementor-element elementor-element-b7aad40 elementor-widget__width-initial list-ct elementor-widget elementor-widget-text-editor\" data-id=\"b7aad40\" data-element_type=\"widget\" data-widget_type=\"text-editor.default\">\n\t\t\t\t<div class=\"elementor-widget-container\">\n\t\t\t\t\t\t\t<ul><li>B\u00e0 B\u00f9i H\u1ed3ng H\u1ea1nh c\u00f3 h\u01a1n 15 n\u0103m kinh nghi\u1ec7m l\u00e0m t\u01b0 v\u1ea5n ph\u00e1p l\u00fd cho c\u00e1c doanh nghi\u1ec7p \u0111\u1ea7u t\u01b0 n\u01b0\u1edbc ngo\u00e0i, th\u00e0nh l\u1eadp c\u00f4ng ty 100% v\u1ed1n \u0111\u1ea7u t\u01b0 n\u01b0\u1edbc ngo\u00e0i, thu\u1ebf, ch\u1ee9ng kho\u00e1n, th\u01b0\u01a1ng m\u1ea1i, t\u00e0i ch\u00ednh ng\u00e2n h\u00e0ng, x\u00e2y d\u1ef1ng, kinh doanh b\u1ea5t \u0111\u1ed9ng s\u1ea3n CNTT.<\/li><li>Tr\u01b0\u1edbc khi gia nh\u1eadp ATS v\u1edbi t\u01b0 c\u00e1ch l\u00e0 Lu\u1eadt s\u01b0 Th\u00e0nh vi\u00ean c\u1ee7a c\u00f4ng ty, b\u00e0 B\u00f9i H\u1ed3ng H\u1ea1nh t\u1eebng l\u00e0m lu\u1eadt s\u01b0 n\u1ed9i b\u1ed9 cho PWC, Trang Tien Plaza, Honeywell Pte. Ltd, v\u00e0 h\u00e0nh ngh\u1ec1 v\u1edbi t\u01b0 c\u00e1ch l\u00e0 C\u1ed9ng s\u1ef1 cao c\u1ea5p t\u1ea1i <a title=\"C\u00f4ng ty Lu\u1eadt\" href=\"https:\/\/atslegal.vn\/vn\/\">C\u00f4ng ty Lu\u1eadt<\/a>\u00a0Dezan Shira &amp; Associate, c\u00f4ng ty lu\u1eadt VILAF, v.v. , B\u00e0 cung c\u1ea5p d\u1ecbch v\u1ee5 t\u01b0 v\u1ea5n cho nhi\u1ec1u t\u1eadp \u0111o\u00e0n FDI h\u00e0ng \u0111\u1ea7u t\u1ea1i Vi\u1ec7t Nam nh\u01b0 C\u00f4ng ty TNHH \u0110\u1ea7u t\u01b0 B\u1ea5t \u0111\u1ed9ng s\u1ea3n Vi\u1ec7t Nam \u2013 \u00dac, C\u00f4ng ty TNHH Nippon Koei Vietnam, Foxconn, OCBC, Ng\u00e2n h\u00e0ng Tokyo Mitsubishi, Panasonic Vi\u1ec7t Nam, C\u00f4ng ty Logistic NYK, Mitsubishi Heavy Industries, B\u1ea3o hi\u1ec3m Mitsui Sumitomo, ADB, Honda, Canon, Walt Disney Corporation, Redbull, Honda, Suzuki\u2026<\/li><\/ul>\t\t\t\t\t\t<\/div>\n\t\t\t\t<\/div>\n\t\t\t\t<div class=\"elementor-element elementor-element-17af6d9 elementor-widget-divider--view-line_text elementor-widget-divider--element-align-center elementor-widget elementor-widget-divider\" data-id=\"17af6d9\" data-element_type=\"widget\" data-widget_type=\"divider.default\">\n\t\t\t\t<div class=\"elementor-widget-container\">\n\t\t\t\t\t<div class=\"elementor-divider\">\n\t\t\t<span class=\"elementor-divider-separator\">\n\t\t\t\t\t\t\t<span class=\"elementor-divider__text elementor-divider__element\">\n\t\t\t\tL\u0128NH V\u1ef0C T\u01af V\u1ea4N\t\t\t\t<\/span>\n\t\t\t\t\t\t<\/span>\n\t\t<\/div>\n\t\t\t\t<\/div>\n\t\t\t\t<\/div>\n\t\t\t\t<div class=\"elementor-element elementor-element-07641b4 elementor-widget__width-initial list-ct elementor-widget elementor-widget-text-editor\" data-id=\"07641b4\" data-element_type=\"widget\" data-widget_type=\"text-editor.default\">\n\t\t\t\t<div class=\"elementor-widget-container\">\n\t\t\t\t\t\t\t<ul><li>Doanh nghi\u1ec7p<\/li><li>Doanh nghi\u1ec7p<\/li><li>Mua b\u00e1n &amp; S\u00e1p nh\u1eadp (M&amp;A)<\/li><li>T\u00e0i ch\u00ednh D\u1ef1 \u00e1n<\/li><li>Thu\u1ebf<\/li><li>T\u00e0i ch\u00ednh &amp; Ng\u00e2n h\u00e0ng<\/li><li>T\u00e1i c\u1ea5u tr\u00fac v\u00e0 <a title=\"qu\u1ea3n l\u00fd doanh nghi\u1ec7p\" href=\"https:\/\/atslegal.vn\/vn\/linh-vuc-hoat-dong\/quan-tri-doanh-nghiep\/quan-ly-doanh-nghiep\/\">qu\u1ea3n l\u00fd doanh nghi\u1ec7p<\/a><\/li><li>Lao \u0111\u1ed9ng<\/li><li>Ng\u00f4n ng\u1eef: Ti\u1ebfng Anh v\u00e0 Ti\u1ebfng Vi\u1ec7t<\/li><\/ul>\t\t\t\t\t\t<\/div>\n\t\t\t\t<\/div>\n\t\t\t\t<div class=\"elementor-element elementor-element-435394a elementor-widget-divider--view-line_text elementor-widget-divider--element-align-center elementor-widget elementor-widget-divider\" data-id=\"435394a\" data-element_type=\"widget\" data-widget_type=\"divider.default\">\n\t\t\t\t<div class=\"elementor-widget-container\">\n\t\t\t\t\t<div class=\"elementor-divider\">\n\t\t\t<span class=\"elementor-divider-separator\">\n\t\t\t\t\t\t\t<span class=\"elementor-divider__text elementor-divider__element\">\n\t\t\t\tM\u1ed8T S\u1ed0 V\u1ee4 VI\u1ec6C TI\u00caU BI\u1ec2U\t\t\t\t<\/span>\n\t\t\t\t\t\t<\/span>\n\t\t<\/div>\n\t\t\t\t<\/div>\n\t\t\t\t<\/div>\n\t\t\t\t<div class=\"elementor-element elementor-element-c6c0bf0 elementor-widget__width-initial list-ct elementor-widget elementor-widget-text-editor\" data-id=\"c6c0bf0\" data-element_type=\"widget\" data-widget_type=\"text-editor.default\">\n\t\t\t\t<div class=\"elementor-widget-container\">\n\t\t\t\t\t\t\t<ul><li>H\u1ed7 tr\u1ee3 Deloitte Vi\u1ec7t Nam th\u00e0nh l\u1eadp c\u1eeda h\u00e0ng b\u00e1n l\u1ebb th\u1ee9 hai t\u1ea1i th\u00e0nh ph\u1ed1 H\u1ed3 Ch\u00ed Minh v\u00e0 m\u1edf r\u1ed9ng danh s\u00e1ch c\u00e1c s\u1ea3n ph\u1ea9m nh\u1eadp kh\u1ea9u cho Ester Lauder Vi\u1ec7t Nam;<\/li><li>H\u1ed7 tr\u1ee3 Deloitte Vi\u1ec7t Nam \u0111\u1ea1t Gi\u1ea5y ch\u1ee9ng nh\u1eadn \u0111\u1ea7u t\u01b0 cho Yuasa Trading v\u00e0 Sumikin Bussan, hai c\u00f4ng ty th\u01b0\u01a1ng m\u1ea1i th\u00e9p c\u1ee7a Nh\u1eadt B\u1ea3n;<\/li><li>Chu\u1ea9n b\u1ecb h\u1ed3 s\u01a1 m\u1eddi th\u1ea7u th\u00e0nh l\u1eadp C\u00f4ng ty B\u1ea3o hi\u1ec3m Nh\u00e2n th\u1ecd Avbank \u2013 Aviva v\u00e0 t\u01b0 v\u1ea5n th\u1ee7 t\u1ee5c th\u00e0nh l\u1eadp C\u00f4ng ty B\u1ea3o hi\u1ec3m Nh\u00e2n th\u1ecd Avbank c\u1ee7a Avbank;<\/li><li>T\u01b0 v\u1ea5n th\u00e0nh l\u1eadp ng\u00e2n h\u00e0ng 100% v\u1ed1n \u0111\u1ea7u t\u01b0 n\u01b0\u1edbc ngo\u00e0i t\u1ea1i Vi\u1ec7t Nam (Ng\u00e2n h\u00e0ng ANZ v\u00e0 Standard Chartered);<\/li><li>T\u01b0 v\u1ea5n v\u1ec1 thu\u1ebf nh\u00e0 th\u1ea7u n\u01b0\u1edbc ngo\u00e0i v\u00e0 thu\u1ebf thu nh\u1eadp c\u00e1 nh\u00e2n cho nh\u00e0 th\u1ea7u n\u01b0\u1edbc ngo\u00e0i cung c\u1ea5p d\u1ecbch v\u1ee5 h\u1ed7 tr\u1ee3 k\u1ef9 thu\u1eadt cho C\u00f4ng ty TNHH Thi\u1ebft b\u1ecb Khoa h\u1ecdc v\u00e0 C\u00f4ng ngh\u1ec7 Vi\u1ec7t Nam Nh\u1eadt B\u1ea3n;<\/li><li>T\u01b0 v\u1ea5n v\u1ec1 thu\u1ebf nh\u00e0 th\u1ea7u n\u01b0\u1edbc ngo\u00e0i cho C\u00f4ng ty TNHH Nippon Koei Vi\u1ec7t Nam v\u1ec1 c\u00e1c v\u1ea5n \u0111\u1ec1 thu\u1ebf v\u00e0 ph\u00e1p l\u00fd \u0111\u1ed1i v\u1edbi h\u1ee3p \u0111\u1ed3ng d\u1ecbch v\u1ee5 t\u01b0 v\u1ea5n gi\u1eefa Nippon Koei Vi\u1ec7t Nam v\u00e0 S\u1edf T\u00e0i nguy\u00ean v\u00e0 M\u00f4i tr\u01b0\u1eddng Qu\u1ea3ng Ninh;<\/li><li>T\u01b0 v\u1ea5n cho C\u00f4ng ty TNHH \u0110\u1ea7u t\u01b0 B\u1ea5t \u0111\u1ed9ng s\u1ea3n Vi\u1ec7t Nam \u00dac v\u1ec1 \u00fd ngh\u0129a thu\u1ebf \u0111\u1ed1i v\u1edbi h\u1ee3p \u0111\u1ed3ng h\u1ee3p t\u00e1c kinh doanh gi\u1eefa c\u00f4ng ty v\u00e0 c\u00e1c \u0111\u1ed1i t\u00e1c \u00dac \u0111\u1ed1i v\u1edbi c\u00e1c d\u1ef1 \u00e1n b\u1ea5t \u0111\u1ed9ng s\u1ea3n t\u1ea1i H\u00e0 N\u1ed9i, Vi\u1ec7t Nam;<\/li><li>T\u01b0 v\u1ea5n cho Aspect Vista BHD SND, m\u1ed9t c\u00f4ng ty c\u1ee7a Malaysia, v\u1ec1 l\u1ef1a ch\u1ecdn ti\u1ebfp c\u1eadn th\u1ecb tr\u01b0\u1eddng, v\u1edbi t\u1ea5t c\u1ea3 c\u00e1c h\u00e0m \u00fd thu\u1ebf li\u00ean quan tr\u00ean c\u00e1c ph\u01b0\u01a1ng ph\u00e1p kh\u00e1c nhau, v.v;<\/li><li>H\u1ed7 tr\u1ee3 m\u1ed9t c\u00f4ng ty d\u01b0\u1ee3c ph\u1ea9m Vi\u1ec7t Nam ph\u00e1t h\u00e0nh 20 tri\u1ec7u USD tr\u00e1i phi\u1ebfu chuy\u1ec3n \u0111\u1ed5i cho qu\u1ef9 \u0111\u1ea7u t\u01b0 H\u00e0n Qu\u1ed1c;<\/li><li>H\u1ed7 tr\u1ee3 m\u1ed9t nh\u00e0 \u0111\u1ea7u t\u01b0 mua l\u1ea1i m\u1ed9t nh\u00e0 m\u00e1y d\u01b0\u1ee3c ph\u1ea9m c\u00f3 tr\u1ee5 s\u1edf t\u1ea1i Vi\u1ec7t Nam t\u1eeb Bausch Health Enterprises (tr\u01b0\u1edbc \u0111\u00e2y l\u00e0 C\u00f4ng ty D\u01b0\u1ee3c ph\u1ea9m Valeant).<\/li><\/ul>\t\t\t\t\t\t<\/div>\n\t\t\t\t<\/div>\n\t\t\t\t\t<\/div>\n\t\t<\/div>\n\t\t\t\t\t\t\t<\/div>\n\t\t<\/section>\n\t\t\t\t\t\t\t<\/div>\n\t\t","protected":false},"excerpt":{"rendered":"<p>Th\u00e0nh Vi\u00ean Trang Ch\u1ee7 Mrs. Bui Hong HanhPartner &#8211; Lawyer\u00a0 +84 24 3751 1888 partners@atslegal.vn TR\u00ccNH \u0110\u1ed8 H\u1eccC V\u1ea4N C\u1eed nh\u00e2n Lu\u1eadt d\u00e2n s\u1ef1 \u2013 \u0110\u1ea1i h\u1ecdc qu\u1ed1c gia H\u00e0 N\u1ed9i (1997 \u2013 2001) C\u1eed nh\u00e2n Ng\u00f4n ng\u1eef Anh \u2013 \u0110\u1ea1i h\u1ecdc Ngo\u1ea1i ng\u1eef H\u00e0 N\u1ed9i, chuy\u00ean ng\u00e0nh phi\u00ean d\u1ecbch \/ d\u1ecbch thu\u1eadt (1999 \u2013 [&hellip;]<\/p>\n","protected":false},"author":1,"featured_media":0,"parent":7687,"menu_order":0,"comment_status":"closed","ping_status":"closed","template":"elementor_header_footer","meta":{"footnotes":""},"_links":{"self":[{"href":"https:\/\/atslegal.vn\/vn\/wp-json\/wp\/v2\/pages\/7860"}],"collection":[{"href":"https:\/\/atslegal.vn\/vn\/wp-json\/wp\/v2\/pages"}],"about":[{"href":"https:\/\/atslegal.vn\/vn\/wp-json\/wp\/v2\/types\/page"}],"author":[{"embeddable":true,"href":"https:\/\/atslegal.vn\/vn\/wp-json\/wp\/v2\/users\/1"}],"replies":[{"embeddable":true,"href":"https:\/\/atslegal.vn\/vn\/wp-json\/wp\/v2\/comments?post=7860"}],"version-history":[{"count":31,"href":"https:\/\/atslegal.vn\/vn\/wp-json\/wp\/v2\/pages\/7860\/revisions"}],"predecessor-version":[{"id":11406,"href":"https:\/\/atslegal.vn\/vn\/wp-json\/wp\/v2\/pages\/7860\/revisions\/11406"}],"up":[{"embeddable":true,"href":"https:\/\/atslegal.vn\/vn\/wp-json\/wp\/v2\/pages\/7687"}],"wp:attachment":[{"href":"https:\/\/atslegal.vn\/vn\/wp-json\/wp\/v2\/media?parent=7860"}],"curies":[{"name":"wp","href":"https:\/\/api.w.org\/{rel}","templated":true}]}}