{"id":7866,"date":"2023-02-05T16:09:39","date_gmt":"2023-02-05T09:09:39","guid":{"rendered":"https:\/\/atslegal.vn\/vn\/?page_id=7866"},"modified":"2024-09-11T08:53:40","modified_gmt":"2024-09-11T01:53:40","slug":"mrs-hoa-co","status":"publish","type":"page","link":"https:\/\/atslegal.vn\/vn\/thanh-vien\/mrs-hoa-co\/","title":{"rendered":"Mrs. Hoa Co"},"content":{"rendered":"\t\t<div data-elementor-type=\"wp-page\" data-elementor-id=\"7866\" class=\"elementor elementor-7866\">\n\t\t\t\t\t\t\t\t\t<section class=\"elementor-section elementor-top-section elementor-element elementor-element-46aca73 elementor-section-boxed elementor-section-height-default elementor-section-height-default\" data-id=\"46aca73\" data-element_type=\"section\" data-settings=\"{&quot;background_background&quot;:&quot;classic&quot;}\">\n\t\t\t\t\t\t<div class=\"elementor-container elementor-column-gap-no\">\n\t\t\t\t\t<div class=\"elementor-column elementor-col-100 elementor-top-column elementor-element elementor-element-d7975e9\" data-id=\"d7975e9\" data-element_type=\"column\" data-settings=\"{&quot;background_background&quot;:&quot;classic&quot;}\">\n\t\t\t<div class=\"elementor-widget-wrap elementor-element-populated\">\n\t\t\t\t\t\t\t\t<div class=\"elementor-element elementor-element-cf0bc4b elementor-widget elementor-widget-heading\" data-id=\"cf0bc4b\" data-element_type=\"widget\" data-widget_type=\"heading.default\">\n\t\t\t\t<div class=\"elementor-widget-container\">\n\t\t\t<style>\/*! elementor - v3.18.0 - 20-12-2023 *\/\n.elementor-heading-title{padding:0;margin:0;line-height:1}.elementor-widget-heading .elementor-heading-title[class*=elementor-size-]>a{color:inherit;font-size:inherit;line-height:inherit}.elementor-widget-heading .elementor-heading-title.elementor-size-small{font-size:15px}.elementor-widget-heading .elementor-heading-title.elementor-size-medium{font-size:19px}.elementor-widget-heading .elementor-heading-title.elementor-size-large{font-size:29px}.elementor-widget-heading .elementor-heading-title.elementor-size-xl{font-size:39px}.elementor-widget-heading .elementor-heading-title.elementor-size-xxl{font-size:59px}<\/style><h1 class=\"elementor-heading-title elementor-size-default\">Professial Team<\/h1>\t\t<\/div>\n\t\t\t\t<\/div>\n\t\t\t\t<div class=\"elementor-element elementor-element-f75fe3d jet-breadcrumbs-align-center elementor-widget elementor-widget-jet-breadcrumbs\" data-id=\"f75fe3d\" data-element_type=\"widget\" data-widget_type=\"jet-breadcrumbs.default\">\n\t\t\t\t<div class=\"elementor-widget-container\">\n\t\t\t<div class=\"elementor-jet-breadcrumbs jet-blocks\">\n\t\t<div class=\"jet-breadcrumbs\">\n\t\t<div class=\"jet-breadcrumbs__content\">\n\t\t<div class=\"jet-breadcrumbs__wrap\"><div class=\"jet-breadcrumbs__item\"><a href=\"https:\/\/atslegal.vn\/vn\/\" class=\"jet-breadcrumbs__item-link is-home\" rel=\"home\" title=\"Trang Ch\u1ee7\">Trang Ch\u1ee7<\/a><\/div>\n\t\t<\/div>\n\t\t<\/div>\n\t\t<\/div><\/div>\t\t<\/div>\n\t\t\t\t<\/div>\n\t\t\t\t<section class=\"elementor-section elementor-inner-section elementor-element elementor-element-2363da3 elementor-section-boxed elementor-section-height-default elementor-section-height-default\" data-id=\"2363da3\" data-element_type=\"section\">\n\t\t\t\t\t\t<div class=\"elementor-container elementor-column-gap-default\">\n\t\t\t\t\t<div class=\"elementor-column elementor-col-50 elementor-inner-column elementor-element elementor-element-0d6ac3b\" data-id=\"0d6ac3b\" data-element_type=\"column\" data-settings=\"{&quot;background_background&quot;:&quot;classic&quot;}\">\n\t\t\t<div class=\"elementor-widget-wrap elementor-element-populated\">\n\t\t\t\t\t\t\t\t<div class=\"elementor-element elementor-element-b0b5473 elementor-widget__width-initial elementor-widget elementor-widget-image\" data-id=\"b0b5473\" data-element_type=\"widget\" data-widget_type=\"image.default\">\n\t\t\t\t<div class=\"elementor-widget-container\">\n\t\t\t<style>\/*! elementor - v3.18.0 - 20-12-2023 *\/\n.elementor-widget-image{text-align:center}.elementor-widget-image a{display:inline-block}.elementor-widget-image a img[src$=\".svg\"]{width:48px}.elementor-widget-image img{vertical-align:middle;display:inline-block}<\/style>\t\t\t\t\t\t\t\t\t\t\t\t<img decoding=\"async\" src=\"https:\/\/atslegal.vn\/wp-content\/uploads\/2022\/04\/Hoa-Co.png\" title=\"\" alt=\"Hoa Co\" loading=\"lazy\" \/>\t\t\t\t\t\t\t\t\t\t\t\t\t\t\t<\/div>\n\t\t\t\t<\/div>\n\t\t\t\t<div class=\"elementor-element elementor-element-9353785 elementor-widget__width-initial elementor-widget elementor-widget-text-editor\" data-id=\"9353785\" data-element_type=\"widget\" data-widget_type=\"text-editor.default\">\n\t\t\t\t<div class=\"elementor-widget-container\">\n\t\t\t<style>\/*! elementor - v3.18.0 - 20-12-2023 *\/\n.elementor-widget-text-editor.elementor-drop-cap-view-stacked .elementor-drop-cap{background-color:#69727d;color:#fff}.elementor-widget-text-editor.elementor-drop-cap-view-framed .elementor-drop-cap{color:#69727d;border:3px solid;background-color:transparent}.elementor-widget-text-editor:not(.elementor-drop-cap-view-default) .elementor-drop-cap{margin-top:8px}.elementor-widget-text-editor:not(.elementor-drop-cap-view-default) .elementor-drop-cap-letter{width:1em;height:1em}.elementor-widget-text-editor .elementor-drop-cap{float:left;text-align:center;line-height:1;font-size:50px}.elementor-widget-text-editor .elementor-drop-cap-letter{display:inline-block}<\/style>\t\t\t\t<p><strong>Mrs. C\u1ed3 Th\u1ecb Hoa<\/strong><br \/><span style=\"font-size: 14px; color: #b2b2b2;\">T\u01b0 v\u1ea5n qu\u1ea3n tr\u1ecb nh\u00e2n s\u1ef1<\/span><\/p>\t\t\t\t\t\t<\/div>\n\t\t\t\t<\/div>\n\t\t\t\t<div class=\"elementor-element elementor-element-de1947f elementor-align-left elementor-widget__width-initial elementor-icon-list--layout-traditional elementor-list-item-link-full_width elementor-widget elementor-widget-icon-list\" data-id=\"de1947f\" data-element_type=\"widget\" data-widget_type=\"icon-list.default\">\n\t\t\t\t<div class=\"elementor-widget-container\">\n\t\t\t<link rel=\"stylesheet\" href=\"https:\/\/atslegal.vn\/vn\/wp-content\/plugins\/elementor\/assets\/css\/widget-icon-list.min.css\">\t\t<ul class=\"elementor-icon-list-items\">\n\t\t\t\t\t\t\t<li class=\"elementor-icon-list-item\">\n\t\t\t\t\t\t\t\t\t\t\t<span class=\"elementor-icon-list-icon\">\n\t\t\t\t\t\t\t\t\t\t\t\t\t<\/span>\n\t\t\t\t\t\t\t\t\t\t<span class=\"elementor-icon-list-text\">+84 24 3751 1888<\/span>\n\t\t\t\t\t\t\t\t\t<\/li>\n\t\t\t\t\t\t\t\t<li class=\"elementor-icon-list-item\">\n\t\t\t\t\t\t\t\t\t\t\t<span class=\"elementor-icon-list-icon\">\n\t\t\t\t\t\t\t\t\t\t\t\t\t<\/span>\n\t\t\t\t\t\t\t\t\t\t<span class=\"elementor-icon-list-text\">hoact@atslegal.vn<\/span>\n\t\t\t\t\t\t\t\t\t<\/li>\n\t\t\t\t\t\t<\/ul>\n\t\t\t\t<\/div>\n\t\t\t\t<\/div>\n\t\t\t\t\t<\/div>\n\t\t<\/div>\n\t\t\t\t<div class=\"elementor-column elementor-col-50 elementor-inner-column elementor-element elementor-element-8bc0f78\" data-id=\"8bc0f78\" data-element_type=\"column\">\n\t\t\t<div class=\"elementor-widget-wrap elementor-element-populated\">\n\t\t\t\t\t\t\t\t<div class=\"elementor-element elementor-element-913c2d8 elementor-widget elementor-widget-heading\" data-id=\"913c2d8\" data-element_type=\"widget\" data-widget_type=\"heading.default\">\n\t\t\t\t<div class=\"elementor-widget-container\">\n\t\t\t<h3 class=\"elementor-heading-title elementor-size-default\">KINH NGHI\u1ec6M<\/h3>\t\t<\/div>\n\t\t\t\t<\/div>\n\t\t\t\t<div class=\"elementor-element elementor-element-766d5cd elementor-widget-divider--view-line elementor-widget elementor-widget-divider\" data-id=\"766d5cd\" data-element_type=\"widget\" data-widget_type=\"divider.default\">\n\t\t\t\t<div class=\"elementor-widget-container\">\n\t\t\t<style>\/*! elementor - v3.18.0 - 20-12-2023 *\/\n.elementor-widget-divider{--divider-border-style:none;--divider-border-width:1px;--divider-color:#0c0d0e;--divider-icon-size:20px;--divider-element-spacing:10px;--divider-pattern-height:24px;--divider-pattern-size:20px;--divider-pattern-url:none;--divider-pattern-repeat:repeat-x}.elementor-widget-divider .elementor-divider{display:flex}.elementor-widget-divider .elementor-divider__text{font-size:15px;line-height:1;max-width:95%}.elementor-widget-divider .elementor-divider__element{margin:0 var(--divider-element-spacing);flex-shrink:0}.elementor-widget-divider .elementor-icon{font-size:var(--divider-icon-size)}.elementor-widget-divider .elementor-divider-separator{display:flex;margin:0;direction:ltr}.elementor-widget-divider--view-line_icon .elementor-divider-separator,.elementor-widget-divider--view-line_text .elementor-divider-separator{align-items:center}.elementor-widget-divider--view-line_icon .elementor-divider-separator:after,.elementor-widget-divider--view-line_icon .elementor-divider-separator:before,.elementor-widget-divider--view-line_text .elementor-divider-separator:after,.elementor-widget-divider--view-line_text .elementor-divider-separator:before{display:block;content:\"\";border-bottom:0;flex-grow:1;border-top:var(--divider-border-width) var(--divider-border-style) var(--divider-color)}.elementor-widget-divider--element-align-left .elementor-divider .elementor-divider-separator>.elementor-divider__svg:first-of-type{flex-grow:0;flex-shrink:100}.elementor-widget-divider--element-align-left .elementor-divider-separator:before{content:none}.elementor-widget-divider--element-align-left .elementor-divider__element{margin-left:0}.elementor-widget-divider--element-align-right .elementor-divider .elementor-divider-separator>.elementor-divider__svg:last-of-type{flex-grow:0;flex-shrink:100}.elementor-widget-divider--element-align-right .elementor-divider-separator:after{content:none}.elementor-widget-divider--element-align-right .elementor-divider__element{margin-right:0}.elementor-widget-divider:not(.elementor-widget-divider--view-line_text):not(.elementor-widget-divider--view-line_icon) .elementor-divider-separator{border-top:var(--divider-border-width) var(--divider-border-style) var(--divider-color)}.elementor-widget-divider--separator-type-pattern{--divider-border-style:none}.elementor-widget-divider--separator-type-pattern.elementor-widget-divider--view-line .elementor-divider-separator,.elementor-widget-divider--separator-type-pattern:not(.elementor-widget-divider--view-line) .elementor-divider-separator:after,.elementor-widget-divider--separator-type-pattern:not(.elementor-widget-divider--view-line) .elementor-divider-separator:before,.elementor-widget-divider--separator-type-pattern:not([class*=elementor-widget-divider--view]) .elementor-divider-separator{width:100%;min-height:var(--divider-pattern-height);-webkit-mask-size:var(--divider-pattern-size) 100%;mask-size:var(--divider-pattern-size) 100%;-webkit-mask-repeat:var(--divider-pattern-repeat);mask-repeat:var(--divider-pattern-repeat);background-color:var(--divider-color);-webkit-mask-image:var(--divider-pattern-url);mask-image:var(--divider-pattern-url)}.elementor-widget-divider--no-spacing{--divider-pattern-size:auto}.elementor-widget-divider--bg-round{--divider-pattern-repeat:round}.rtl .elementor-widget-divider .elementor-divider__text{direction:rtl}.e-con-inner>.elementor-widget-divider,.e-con>.elementor-widget-divider{width:var(--container-widget-width,100%);--flex-grow:var(--container-widget-flex-grow)}<\/style>\t\t<div class=\"elementor-divider\">\n\t\t\t<span class=\"elementor-divider-separator\">\n\t\t\t\t\t\t<\/span>\n\t\t<\/div>\n\t\t\t\t<\/div>\n\t\t\t\t<\/div>\n\t\t\t\t<div class=\"elementor-element elementor-element-bd13acb elementor-widget elementor-widget-text-editor\" data-id=\"bd13acb\" data-element_type=\"widget\" data-widget_type=\"text-editor.default\">\n\t\t\t\t<div class=\"elementor-widget-container\">\n\t\t\t\t\t\t\t<p>B\u00e0 C\u1ed3 Th\u1ecb Hoa \u0111\u00e3 c\u00f3 h\u01a1n 25 n\u0103m kinh nghi\u1ec7m l\u00e0m vi\u1ec7c trong l\u0129nh v\u1ef1c qu\u1ea3n tr\u1ecb nh\u00e2n s\u1ef1. B\u00e0 Hoa c\u00f3 ki\u1ebfn th\u1ee9c chuy\u00ean m\u00f4n s\u00e2u, r\u1ed9ng v\u00e0 kinh nghi\u1ec7m l\u00e0m vi\u1ec7c t\u1ea1i c\u00e1c c\u00f4ng ty \u0111a ng\u00e0nh ngh\u1ec1, n\u1ed5i ti\u1ebfng tr\u00ean th\u1ebf gi\u1edbi, c\u0169ng nh\u01b0 c\u00e1c t\u1eadp \u0111o\u00e0n l\u1edbn c\u1ee7a Vi\u1ec7t Nam. B\u00e0 l\u00e0 m\u1ed9t trong s\u1ed1 r\u1ea5t \u00edt c\u00e1c chuy\u00ean gia v\u1ec1 qu\u1ea3n tr\u1ecb nh\u00e2n s\u1ef1 t\u1ea1i Vi\u1ec7t Nam c\u00f3 th\u1ec3 cung c\u1ea5p d\u1ecbch v\u1ee5 t\u01b0 v\u1ea5n qu\u1ea3n tr\u1ecb nh\u00e2n s\u1ef1 chuy\u00ean nghi\u1ec7p, \u0111\u1ed3ng th\u1eddi \u0111\u00e1p \u1ee9ng \u0111\u01b0\u1ee3c c\u00e1c ti\u00eau chu\u1ea9n qu\u1ed1c t\u1ebf v\u00e0 th\u1ef1c t\u1ebf th\u1ecb tr\u01b0\u1eddng v\u00e0 v\u0103n ho\u00e1 t\u1ea1i Vi\u1ec7t Nam. Kinh nghi\u1ec7m trong c\u00f4ng t\u00e1c t\u01b0 v\u1ea5n qu\u1ea3n tr\u1ecb nh\u00e2n s\u1ef1 c\u1ee7a b\u00e0 Hoa c\u00f3 li\u00ean quan \u0111\u1ebfn nhi\u1ec1u ng\u00e0nh ngh\u1ec1 nh\u01b0: s\u1ea3n xu\u1ea5t, h\u00e0ng ti\u00eau d\u00f9ng, kh\u00e1ch s\u1ea1n, c\u00f4ng ngh\u1ec7 cao, b\u1ea5t \u0111\u1ed9ng s\u1ea3n, gi\u00e1o d\u1ee5c, y t\u1ebf, logistic, n\u00f4ng nghi\u1ec7p \u2026\u00a0<\/p>\t\t\t\t\t\t<\/div>\n\t\t\t\t<\/div>\n\t\t\t\t\t<\/div>\n\t\t<\/div>\n\t\t\t\t\t\t\t<\/div>\n\t\t<\/section>\n\t\t\t\t<div class=\"elementor-element elementor-element-a0be3ad elementor-widget-divider--view-line_text elementor-widget-divider--element-align-center elementor-widget elementor-widget-divider\" data-id=\"a0be3ad\" data-element_type=\"widget\" data-widget_type=\"divider.default\">\n\t\t\t\t<div class=\"elementor-widget-container\">\n\t\t\t\t\t<div class=\"elementor-divider\">\n\t\t\t<span class=\"elementor-divider-separator\">\n\t\t\t\t\t\t\t<span class=\"elementor-divider__text elementor-divider__element\">\n\t\t\t\tTR\u00ccNH \u0110\u1ed8 H\u1eccC V\u1ea4N\t\t\t\t<\/span>\n\t\t\t\t\t\t<\/span>\n\t\t<\/div>\n\t\t\t\t<\/div>\n\t\t\t\t<\/div>\n\t\t\t\t<div class=\"elementor-element elementor-element-ff7139c elementor-widget__width-initial list-ct elementor-widget elementor-widget-text-editor\" data-id=\"ff7139c\" data-element_type=\"widget\" data-widget_type=\"text-editor.default\">\n\t\t\t\t<div class=\"elementor-widget-container\">\n\t\t\t\t\t\t\t<ul><li>C\u1eed nh\u00e2n Ngo\u1ea1i ng\u1eef \u2013 Anh v\u0103n, Tr\u01b0\u1eddng \u0111\u1ea1i h\u1ecdc Ngo\u1ea1i ng\u1eef H\u00e0 N\u1ed9i;<\/li><li>Th\u1ea1c s\u0129 Qu\u1ea3n tr\u1ecb nh\u00e2n s\u1ef1 \u2013 Tr\u01b0\u1eddng \u0111\u1ea1i h\u1ecdc Akamai, Hoa K\u1ef3.<\/li><\/ul>\t\t\t\t\t\t<\/div>\n\t\t\t\t<\/div>\n\t\t\t\t<div class=\"elementor-element elementor-element-d1d0b71 elementor-widget-divider--view-line_text elementor-widget-divider--element-align-center elementor-widget elementor-widget-divider\" data-id=\"d1d0b71\" data-element_type=\"widget\" data-widget_type=\"divider.default\">\n\t\t\t\t<div class=\"elementor-widget-container\">\n\t\t\t\t\t<div class=\"elementor-divider\">\n\t\t\t<span class=\"elementor-divider-separator\">\n\t\t\t\t\t\t\t<span class=\"elementor-divider__text elementor-divider__element\">\n\t\t\t\tL\u0128NH V\u1ef0C T\u01af V\u1ea4N\t\t\t\t<\/span>\n\t\t\t\t\t\t<\/span>\n\t\t<\/div>\n\t\t\t\t<\/div>\n\t\t\t\t<\/div>\n\t\t\t\t<div class=\"elementor-element elementor-element-61241a9 elementor-widget__width-initial list-ct elementor-widget elementor-widget-text-editor\" data-id=\"61241a9\" data-element_type=\"widget\" data-widget_type=\"text-editor.default\">\n\t\t\t\t<div class=\"elementor-widget-container\">\n\t\t\t\t\t\t\t<ul><li>Thi\u1ebft l\u1eadp ho\u1eb7c t\u00e1i c\u1ea5u tr\u00fac h\u1ec7 th\u1ed1ng qu\u1ea3n tr\u1ecb nh\u00e2n s\u1ef1 trong c\u00e1c c\u00f4ng ty\/ nh\u00f3m c\u00f4ng ty\/ t\u1eadp \u0111o\u00e0n<\/li><li>T\u01b0 v\u1ea5n qu\u1ea3n tr\u1ecb nh\u00e2n s\u1ef1 c\u00e1c v\u1ea5n \u0111\u1ec1 li\u00ean quan \u0111\u1ebfn mua b\u00e1n v\u00e0 s\u00e1p nh\u1eadp doanh nghi\u1ec7p<\/li><li>T\u01b0 v\u1ea5n t\u1ed5 ch\u1ee9c l\u1ea1i\/ t\u00e1i c\u1ea5u tr\u00fac doanh nghi\u1ec7p \u0084T\u01b0 v\u1ea5n qu\u1ea3n tr\u1ecb nh\u00e2n s\u1ef1 trong qu\u00e1 tr\u00ecnh v\u1eadn h\u00e0nh doanh nghi\u1ec7p ho\u1ea1t \u0111\u1ed9ng trong nhi\u1ec1u l\u0129nh v\u1ef1c<\/li><li>Ng\u00f4n ng\u1eef: Ti\u1ebfng Anh, ti\u1ebfng Vi\u1ec7t<\/li><\/ul>\t\t\t\t\t\t<\/div>\n\t\t\t\t<\/div>\n\t\t\t\t<div class=\"elementor-element elementor-element-b343160 elementor-widget-divider--view-line_text elementor-widget-divider--element-align-center elementor-widget elementor-widget-divider\" data-id=\"b343160\" data-element_type=\"widget\" data-widget_type=\"divider.default\">\n\t\t\t\t<div class=\"elementor-widget-container\">\n\t\t\t\t\t<div class=\"elementor-divider\">\n\t\t\t<span class=\"elementor-divider-separator\">\n\t\t\t\t\t\t\t<span class=\"elementor-divider__text elementor-divider__element\">\n\t\t\t\tM\u1ed8T S\u1ed0 V\u1ee4 VI\u1ec6C V\u00c0 KH\u00c1CH H\u00c0NG TI\u00caU BI\u1ec2U\t\t\t\t<\/span>\n\t\t\t\t\t\t<\/span>\n\t\t<\/div>\n\t\t\t\t<\/div>\n\t\t\t\t<\/div>\n\t\t\t\t<div class=\"elementor-element elementor-element-f364c64 elementor-widget__width-initial list-ct elementor-widget elementor-widget-text-editor\" data-id=\"f364c64\" data-element_type=\"widget\" data-widget_type=\"text-editor.default\">\n\t\t\t\t<div class=\"elementor-widget-container\">\n\t\t\t\t\t\t\t<ul>\n<li>Tr\u01b0\u1edfng ph\u00f2ng Nh\u00e2n s\u1ef1 &nbsp;\u2013 T\u1eadp \u0111o\u00e0n &nbsp;Vingroup<\/li><li>Tr\u01b0\u1edfng ph\u00f2ng Nh\u00e2n s\u1ef1 \u2013 Nokia Vi\u1ec7t Nam LLC<\/li><li>Gi\u00e1m \u0111\u1ed1c Nh\u00e2n s\u1ef1 (Vi\u1ec7t Nam &amp; L\u00e0o) \u2013 Nokia Siemens Networks<\/li><li>Gi\u00e1m \u0111\u1ed1c Nh\u00e2n s\u1ef1 \u2013 HT Mobile (Hutchison \u2013 Hanoi Telecom)<\/li><li>Gi\u00e1m \u0111\u1ed1c Nh\u00e2n s\u1ef1 \u2013 C\u00f4ng ty TNHH Nh\u00e0 m\u00e1y bia H\u00e0 T\u00e2y (C\u00f4ng ty Heineken).<\/li><li>Tr\u01b0\u1edfng ph\u00f2ng Nh\u00e2n s\u1ef1 &nbsp;v\u00e0 T\u1ed5ng h\u1ee3p \u2013 Canon Vi\u1ec7t Nam<\/li><li>Gi\u00e1m \u0111\u1ed1c Nh\u00e2n s\u1ef1 \u2013 C\u00f4ng ty TNHH Schmidt Vi\u1ec7t Nam<\/li><\/ul>\t\t\t\t\t\t<\/div>\n\t\t\t\t<\/div>\n\t\t\t\t\t<\/div>\n\t\t<\/div>\n\t\t\t\t\t\t\t<\/div>\n\t\t<\/section>\n\t\t\t\t\t\t\t<\/div>\n\t\t","protected":false},"excerpt":{"rendered":"<p>Professial Team Trang Ch\u1ee7 Mrs. C\u1ed3 Th\u1ecb HoaT\u01b0 v\u1ea5n qu\u1ea3n tr\u1ecb nh\u00e2n s\u1ef1 +84 24 3751 1888 hoact@atslegal.vn KINH NGHI\u1ec6M B\u00e0 C\u1ed3 Th\u1ecb Hoa \u0111\u00e3 c\u00f3 h\u01a1n 25 n\u0103m kinh nghi\u1ec7m l\u00e0m vi\u1ec7c trong l\u0129nh v\u1ef1c qu\u1ea3n tr\u1ecb nh\u00e2n s\u1ef1. B\u00e0 Hoa c\u00f3 ki\u1ebfn th\u1ee9c chuy\u00ean m\u00f4n s\u00e2u, r\u1ed9ng v\u00e0 kinh nghi\u1ec7m l\u00e0m vi\u1ec7c t\u1ea1i [&hellip;]<\/p>\n","protected":false},"author":1,"featured_media":0,"parent":7687,"menu_order":0,"comment_status":"closed","ping_status":"closed","template":"elementor_header_footer","meta":{"footnotes":""},"_links":{"self":[{"href":"https:\/\/atslegal.vn\/vn\/wp-json\/wp\/v2\/pages\/7866"}],"collection":[{"href":"https:\/\/atslegal.vn\/vn\/wp-json\/wp\/v2\/pages"}],"about":[{"href":"https:\/\/atslegal.vn\/vn\/wp-json\/wp\/v2\/types\/page"}],"author":[{"embeddable":true,"href":"https:\/\/atslegal.vn\/vn\/wp-json\/wp\/v2\/users\/1"}],"replies":[{"embeddable":true,"href":"https:\/\/atslegal.vn\/vn\/wp-json\/wp\/v2\/comments?post=7866"}],"version-history":[{"count":16,"href":"https:\/\/atslegal.vn\/vn\/wp-json\/wp\/v2\/pages\/7866\/revisions"}],"predecessor-version":[{"id":11280,"href":"https:\/\/atslegal.vn\/vn\/wp-json\/wp\/v2\/pages\/7866\/revisions\/11280"}],"up":[{"embeddable":true,"href":"https:\/\/atslegal.vn\/vn\/wp-json\/wp\/v2\/pages\/7687"}],"wp:attachment":[{"href":"https:\/\/atslegal.vn\/vn\/wp-json\/wp\/v2\/media?parent=7866"}],"curies":[{"name":"wp","href":"https:\/\/api.w.org\/{rel}","templated":true}]}}