{"id":7872,"date":"2023-02-05T16:10:45","date_gmt":"2023-02-05T09:10:45","guid":{"rendered":"https:\/\/atslegal.vn\/vn\/?page_id=7872"},"modified":"2024-12-05T18:05:46","modified_gmt":"2024-12-05T11:05:46","slug":"mrs-kavitha-kannan","status":"publish","type":"page","link":"https:\/\/atslegal.vn\/vn\/thanh-vien\/mrs-kavitha-kannan\/","title":{"rendered":"Mrs. Kavitha Kannan"},"content":{"rendered":"\t\t<div data-elementor-type=\"wp-page\" data-elementor-id=\"7872\" class=\"elementor elementor-7872\">\n\t\t\t\t\t\t\t\t\t<section class=\"elementor-section elementor-top-section elementor-element elementor-element-748e6d2 elementor-section-boxed elementor-section-height-default elementor-section-height-default\" data-id=\"748e6d2\" data-element_type=\"section\" data-settings=\"{&quot;background_background&quot;:&quot;classic&quot;}\">\n\t\t\t\t\t\t<div class=\"elementor-container elementor-column-gap-no\">\n\t\t\t\t\t<div class=\"elementor-column elementor-col-100 elementor-top-column elementor-element elementor-element-a66f3e8\" data-id=\"a66f3e8\" data-element_type=\"column\" data-settings=\"{&quot;background_background&quot;:&quot;classic&quot;}\">\n\t\t\t<div class=\"elementor-widget-wrap elementor-element-populated\">\n\t\t\t\t\t\t\t\t<div class=\"elementor-element elementor-element-bd0438d elementor-widget elementor-widget-heading\" data-id=\"bd0438d\" data-element_type=\"widget\" data-widget_type=\"heading.default\">\n\t\t\t\t<div class=\"elementor-widget-container\">\n\t\t\t<style>\/*! elementor - v3.18.0 - 20-12-2023 *\/\n.elementor-heading-title{padding:0;margin:0;line-height:1}.elementor-widget-heading .elementor-heading-title[class*=elementor-size-]>a{color:inherit;font-size:inherit;line-height:inherit}.elementor-widget-heading .elementor-heading-title.elementor-size-small{font-size:15px}.elementor-widget-heading .elementor-heading-title.elementor-size-medium{font-size:19px}.elementor-widget-heading .elementor-heading-title.elementor-size-large{font-size:29px}.elementor-widget-heading .elementor-heading-title.elementor-size-xl{font-size:39px}.elementor-widget-heading .elementor-heading-title.elementor-size-xxl{font-size:59px}<\/style><h1 class=\"elementor-heading-title elementor-size-default\">Professial Team<\/h1>\t\t<\/div>\n\t\t\t\t<\/div>\n\t\t\t\t<div class=\"elementor-element elementor-element-3fe64e4 jet-breadcrumbs-align-center elementor-widget elementor-widget-jet-breadcrumbs\" data-id=\"3fe64e4\" data-element_type=\"widget\" data-widget_type=\"jet-breadcrumbs.default\">\n\t\t\t\t<div class=\"elementor-widget-container\">\n\t\t\t<div class=\"elementor-jet-breadcrumbs jet-blocks\">\n\t\t<div class=\"jet-breadcrumbs\">\n\t\t<div class=\"jet-breadcrumbs__content\">\n\t\t<div class=\"jet-breadcrumbs__wrap\"><div class=\"jet-breadcrumbs__item\"><a href=\"https:\/\/atslegal.vn\/vn\/\" class=\"jet-breadcrumbs__item-link is-home\" rel=\"home\" title=\"Trang Ch\u1ee7\">Trang Ch\u1ee7<\/a><\/div>\n\t\t<\/div>\n\t\t<\/div>\n\t\t<\/div><\/div>\t\t<\/div>\n\t\t\t\t<\/div>\n\t\t\t\t<section class=\"elementor-section elementor-inner-section elementor-element elementor-element-437f438 elementor-section-boxed elementor-section-height-default elementor-section-height-default\" data-id=\"437f438\" data-element_type=\"section\">\n\t\t\t\t\t\t<div class=\"elementor-container elementor-column-gap-default\">\n\t\t\t\t\t<div class=\"elementor-column elementor-col-50 elementor-inner-column elementor-element elementor-element-b3704f9\" data-id=\"b3704f9\" data-element_type=\"column\" data-settings=\"{&quot;background_background&quot;:&quot;classic&quot;}\">\n\t\t\t<div class=\"elementor-widget-wrap elementor-element-populated\">\n\t\t\t\t\t\t\t\t<div class=\"elementor-element elementor-element-d2a8384 elementor-widget__width-initial elementor-widget elementor-widget-image\" data-id=\"d2a8384\" data-element_type=\"widget\" data-widget_type=\"image.default\">\n\t\t\t\t<div class=\"elementor-widget-container\">\n\t\t\t<style>\/*! elementor - v3.18.0 - 20-12-2023 *\/\n.elementor-widget-image{text-align:center}.elementor-widget-image a{display:inline-block}.elementor-widget-image a img[src$=\".svg\"]{width:48px}.elementor-widget-image img{vertical-align:middle;display:inline-block}<\/style>\t\t\t\t\t\t\t\t\t\t\t\t<img decoding=\"async\" src=\"https:\/\/atslegal.vn\/wp-content\/uploads\/2022\/04\/MRS-KAVITHA-KANNAN.png\" title=\"\" alt=\"MRS KAVITHA KANNAN\" loading=\"lazy\" \/>\t\t\t\t\t\t\t\t\t\t\t\t\t\t\t<\/div>\n\t\t\t\t<\/div>\n\t\t\t\t<div class=\"elementor-element elementor-element-1b81b0f elementor-widget__width-initial elementor-widget elementor-widget-text-editor\" data-id=\"1b81b0f\" data-element_type=\"widget\" data-widget_type=\"text-editor.default\">\n\t\t\t\t<div class=\"elementor-widget-container\">\n\t\t\t<style>\/*! elementor - v3.18.0 - 20-12-2023 *\/\n.elementor-widget-text-editor.elementor-drop-cap-view-stacked .elementor-drop-cap{background-color:#69727d;color:#fff}.elementor-widget-text-editor.elementor-drop-cap-view-framed .elementor-drop-cap{color:#69727d;border:3px solid;background-color:transparent}.elementor-widget-text-editor:not(.elementor-drop-cap-view-default) .elementor-drop-cap{margin-top:8px}.elementor-widget-text-editor:not(.elementor-drop-cap-view-default) .elementor-drop-cap-letter{width:1em;height:1em}.elementor-widget-text-editor .elementor-drop-cap{float:left;text-align:center;line-height:1;font-size:50px}.elementor-widget-text-editor .elementor-drop-cap-letter{display:inline-block}<\/style>\t\t\t\t<p><strong>LS. Kavitha Kannan<\/strong><br \/><span style=\"font-size: 14px;color: #b2b2b2\">Lu\u1eadt s\u01b0 c\u1ed9ng s\u1ef1 cao c\u1ea5p<\/span><\/p>\t\t\t\t\t\t<\/div>\n\t\t\t\t<\/div>\n\t\t\t\t<div class=\"elementor-element elementor-element-68c5694 elementor-align-left elementor-widget__width-initial elementor-icon-list--layout-traditional elementor-list-item-link-full_width elementor-widget elementor-widget-icon-list\" data-id=\"68c5694\" data-element_type=\"widget\" data-widget_type=\"icon-list.default\">\n\t\t\t\t<div class=\"elementor-widget-container\">\n\t\t\t<link rel=\"stylesheet\" href=\"https:\/\/atslegal.vn\/vn\/wp-content\/plugins\/elementor\/assets\/css\/widget-icon-list.min.css\">\t\t<ul class=\"elementor-icon-list-items\">\n\t\t\t\t\t\t\t<li class=\"elementor-icon-list-item\">\n\t\t\t\t\t\t\t\t\t\t\t<span class=\"elementor-icon-list-icon\">\n\t\t\t\t\t\t\t\t\t\t\t\t\t<\/span>\n\t\t\t\t\t\t\t\t\t\t<span class=\"elementor-icon-list-text\">+84 24 3751 1888<\/span>\n\t\t\t\t\t\t\t\t\t<\/li>\n\t\t\t\t\t\t\t\t<li class=\"elementor-icon-list-item\">\n\t\t\t\t\t\t\t\t\t\t\t<span class=\"elementor-icon-list-icon\">\n\t\t\t\t\t\t\t\t\t\t\t\t\t<\/span>\n\t\t\t\t\t\t\t\t\t\t<span class=\"elementor-icon-list-text\">partners@atslegal.vn<\/span>\n\t\t\t\t\t\t\t\t\t<\/li>\n\t\t\t\t\t\t<\/ul>\n\t\t\t\t<\/div>\n\t\t\t\t<\/div>\n\t\t\t\t\t<\/div>\n\t\t<\/div>\n\t\t\t\t<div class=\"elementor-column elementor-col-50 elementor-inner-column elementor-element elementor-element-4ed1bc7\" data-id=\"4ed1bc7\" data-element_type=\"column\">\n\t\t\t<div class=\"elementor-widget-wrap elementor-element-populated\">\n\t\t\t\t\t\t\t\t<div class=\"elementor-element elementor-element-5fb420f elementor-widget elementor-widget-heading\" data-id=\"5fb420f\" data-element_type=\"widget\" data-widget_type=\"heading.default\">\n\t\t\t\t<div class=\"elementor-widget-container\">\n\t\t\t<h3 class=\"elementor-heading-title elementor-size-default\">Kinh Nghi\u1ec7m<\/h3>\t\t<\/div>\n\t\t\t\t<\/div>\n\t\t\t\t<div class=\"elementor-element elementor-element-f248e1c elementor-widget-divider--view-line elementor-widget elementor-widget-divider\" data-id=\"f248e1c\" data-element_type=\"widget\" data-widget_type=\"divider.default\">\n\t\t\t\t<div class=\"elementor-widget-container\">\n\t\t\t<style>\/*! elementor - v3.18.0 - 20-12-2023 *\/\n.elementor-widget-divider{--divider-border-style:none;--divider-border-width:1px;--divider-color:#0c0d0e;--divider-icon-size:20px;--divider-element-spacing:10px;--divider-pattern-height:24px;--divider-pattern-size:20px;--divider-pattern-url:none;--divider-pattern-repeat:repeat-x}.elementor-widget-divider .elementor-divider{display:flex}.elementor-widget-divider .elementor-divider__text{font-size:15px;line-height:1;max-width:95%}.elementor-widget-divider .elementor-divider__element{margin:0 var(--divider-element-spacing);flex-shrink:0}.elementor-widget-divider .elementor-icon{font-size:var(--divider-icon-size)}.elementor-widget-divider .elementor-divider-separator{display:flex;margin:0;direction:ltr}.elementor-widget-divider--view-line_icon .elementor-divider-separator,.elementor-widget-divider--view-line_text .elementor-divider-separator{align-items:center}.elementor-widget-divider--view-line_icon .elementor-divider-separator:after,.elementor-widget-divider--view-line_icon .elementor-divider-separator:before,.elementor-widget-divider--view-line_text .elementor-divider-separator:after,.elementor-widget-divider--view-line_text .elementor-divider-separator:before{display:block;content:\"\";border-bottom:0;flex-grow:1;border-top:var(--divider-border-width) var(--divider-border-style) var(--divider-color)}.elementor-widget-divider--element-align-left .elementor-divider .elementor-divider-separator>.elementor-divider__svg:first-of-type{flex-grow:0;flex-shrink:100}.elementor-widget-divider--element-align-left .elementor-divider-separator:before{content:none}.elementor-widget-divider--element-align-left .elementor-divider__element{margin-left:0}.elementor-widget-divider--element-align-right .elementor-divider .elementor-divider-separator>.elementor-divider__svg:last-of-type{flex-grow:0;flex-shrink:100}.elementor-widget-divider--element-align-right .elementor-divider-separator:after{content:none}.elementor-widget-divider--element-align-right .elementor-divider__element{margin-right:0}.elementor-widget-divider:not(.elementor-widget-divider--view-line_text):not(.elementor-widget-divider--view-line_icon) .elementor-divider-separator{border-top:var(--divider-border-width) var(--divider-border-style) var(--divider-color)}.elementor-widget-divider--separator-type-pattern{--divider-border-style:none}.elementor-widget-divider--separator-type-pattern.elementor-widget-divider--view-line .elementor-divider-separator,.elementor-widget-divider--separator-type-pattern:not(.elementor-widget-divider--view-line) .elementor-divider-separator:after,.elementor-widget-divider--separator-type-pattern:not(.elementor-widget-divider--view-line) .elementor-divider-separator:before,.elementor-widget-divider--separator-type-pattern:not([class*=elementor-widget-divider--view]) .elementor-divider-separator{width:100%;min-height:var(--divider-pattern-height);-webkit-mask-size:var(--divider-pattern-size) 100%;mask-size:var(--divider-pattern-size) 100%;-webkit-mask-repeat:var(--divider-pattern-repeat);mask-repeat:var(--divider-pattern-repeat);background-color:var(--divider-color);-webkit-mask-image:var(--divider-pattern-url);mask-image:var(--divider-pattern-url)}.elementor-widget-divider--no-spacing{--divider-pattern-size:auto}.elementor-widget-divider--bg-round{--divider-pattern-repeat:round}.rtl .elementor-widget-divider .elementor-divider__text{direction:rtl}.e-con-inner>.elementor-widget-divider,.e-con>.elementor-widget-divider{width:var(--container-widget-width,100%);--flex-grow:var(--container-widget-flex-grow)}<\/style>\t\t<div class=\"elementor-divider\">\n\t\t\t<span class=\"elementor-divider-separator\">\n\t\t\t\t\t\t<\/span>\n\t\t<\/div>\n\t\t\t\t<\/div>\n\t\t\t\t<\/div>\n\t\t\t\t<div class=\"elementor-element elementor-element-2e9d250 elementor-widget elementor-widget-text-editor\" data-id=\"2e9d250\" data-element_type=\"widget\" data-widget_type=\"text-editor.default\">\n\t\t\t\t<div class=\"elementor-widget-container\">\n\t\t\t\t\t\t\t<p>B\u00e0 Kavitha Kannan l\u00e0 m\u1ed9t Lu\u1eadt s\u01b0 \u0111\u1ebfn t\u1eeb \u1ea4n \u0110\u1ed9 v\u00e0 m\u1edbi gia nh\u1eadp <a title=\"C\u00f4ng ty Lu\u1eadt\" href=\"https:\/\/atslegal.vn\/vn\/\">C\u00f4ng ty Lu\u1eadt<\/a>\u00a0TNHH ATS. B\u00e0 \u0111\u00e3 c\u00f3 h\u01a1n 14 n\u0103m kinh nghi\u1ec7m h\u00e0nh ngh\u1ec1 t\u01b0 v\u1ea5n ph\u00e1p lu\u1eadt. Sau khi t\u1ed1t nghi\u1ec7p tr\u01b0\u1eddng \u0110\u1ea1i h\u1ecdc chuy\u00ean ng\u00e0nh lu\u1eadt, b\u00e0 Kavitha \u0111\u00e3 c\u00f3 kinh nghi\u1ec7m l\u00e0m vi\u1ec7c t\u1ea1i m\u1ed9t s\u1ed1 C\u00f4ng ty Lu\u1eadt t\u1ea1i Mumbai, Chennai v\u00e0 l\u00e0 Lu\u1eadt s\u01b0 th\u00e0nh vi\u00ean c\u1ee7a m\u1ed9t s\u1ed1 C\u00f4ng ty Lu\u1eadt \u1edf Mumbai.<br \/>B\u00e0 \u0111\u00e3 c\u00f3 th\u1eddi gian h\u00e0nh ngh\u1ec1 \u0111\u1ed9c l\u1eadp v\u1edbi l\u01b0\u1ee3ng kh\u00e1ch h\u00e0ng \u1ed5n \u0111\u1ecbnh, chuy\u00ean v\u1ec1 tranh t\u1ee5ng <a title=\"gi\u1ea3i quy\u1ebft tranh ch\u1ea5p\" href=\"https:\/\/atslegal.vn\/vn\/linh-vuc-hoat-dong\/giai-quyet-tranh-chap\/\">gi\u1ea3i quy\u1ebft tranh ch\u1ea5p<\/a>\u00a0li\u00ean quan \u0111\u1ebfn C\u00f4ng ty, \u0111\u00e1nh gi\u00e1 ph\u00e1p l\u00fd v\u00e0 chuy\u1ec3n nh\u01b0\u1ee3ng. B\u00e0 l\u00e0 m\u1ed9t trong nh\u1eefng c\u1ed1 v\u1ea5n ph\u00e1p l\u00fd th\u01b0\u1eddng xuy\u00ean c\u1ee7a C\u01a1 quan \u0110\u0103ng k\u00fd Ch\u1ee9ng kho\u00e1n v\u00e0 \u0111\u00e3 t\u01b0 v\u1ea5n cho nhi\u1ec1u C\u00f4ng ty trong c\u00e1c v\u1ee5 vi\u1ec7c c\u1ee5 th\u1ec3.<br \/>B\u00e0 \u0111\u00e3 tham gia gi\u1ea3i quy\u1ebft c\u00e1c v\u1ee5 vi\u1ec7c t\u1ea1i nhi\u1ec1u c\u1ea5p T\u00f2a \u00e1n v\u00e0 c\u00e1c c\u01a1 quan c\u00f3 th\u1ea9m quy\u1ec1n t\u1ea1i \u1ea4n \u0110\u1ed9. M\u1ed9t trong nh\u1eefng th\u1ebf m\u1ea1nh kh\u00e1c c\u1ee7a b\u00e0 l\u00e0 gi\u1ea3i quy\u1ebft c\u00e1c v\u1ea5n \u0111\u1ec1 v\u1ec1 h\u00f4n nh\u00e2n gia \u0111\u00ecnh v\u00e0 l\u0129nh v\u1ef1c b\u1ea5t \u0111\u1ed9ng s\u1ea3n.<\/p>\t\t\t\t\t\t<\/div>\n\t\t\t\t<\/div>\n\t\t\t\t\t<\/div>\n\t\t<\/div>\n\t\t\t\t\t\t\t<\/div>\n\t\t<\/section>\n\t\t\t\t<div class=\"elementor-element elementor-element-6c35216 elementor-widget-divider--view-line_text elementor-widget-divider--element-align-center elementor-widget elementor-widget-divider\" data-id=\"6c35216\" data-element_type=\"widget\" data-widget_type=\"divider.default\">\n\t\t\t\t<div class=\"elementor-widget-container\">\n\t\t\t\t\t<div class=\"elementor-divider\">\n\t\t\t<span class=\"elementor-divider-separator\">\n\t\t\t\t\t\t\t<span class=\"elementor-divider__text elementor-divider__element\">\n\t\t\t\tL\u0128NH V\u1ef0C T\u01af V\u1ea4N\t\t\t\t<\/span>\n\t\t\t\t\t\t<\/span>\n\t\t<\/div>\n\t\t\t\t<\/div>\n\t\t\t\t<\/div>\n\t\t\t\t<div class=\"elementor-element elementor-element-5b9ab23 elementor-widget__width-initial list-ct elementor-widget elementor-widget-text-editor\" data-id=\"5b9ab23\" data-element_type=\"widget\" data-widget_type=\"text-editor.default\">\n\t\t\t\t<div class=\"elementor-widget-container\">\n\t\t\t\t\t\t\t<ul><li>Doanh nghi\u1ec7p v\u00e0 th\u01b0\u01a1ng m\u1ea1i<\/li><li>Tranh t\u1ee5ng<\/li><li>Chuy\u1ec3n nh\u01b0\u1ee3ng<\/li><li>B\u1ea5t \u0111\u1ed9ng s\u1ea3n \u2013 b\u1ea3o v\u1ec7 quy\u1ec1n s\u1edf h\u1eefu v\u00e0 c\u00e1c th\u1ecfa thu\u1eadn<\/li><li>Tr\u1ecdng t\u00e0i<\/li><li>Tranh ch\u1ea5p v\u1ec1 h\u00f4n nh\u00e2n gia \u0111\u00ecnh<\/li><li>Tranh ch\u1ea5p v\u1ec1 di ch\u00fac<\/li><\/ul>\t\t\t\t\t\t<\/div>\n\t\t\t\t<\/div>\n\t\t\t\t<div class=\"elementor-element elementor-element-86de0e1 elementor-widget-divider--view-line_text elementor-widget-divider--element-align-center elementor-widget elementor-widget-divider\" data-id=\"86de0e1\" data-element_type=\"widget\" data-widget_type=\"divider.default\">\n\t\t\t\t<div class=\"elementor-widget-container\">\n\t\t\t\t\t<div class=\"elementor-divider\">\n\t\t\t<span class=\"elementor-divider-separator\">\n\t\t\t\t\t\t\t<span class=\"elementor-divider__text elementor-divider__element\">\n\t\t\t\tM\u1ed8T S\u1ed0 V\u1ee4 VI\u1ec6C TI\u00caU BI\u1ec2U\t\t\t\t<\/span>\n\t\t\t\t\t\t<\/span>\n\t\t<\/div>\n\t\t\t\t<\/div>\n\t\t\t\t<\/div>\n\t\t\t\t<div class=\"elementor-element elementor-element-bb39d5a elementor-widget__width-initial list-ct elementor-widget elementor-widget-text-editor\" data-id=\"bb39d5a\" data-element_type=\"widget\" data-widget_type=\"text-editor.default\">\n\t\t\t\t<div class=\"elementor-widget-container\">\n\t\t\t\t\t\t\t<ul>\n<li>Ho\u1ea1t \u0111\u1ed9ng \u0111\u1ed9c l\u1eadp t\u1eeb n\u0103m 2001 v\u00e0 l\u00e0 Lu\u1eadt&nbsp; s\u01b0 c\u1ed9ng s\u1ef1 c\u1ee7a m\u1ed9t s\u1ed1 C\u00f4ng ty Lu\u1eadt<\/li><li>L\u00e0 c\u1ed1 v\u1ea5n ph\u00e1p l\u00fd th\u01b0\u1eddng xuy\u00ean cho C\u00f4ng ty \u0110\u0103ng k\u00fd Ch\u1ee9ng kho\u00e1n t\u1ea1i Mumbai trong giai \u0111o\u1ea1n 2003 \u2013 2006, t\u01b0 v\u1ea5n b\u1ea3o v\u1ec7 quy\u1ec1n l\u1ee3i c\u1ee7a t\u1ed5 ch\u1ee9c v\u00e0 c\u00e1c v\u1ea5n \u0111\u1ec1 ph\u00e1p l\u00fd li\u00ean quan \u0111\u1ebfn c\u00e1c r\u1ee7i ro t\u1eeb b\u00ean ngo\u00e0i; gi\u1ea3i quy\u1ebft c\u00e1c tranh ch\u1ea5p th\u00f4ng qua tranh t\u1ee5ng khi c\u1ea7n thi\u1ebft. T\u01b0 v\u1ea5n v\u00e0 h\u1ed7 tr\u1ee3 c\u00e1c kh\u00e1ch h\u00e0ng, c\u00e1c t\u1ed5 ch\u1ee9c&nbsp; gi\u1ea3i quy\u1ebft c\u00e1c v\u1ea5n \u0111\u1ec1 li\u00ean quan \u0111\u1ebfn ph\u00e1p l\u00fd ph\u00e1t sinh trong ho\u1ea1t \u0111\u1ed9ng kinh doanh h\u00e0ng ng\u00e0y. Chu\u1ea9n b\u1ecb, r\u00e0 so\u00e1t, t\u01b0 v\u1ea5n c\u00e1c giao d\u1ecbch v\u00e0 c\u00e1c th\u1ecfa thu\u1eadn do C\u00f4ng ty k\u00fd k\u1ebft.<\/li><li>L\u00e0 Lu\u1eadt s\u01b0 c\u1ed9ng s\u1ef1 c\u1ee7a m\u1ed9t C\u00f4ng ty Lu\u1eadt chuy\u00ean cung c\u1ea5p c\u00e1c d\u1ecbch v\u1ee5 ph\u00e1p l\u00fd trong l\u0129nh v\u1ef1c lao \u0111\u1ed9ng v\u00e0 vi\u1ec7c l\u00e0m, b\u1ea5t \u0111\u1ed9ng s\u1ea3n, so\u1ea1n th\u1ea3o h\u1ee3p \u0111\u1ed3ng, \u0111\u00e0m ph\u00e1n, \u0111\u00e1nh gi\u00e1 ph\u00e1p l\u00fd&nbsp; v\u00e0 tu\u00e2n th\u1ee7 ph\u00e1p lu\u1eadt.<\/li><li>L\u00e0 Lu\u1eadt s\u01b0 c\u1ed9ng s\u1ef1 c\u1ee7a m\u1ed9t C\u00f4ng ty Lu\u1eadt chuy\u00ean v\u1ec1 s\u1edf h\u1eefu tr\u00ed tu\u1ec7, truy\u1ec1n th\u00f4ng, vi\u1ec5n th\u00f4ng v\u00e0 c\u00f4ng ngh\u1ec7. \u0110\u00e3 c\u00f3 kinh nghi\u1ec7m chuy\u00ean s\u00e2u trong l\u0129nh v\u1ef1c li\u00ean quan \u0111\u1ebfn \u0111\u0103ng k\u00fd nh\u00e3n hi\u1ec7u h\u00e0ng h\u00f3a, b\u1ea3n quy\u1ec1n v\u00e0 b\u1eb1ng s\u00e1ng ch\u1ebf.<\/li><li>L\u00e0 Lu\u1eadt s\u01b0 c\u1ed9ng s\u1ef1 c\u1ee7a m\u1ed9t C\u00f4ng ty Lu\u1eadt chuy\u00ean cung c\u1ea5p c\u00e1c d\u1ecbch v\u1ee5 ph\u00e1p l\u00fd trong l\u0129nh v\u1ef1c b\u1ea5t \u0111\u1ed9ng s\u1ea3n, c\u00f9ng v\u1edbi m\u1ed9t s\u1ed1 chuy\u00ean gia l\u1eadp b\u00e1o c\u00e1o th\u1ea9m \u0111\u1ecbnh v\u1ec1 quy\u1ec1n s\u1edf h\u1eefu v\u00e0 so\u1ea1n th\u1ea3o c\u00e1c lo\u1ea1i th\u1ecfa thu\u1eadn v\u1ec1 chuy\u1ec3n nh\u01b0\u1ee3ng.<\/li><li>L\u00e0 Lu\u1eadt s\u01b0 c\u1ed9ng s\u1ef1 c\u1ea5p cao c\u1ee7a m\u1ed9t C\u00f4ng ty Lu\u1eadt&nbsp; chuy\u00ean&nbsp; gi\u1ea3i quy\u1ebft c\u00e1c v\u1ee5 vi\u1ec7c th\u00f4ng qua c\u00e1c th\u1ee7 t\u1ee5c ti\u1ec1n t\u1ed1 t\u1ee5ng ho\u1eb7c tranh t\u1ee5ng.<\/li>\n<\/ul>\t\t\t\t\t\t<\/div>\n\t\t\t\t<\/div>\n\t\t\t\t\t<\/div>\n\t\t<\/div>\n\t\t\t\t\t\t\t<\/div>\n\t\t<\/section>\n\t\t\t\t\t\t\t<\/div>\n\t\t","protected":false},"excerpt":{"rendered":"<p>Professial Team Trang Ch\u1ee7 LS. Kavitha KannanLu\u1eadt s\u01b0 c\u1ed9ng s\u1ef1 cao c\u1ea5p +84 24 3751 1888 partners@atslegal.vn Kinh Nghi\u1ec7m B\u00e0 Kavitha Kannan l\u00e0 m\u1ed9t Lu\u1eadt s\u01b0 \u0111\u1ebfn t\u1eeb \u1ea4n \u0110\u1ed9 v\u00e0 m\u1edbi gia nh\u1eadp C\u00f4ng ty Lu\u1eadt\u00a0TNHH ATS. B\u00e0 \u0111\u00e3 c\u00f3 h\u01a1n 14 n\u0103m kinh nghi\u1ec7m h\u00e0nh ngh\u1ec1 t\u01b0 v\u1ea5n ph\u00e1p lu\u1eadt. Sau khi t\u1ed1t [&hellip;]<\/p>\n","protected":false},"author":1,"featured_media":0,"parent":7687,"menu_order":0,"comment_status":"closed","ping_status":"closed","template":"elementor_header_footer","meta":{"footnotes":""},"_links":{"self":[{"href":"https:\/\/atslegal.vn\/vn\/wp-json\/wp\/v2\/pages\/7872"}],"collection":[{"href":"https:\/\/atslegal.vn\/vn\/wp-json\/wp\/v2\/pages"}],"about":[{"href":"https:\/\/atslegal.vn\/vn\/wp-json\/wp\/v2\/types\/page"}],"author":[{"embeddable":true,"href":"https:\/\/atslegal.vn\/vn\/wp-json\/wp\/v2\/users\/1"}],"replies":[{"embeddable":true,"href":"https:\/\/atslegal.vn\/vn\/wp-json\/wp\/v2\/comments?post=7872"}],"version-history":[{"count":25,"href":"https:\/\/atslegal.vn\/vn\/wp-json\/wp\/v2\/pages\/7872\/revisions"}],"predecessor-version":[{"id":11394,"href":"https:\/\/atslegal.vn\/vn\/wp-json\/wp\/v2\/pages\/7872\/revisions\/11394"}],"up":[{"embeddable":true,"href":"https:\/\/atslegal.vn\/vn\/wp-json\/wp\/v2\/pages\/7687"}],"wp:attachment":[{"href":"https:\/\/atslegal.vn\/vn\/wp-json\/wp\/v2\/media?parent=7872"}],"curies":[{"name":"wp","href":"https:\/\/api.w.org\/{rel}","templated":true}]}}