{"id":7878,"date":"2023-02-05T16:11:33","date_gmt":"2023-02-05T09:11:33","guid":{"rendered":"https:\/\/atslegal.vn\/vn\/?page_id=7878"},"modified":"2026-01-30T23:47:15","modified_gmt":"2026-01-30T16:47:15","slug":"mrs-luong-nhi-ha","status":"publish","type":"page","link":"https:\/\/atslegal.vn\/vn\/thanh-vien\/mrs-luong-nhi-ha\/","title":{"rendered":"Mrs. Luong Nhi Ha"},"content":{"rendered":"\t\t<div data-elementor-type=\"wp-page\" data-elementor-id=\"7878\" class=\"elementor elementor-7878\">\n\t\t\t\t\t\t\t\t\t<section class=\"elementor-section elementor-top-section elementor-element elementor-element-4276715 elementor-section-boxed elementor-section-height-default elementor-section-height-default\" data-id=\"4276715\" data-element_type=\"section\" data-settings=\"{&quot;background_background&quot;:&quot;classic&quot;}\">\n\t\t\t\t\t\t<div class=\"elementor-container elementor-column-gap-no\">\n\t\t\t\t\t<div class=\"elementor-column elementor-col-100 elementor-top-column elementor-element elementor-element-1c6696a\" data-id=\"1c6696a\" data-element_type=\"column\" data-settings=\"{&quot;background_background&quot;:&quot;classic&quot;}\">\n\t\t\t<div class=\"elementor-widget-wrap elementor-element-populated\">\n\t\t\t\t\t\t\t\t<div class=\"elementor-element elementor-element-7aec424 elementor-widget elementor-widget-heading\" data-id=\"7aec424\" data-element_type=\"widget\" data-widget_type=\"heading.default\">\n\t\t\t\t<div class=\"elementor-widget-container\">\n\t\t\t<style>\/*! elementor - v3.18.0 - 20-12-2023 *\/\n.elementor-heading-title{padding:0;margin:0;line-height:1}.elementor-widget-heading .elementor-heading-title[class*=elementor-size-]>a{color:inherit;font-size:inherit;line-height:inherit}.elementor-widget-heading .elementor-heading-title.elementor-size-small{font-size:15px}.elementor-widget-heading .elementor-heading-title.elementor-size-medium{font-size:19px}.elementor-widget-heading .elementor-heading-title.elementor-size-large{font-size:29px}.elementor-widget-heading .elementor-heading-title.elementor-size-xl{font-size:39px}.elementor-widget-heading .elementor-heading-title.elementor-size-xxl{font-size:59px}<\/style><h1 class=\"elementor-heading-title elementor-size-default\">Th\u00e0nh Vi\u00ean<\/h1>\t\t<\/div>\n\t\t\t\t<\/div>\n\t\t\t\t<div class=\"elementor-element elementor-element-68da4c1 jet-breadcrumbs-align-center elementor-widget elementor-widget-jet-breadcrumbs\" data-id=\"68da4c1\" data-element_type=\"widget\" data-widget_type=\"jet-breadcrumbs.default\">\n\t\t\t\t<div class=\"elementor-widget-container\">\n\t\t\t<div class=\"elementor-jet-breadcrumbs jet-blocks\">\n\t\t<div class=\"jet-breadcrumbs\">\n\t\t<div class=\"jet-breadcrumbs__content\">\n\t\t<div class=\"jet-breadcrumbs__wrap\"><div class=\"jet-breadcrumbs__item\"><a href=\"https:\/\/atslegal.vn\/vn\/\" class=\"jet-breadcrumbs__item-link is-home\" rel=\"home\" title=\"Trang Ch\u1ee7\">Trang Ch\u1ee7<\/a><\/div>\n\t\t<\/div>\n\t\t<\/div>\n\t\t<\/div><\/div>\t\t<\/div>\n\t\t\t\t<\/div>\n\t\t\t\t<section class=\"elementor-section elementor-inner-section elementor-element elementor-element-7fa13ad elementor-section-boxed elementor-section-height-default elementor-section-height-default\" data-id=\"7fa13ad\" data-element_type=\"section\">\n\t\t\t\t\t\t<div class=\"elementor-container elementor-column-gap-default\">\n\t\t\t\t\t<div class=\"elementor-column elementor-col-50 elementor-inner-column elementor-element elementor-element-a0f8156\" data-id=\"a0f8156\" data-element_type=\"column\" data-settings=\"{&quot;background_background&quot;:&quot;classic&quot;}\">\n\t\t\t<div class=\"elementor-widget-wrap elementor-element-populated\">\n\t\t\t\t\t\t\t\t<div class=\"elementor-element elementor-element-45ea9b3 elementor-widget__width-initial elementor-widget elementor-widget-image\" data-id=\"45ea9b3\" data-element_type=\"widget\" data-widget_type=\"image.default\">\n\t\t\t\t<div class=\"elementor-widget-container\">\n\t\t\t<style>\/*! elementor - v3.18.0 - 20-12-2023 *\/\n.elementor-widget-image{text-align:center}.elementor-widget-image a{display:inline-block}.elementor-widget-image a img[src$=\".svg\"]{width:48px}.elementor-widget-image img{vertical-align:middle;display:inline-block}<\/style>\t\t\t\t\t\t\t\t\t\t\t\t<img decoding=\"async\" src=\"https:\/\/atslegal.vn\/wp-content\/uploads\/2022\/04\/LUONG-NHI-HA.png\" title=\"\" alt=\"LUONG NHI HA\" loading=\"lazy\" \/>\t\t\t\t\t\t\t\t\t\t\t\t\t\t\t<\/div>\n\t\t\t\t<\/div>\n\t\t\t\t<div class=\"elementor-element elementor-element-fc456c3 elementor-widget__width-initial elementor-widget elementor-widget-text-editor\" data-id=\"fc456c3\" data-element_type=\"widget\" data-widget_type=\"text-editor.default\">\n\t\t\t\t<div class=\"elementor-widget-container\">\n\t\t\t<style>\/*! elementor - v3.18.0 - 20-12-2023 *\/\n.elementor-widget-text-editor.elementor-drop-cap-view-stacked .elementor-drop-cap{background-color:#69727d;color:#fff}.elementor-widget-text-editor.elementor-drop-cap-view-framed .elementor-drop-cap{color:#69727d;border:3px solid;background-color:transparent}.elementor-widget-text-editor:not(.elementor-drop-cap-view-default) .elementor-drop-cap{margin-top:8px}.elementor-widget-text-editor:not(.elementor-drop-cap-view-default) .elementor-drop-cap-letter{width:1em;height:1em}.elementor-widget-text-editor .elementor-drop-cap{float:left;text-align:center;line-height:1;font-size:50px}.elementor-widget-text-editor .elementor-drop-cap-letter{display:inline-block}<\/style>\t\t\t\t<p><strong>Mrs. L\u01b0\u01a1ng Nh\u1ecb H\u00e0<\/strong><br><span style=\"font-size: 14px;color: #b2b2b2\">Chuy\u00ean gia t\u01b0 v\u1ea5n thu\u1ebf<\/span><\/p>\t\t\t\t\t\t<\/div>\n\t\t\t\t<\/div>\n\t\t\t\t<div class=\"elementor-element elementor-element-9609f65 elementor-align-left elementor-widget__width-initial elementor-icon-list--layout-traditional elementor-list-item-link-full_width elementor-widget elementor-widget-icon-list\" data-id=\"9609f65\" data-element_type=\"widget\" data-widget_type=\"icon-list.default\">\n\t\t\t\t<div class=\"elementor-widget-container\">\n\t\t\t<link rel=\"stylesheet\" href=\"https:\/\/atslegal.vn\/vn\/wp-content\/plugins\/elementor\/assets\/css\/widget-icon-list.min.css\">\t\t<ul class=\"elementor-icon-list-items\">\n\t\t\t\t\t\t\t<li class=\"elementor-icon-list-item\">\n\t\t\t\t\t\t\t\t\t\t\t<span class=\"elementor-icon-list-icon\">\n\t\t\t\t\t\t\t\t\t\t\t\t\t<\/span>\n\t\t\t\t\t\t\t\t\t\t<span class=\"elementor-icon-list-text\">+84 24 3751 1888<\/span>\n\t\t\t\t\t\t\t\t\t<\/li>\n\t\t\t\t\t\t\t\t<li class=\"elementor-icon-list-item\">\n\t\t\t\t\t\t\t\t\t\t\t<span class=\"elementor-icon-list-icon\">\n\t\t\t\t\t\t\t\t\t\t\t\t\t<\/span>\n\t\t\t\t\t\t\t\t\t\t<span class=\"elementor-icon-list-text\">partners@atslegal.vn<\/span>\n\t\t\t\t\t\t\t\t\t<\/li>\n\t\t\t\t\t\t<\/ul>\n\t\t\t\t<\/div>\n\t\t\t\t<\/div>\n\t\t\t\t\t<\/div>\n\t\t<\/div>\n\t\t\t\t<div class=\"elementor-column elementor-col-50 elementor-inner-column elementor-element elementor-element-de2c476\" data-id=\"de2c476\" data-element_type=\"column\">\n\t\t\t<div class=\"elementor-widget-wrap elementor-element-populated\">\n\t\t\t\t\t\t\t\t<div class=\"elementor-element elementor-element-350a2cf elementor-widget elementor-widget-heading\" data-id=\"350a2cf\" data-element_type=\"widget\" data-widget_type=\"heading.default\">\n\t\t\t\t<div class=\"elementor-widget-container\">\n\t\t\t<h3 class=\"elementor-heading-title elementor-size-default\">Gi\u1edbi Thi\u1ec7u<\/h3>\t\t<\/div>\n\t\t\t\t<\/div>\n\t\t\t\t<div class=\"elementor-element elementor-element-4fbd894 elementor-widget-divider--view-line elementor-widget elementor-widget-divider\" data-id=\"4fbd894\" data-element_type=\"widget\" data-widget_type=\"divider.default\">\n\t\t\t\t<div class=\"elementor-widget-container\">\n\t\t\t<style>\/*! elementor - v3.18.0 - 20-12-2023 *\/\n.elementor-widget-divider{--divider-border-style:none;--divider-border-width:1px;--divider-color:#0c0d0e;--divider-icon-size:20px;--divider-element-spacing:10px;--divider-pattern-height:24px;--divider-pattern-size:20px;--divider-pattern-url:none;--divider-pattern-repeat:repeat-x}.elementor-widget-divider .elementor-divider{display:flex}.elementor-widget-divider .elementor-divider__text{font-size:15px;line-height:1;max-width:95%}.elementor-widget-divider .elementor-divider__element{margin:0 var(--divider-element-spacing);flex-shrink:0}.elementor-widget-divider .elementor-icon{font-size:var(--divider-icon-size)}.elementor-widget-divider .elementor-divider-separator{display:flex;margin:0;direction:ltr}.elementor-widget-divider--view-line_icon .elementor-divider-separator,.elementor-widget-divider--view-line_text .elementor-divider-separator{align-items:center}.elementor-widget-divider--view-line_icon .elementor-divider-separator:after,.elementor-widget-divider--view-line_icon .elementor-divider-separator:before,.elementor-widget-divider--view-line_text .elementor-divider-separator:after,.elementor-widget-divider--view-line_text .elementor-divider-separator:before{display:block;content:\"\";border-bottom:0;flex-grow:1;border-top:var(--divider-border-width) var(--divider-border-style) var(--divider-color)}.elementor-widget-divider--element-align-left .elementor-divider .elementor-divider-separator>.elementor-divider__svg:first-of-type{flex-grow:0;flex-shrink:100}.elementor-widget-divider--element-align-left .elementor-divider-separator:before{content:none}.elementor-widget-divider--element-align-left .elementor-divider__element{margin-left:0}.elementor-widget-divider--element-align-right .elementor-divider .elementor-divider-separator>.elementor-divider__svg:last-of-type{flex-grow:0;flex-shrink:100}.elementor-widget-divider--element-align-right .elementor-divider-separator:after{content:none}.elementor-widget-divider--element-align-right .elementor-divider__element{margin-right:0}.elementor-widget-divider:not(.elementor-widget-divider--view-line_text):not(.elementor-widget-divider--view-line_icon) .elementor-divider-separator{border-top:var(--divider-border-width) var(--divider-border-style) var(--divider-color)}.elementor-widget-divider--separator-type-pattern{--divider-border-style:none}.elementor-widget-divider--separator-type-pattern.elementor-widget-divider--view-line .elementor-divider-separator,.elementor-widget-divider--separator-type-pattern:not(.elementor-widget-divider--view-line) .elementor-divider-separator:after,.elementor-widget-divider--separator-type-pattern:not(.elementor-widget-divider--view-line) .elementor-divider-separator:before,.elementor-widget-divider--separator-type-pattern:not([class*=elementor-widget-divider--view]) .elementor-divider-separator{width:100%;min-height:var(--divider-pattern-height);-webkit-mask-size:var(--divider-pattern-size) 100%;mask-size:var(--divider-pattern-size) 100%;-webkit-mask-repeat:var(--divider-pattern-repeat);mask-repeat:var(--divider-pattern-repeat);background-color:var(--divider-color);-webkit-mask-image:var(--divider-pattern-url);mask-image:var(--divider-pattern-url)}.elementor-widget-divider--no-spacing{--divider-pattern-size:auto}.elementor-widget-divider--bg-round{--divider-pattern-repeat:round}.rtl .elementor-widget-divider .elementor-divider__text{direction:rtl}.e-con-inner>.elementor-widget-divider,.e-con>.elementor-widget-divider{width:var(--container-widget-width,100%);--flex-grow:var(--container-widget-flex-grow)}<\/style>\t\t<div class=\"elementor-divider\">\n\t\t\t<span class=\"elementor-divider-separator\">\n\t\t\t\t\t\t<\/span>\n\t\t<\/div>\n\t\t\t\t<\/div>\n\t\t\t\t<\/div>\n\t\t\t\t<div class=\"elementor-element elementor-element-ac52f9a elementor-widget elementor-widget-text-editor\" data-id=\"ac52f9a\" data-element_type=\"widget\" data-widget_type=\"text-editor.default\">\n\t\t\t\t<div class=\"elementor-widget-container\">\n\t\t\t\t\t\t\t<p>Tr\u01b0\u1edbc khi tr\u1edf th\u00e0nh chuy\u00ean gia t\u01b0 v\u1ea5n thu\u1ebf t\u1ea1i\u00a0<a title=\"C\u00f4ng ty Lu\u1eadt\" href=\"https:\/\/atslegal.vn\/vn\/\">C\u00f4ng ty Lu\u1eadt<\/a>\u00a0ATS, b\u00e0 Nh\u1ecb H\u00e0 c\u00f3 tr\u00ean 15 n\u0103m kinh nghi\u1ec7m l\u00e0m vi\u1ec7c v\u1edbi t\u01b0 c\u00e1ch l\u00e0 chuy\u00ean gia t\u01b0 v\u1ea5n thu\u1ebf t\u1ea1i BHG (C\u00f4ng ty k\u1ebf to\u00e1n v\u00e0 ki\u1ec3m to\u00e1n) v\u00e0 l\u00e0 chuy\u00ean gia t\u01b0 v\u1ea5n thu\u1ebf c\u1ea5p cao trong C\u00f4ng ty ki\u1ec3m to\u00e1n KPMG \u2013 m\u1ed9t trong b\u1ed1n c\u00f4ng ty ki\u1ec3m to\u00e1n h\u00e0ng \u0111\u1ea7u th\u1ebf gi\u1edbi. \u0110\u1ed3ng th\u1eddi, b\u00e0 Nh\u1ecb H\u00e0 c\u0169ng \u0111\u1ea3m nh\u1eadn vai tr\u00f2 Tr\u01b0\u1edfng ph\u00f2ng ki\u1ec3m so\u00e1t n\u1ed9i b\u1ed9 cho m\u1ed9t t\u1eadp \u0111o\u00e0n l\u1edbn t\u1ea1i Vi\u1ec7t Nam .<\/p><p>B\u00e0 Nh\u1ecb H\u00e0 c\u00f3 kinh nghi\u1ec7m s\u00e2u r\u1ed9ng trong l\u0129nh v\u1ef1c k\u1ebf to\u00e1n, B\u00e0 Nh\u1ecb H\u00e0 t\u1eebng l\u00e0 k\u1ebf to\u00e1n tr\u01b0\u1edfng cho c\u00e1c c\u00f4ng ty c\u00f3 v\u1ed1n \u0111\u1ea7u t\u01b0 n\u01b0\u1edbc ngo\u00e0i (Nh\u1eadt B\u1ea3n, H\u00e0n Qu\u1ed1c) t\u1ea1i Vi\u1ec7t Nam. B\u00e0 Nh\u1ecb H\u00e0 c\u00f3 ki\u1ebfn th\u1ee9c chuy\u00ean s\u00e2u v\u1ec1 lu\u1eadt thu\u1ebf, k\u1ebf to\u00e1n v\u00e0 ki\u1ec3m to\u00e1n, \u0111\u1eb7c bi\u1ec7t l\u00e0 trong vi\u1ec7c x\u00e2y d\u1ef1ng c\u00e1c quy tr\u00ecnh ki\u1ec3m so\u00e1t n\u1ed9i b\u1ed9 doanh nghi\u1ec7p. B\u00e0 Nh\u1ecb H\u00e0 c\u0169ng hi\u1ec3u r\u00f5 th\u1ef1c ti\u1ec5n \u00e1p d\u1ee5ng ph\u00e1p lu\u1eadt v\u1ec1 thu\u1ebf v\u00e0 qu\u1ea3n l\u00fd k\u1ebf to\u00e1n t\u1ea1i Vi\u1ec7t Nam.<\/p>\t\t\t\t\t\t<\/div>\n\t\t\t\t<\/div>\n\t\t\t\t\t<\/div>\n\t\t<\/div>\n\t\t\t\t\t\t\t<\/div>\n\t\t<\/section>\n\t\t\t\t<div class=\"elementor-element elementor-element-e18c660 elementor-widget-divider--view-line_text elementor-widget-divider--element-align-center elementor-widget elementor-widget-divider\" data-id=\"e18c660\" data-element_type=\"widget\" data-widget_type=\"divider.default\">\n\t\t\t\t<div class=\"elementor-widget-container\">\n\t\t\t\t\t<div class=\"elementor-divider\">\n\t\t\t<span class=\"elementor-divider-separator\">\n\t\t\t\t\t\t\t<span class=\"elementor-divider__text elementor-divider__element\">\n\t\t\t\tL\u0128NH V\u1ef0C T\u01af V\u1ea4N\t\t\t\t<\/span>\n\t\t\t\t\t\t<\/span>\n\t\t<\/div>\n\t\t\t\t<\/div>\n\t\t\t\t<\/div>\n\t\t\t\t<div class=\"elementor-element elementor-element-61e92c5 elementor-widget__width-initial list-ct elementor-widget elementor-widget-text-editor\" data-id=\"61e92c5\" data-element_type=\"widget\" data-widget_type=\"text-editor.default\">\n\t\t\t\t<div class=\"elementor-widget-container\">\n\t\t\t\t\t\t\t<ul><li>D\u1ecbch v\u1ee5 t\u01b0 v\u1ea5n thu\u1ebf;<\/li><li>D\u1ecbch v\u1ee5 k\u1ebf to\u00e1n;<\/li><li>Ng\u00f4n ng\u1eef: Ti\u1ebfng vi\u1ec7t<\/li><\/ul>\t\t\t\t\t\t<\/div>\n\t\t\t\t<\/div>\n\t\t\t\t<div class=\"elementor-element elementor-element-032001b elementor-widget-divider--view-line_text elementor-widget-divider--element-align-center elementor-widget elementor-widget-divider\" data-id=\"032001b\" data-element_type=\"widget\" data-widget_type=\"divider.default\">\n\t\t\t\t<div class=\"elementor-widget-container\">\n\t\t\t\t\t<div class=\"elementor-divider\">\n\t\t\t<span class=\"elementor-divider-separator\">\n\t\t\t\t\t\t\t<span class=\"elementor-divider__text elementor-divider__element\">\n\t\t\t\tTR\u00ccNH \u0110\u1ed8 H\u1eccC V\u1ea4N\t\t\t\t<\/span>\n\t\t\t\t\t\t<\/span>\n\t\t<\/div>\n\t\t\t\t<\/div>\n\t\t\t\t<\/div>\n\t\t\t\t<div class=\"elementor-element elementor-element-b02e8a9 elementor-widget__width-initial list-ct elementor-widget elementor-widget-text-editor\" data-id=\"b02e8a9\" data-element_type=\"widget\" data-widget_type=\"text-editor.default\">\n\t\t\t\t<div class=\"elementor-widget-container\">\n\t\t\t\t\t\t\t<ul><li>Ch\u1ee9ng ch\u1ec9 ki\u1ec3m to\u00e1n vi\u00ean (CPA);<\/li><li>C\u1eed nh\u00e2n Kinh t\u1ebf \u2013 H\u1ecdc vi\u1ec7n T\u00e0i ch\u00ednh;<\/li><li>Tham gia \u0111\u00e0o t\u1ea1o ki\u1ec3m to\u00e1n n\u1ed9i b\u1ed9 v\u00e0 x\u00e2y d\u1ef1ng quy tr\u00ecnh ki\u1ec3m so\u00e1t n\u1ed9i b\u1ed9;<\/li><li>Ch\u1ee9ng ch\u1ec9 ki\u1ec3m to\u00e1n vi\u00ean c\u1ee7a V\u01b0\u01a1ng qu\u1ed1c Anh ACCA.<\/li><\/ul>\t\t\t\t\t\t<\/div>\n\t\t\t\t<\/div>\n\t\t\t\t<div class=\"elementor-element elementor-element-b963c07 elementor-widget-divider--view-line_text elementor-widget-divider--element-align-center elementor-widget elementor-widget-divider\" data-id=\"b963c07\" data-element_type=\"widget\" data-widget_type=\"divider.default\">\n\t\t\t\t<div class=\"elementor-widget-container\">\n\t\t\t\t\t<div class=\"elementor-divider\">\n\t\t\t<span class=\"elementor-divider-separator\">\n\t\t\t\t\t\t\t<span class=\"elementor-divider__text elementor-divider__element\">\n\t\t\t\tM\u1ed8T S\u1ed0 V\u1ee4 VI\u1ec6C TI\u00caU BI\u1ec2U\t\t\t\t<\/span>\n\t\t\t\t\t\t<\/span>\n\t\t<\/div>\n\t\t\t\t<\/div>\n\t\t\t\t<\/div>\n\t\t\t\t<div class=\"elementor-element elementor-element-4159773 elementor-widget__width-initial list-ct elementor-widget elementor-widget-text-editor\" data-id=\"4159773\" data-element_type=\"widget\" data-widget_type=\"text-editor.default\">\n\t\t\t\t<div class=\"elementor-widget-container\">\n\t\t\t\t\t\t\t<ul>\n<li>T\u01b0 v\u1ea5n quy\u1ebft to\u00e1n thu\u1ebf khi gi\u1ea3i th\u1ec3 doanh nghi\u1ec7p cho nhi\u1ec1u c\u00f4ng ty v\u1ed1n n\u01b0\u1edbc ngo\u00e0i nh\u01b0 C\u00f4ng ty Aichi Vi\u1ec7t Nam (Nh\u1eadt B\u1ea3n), C\u00f4ng ty Kokusai Kogyo Holding (Nh\u1eadt B\u1ea3n), C\u00f4ng ty TNHH Nagai Center (Nh\u1eadt B\u1ea3n), C\u00f4ng ty TNHH SPG (\u1ea4n \u0110\u1ed9 &amp; VN), C\u00f4ng ty TNHH KPL (Malaysia);<\/li><li>Cung c\u1ea5p d\u1ecbch v\u1ee5 t\u01b0 v\u1ea5n thu\u1ebf, bao g\u1ed3m: \u0110\u00e1nh gi\u00e1 vi\u1ec7c tu\u00e2n th\u1ee7 ngh\u0129a v\u1ee5 v\u1ec1 thu\u1ebf;&nbsp;<a title=\"T\u01b0 v\u1ea5n ph\u00e1p lu\u1eadt\" href=\"https:\/\/atslegal.vn\/vn\/linh-vuc-hoat-dong\/tu-van-phap-luat\/\" style=\"letter-spacing: 0px\">T\u01b0 v\u1ea5n ph\u00e1p lu\u1eadt<\/a><span style=\"background-color: var( --e-global-color-9026274 );letter-spacing: 0px\">&nbsp;v\u1ec1 thu\u1ebf nh\u01b0 thu\u1ebf GTGT, thu\u1ebf thu nh\u1eadp doanh nghi\u1ec7p, thu\u1ebf thu nh\u1eadp c\u00e1 nh\u00e2n, thu\u1ebf xu\u1ea5t nh\u1eadp kh\u1ea9u, thu\u1ebf ti\u00eau th\u1ee5 \u0111\u1eb7c bi\u1ec7t, \u2026; T\u01b0 v\u1ea5n h\u1ed7 tr\u1ee3 doanh nghi\u1ec7p trong ho\u1ea1t \u0111\u1ed9ng kinh doanh: k\u00ea khai thu\u1ebf h\u00e0ng th\u00e1ng, quy\u1ebft to\u00e1n thu\u1ebf h\u00e0ng n\u0103m, gi\u1ea3m ho\u1eb7c mi\u1ec5n thu\u1ebf; Thi\u1ebft l\u1eadp c\u01a1 c\u1ea5u thu\u1ebf; \u0110\u1ea1i di\u1ec7n kh\u00e1ch h\u00e0ng l\u00e0m vi\u1ec7c v\u1edbi c\u01a1 quan thu\u1ebf; Chu\u1ea9n b\u1ecb ch\u1ee9ng t\u1eeb cho vi\u1ec7c ho\u00e0n thu\u1ebf; Thi\u1ebft l\u1eadp chi\u1ebfn l\u01b0\u1ee3c thu\u1ebf; Thu\u1ebf qu\u1ed1c t\u1ebf (hi\u1ec7p \u0111\u1ecbnh tr\u00e1nh \u0111\u00e1nh thu\u1ebf hai l\u1ea7n); Gi\u1ea5y ch\u1ee9ng nh\u1eadn ho\u00e0n th\u00e0nh ngh\u0129a v\u1ee5 thu\u1ebf \u0111\u1ec3 \u0111\u00f3ng c\u1eeda c\u00f4ng ty cho m\u1ed9t s\u1ed1 c\u00f4ng ty c\u00f3 v\u1ed1n n\u01b0\u1edbc ngo\u00e0i nh\u01b0 TATA POWER, TATA International (TATA GROUP), Nagai Center Vi\u1ec7t Nam, Ohmori Vi\u1ec7t Nam,\u2026<\/span><\/li><li>Cung c\u1ea5p d\u1ecbch v\u1ee5 k\u1ebf to\u00e1n, bao g\u1ed3m: R\u00e0 so\u00e1t s\u1ed5 s\u00e1ch k\u1ebf to\u00e1n; R\u00e0 so\u00e1t v\u00e0 t\u1ed5ng h\u1ee3p b\u00e1o c\u00e1o t\u00e0i ch\u00ednh; t\u1ed5ng h\u1ee3p v\u00e0 l\u1eadp b\u00e1o c\u00e1o t\u00e0i ch\u00ednh ho\u1eb7c b\u00e1o c\u00e1o qu\u1ea3n l\u00fd; T\u01b0 v\u1ea5n v\u1ec1 h\u1ec7 th\u1ed1ng k\u1ebf to\u00e1n chi ph\u00ed; T\u01b0 v\u1ea5n v\u1ec1 h\u1ec7 th\u1ed1ng k\u1ebf to\u00e1n, Thi\u1ebft k\u1ebf, th\u1ef1c hi\u1ec7n v\u00e0 h\u1ed7 tr\u1ee3 ho\u1ea1t \u0111\u1ed9ng c\u1ee7a h\u1ec7 th\u1ed1ng k\u1ebf to\u00e1n; Thi\u1ebft k\u1ebf, th\u1ef1c hi\u1ec7n v\u00e0 h\u1ed7 tr\u1ee3 ho\u1ea1t \u0111\u1ed9ng c\u1ee7a h\u1ec7 th\u1ed1ng ki\u1ec3m so\u00e1t n\u1ed9i b\u1ed9; Cung c\u1ea5p d\u1ecbch v\u1ee5 k\u1ebf to\u00e1n v\u00e0 k\u1ebf to\u00e1n tr\u01b0\u1edfng; Cung c\u1ea5p d\u1ecbch v\u1ee5 l\u01b0u tr\u1eef s\u1ed5 s\u00e1ch k\u1ebf to\u00e1n; \u0110\u00e0o t\u1ea1o v\u1ec1 k\u1ebf to\u00e1n cho m\u1ed9t s\u1ed1 c\u00f4ng ty v\u1ed1n n\u01b0\u1edbc ngo\u00e0i nh\u01b0 C\u00f4ng ty JVC Vi\u1ec7t Nam, C\u00f4ng ty Shinbo Vina, C\u00f4ng ty Power Mark Vi\u1ec7t Nam, C\u00f4ng ty JungDo Vina, C\u00f4ng ty Th\u01b0\u01a1ng m\u1ea1i SUFU, C\u00f4ng ty Veider Vi\u1ec7t Nam, EX5 \u2013 Join Cor-o Contractor, C\u00f4ng ty Kokusai Holding,\u2026.<\/li><\/ul>\t\t\t\t\t\t<\/div>\n\t\t\t\t<\/div>\n\t\t\t\t\t<\/div>\n\t\t<\/div>\n\t\t\t\t\t\t\t<\/div>\n\t\t<\/section>\n\t\t\t\t\t\t\t<\/div>\n\t\t","protected":false},"excerpt":{"rendered":"<p>Th\u00e0nh Vi\u00ean Trang Ch\u1ee7 Mrs. L\u01b0\u01a1ng Nh\u1ecb H\u00e0Chuy\u00ean gia t\u01b0 v\u1ea5n thu\u1ebf +84 24 3751 1888 partners@atslegal.vn Gi\u1edbi Thi\u1ec7u Tr\u01b0\u1edbc khi tr\u1edf th\u00e0nh chuy\u00ean gia t\u01b0 v\u1ea5n thu\u1ebf t\u1ea1i\u00a0C\u00f4ng ty Lu\u1eadt\u00a0ATS, b\u00e0 Nh\u1ecb H\u00e0 c\u00f3 tr\u00ean 15 n\u0103m kinh nghi\u1ec7m l\u00e0m vi\u1ec7c v\u1edbi t\u01b0 c\u00e1ch l\u00e0 chuy\u00ean gia t\u01b0 v\u1ea5n thu\u1ebf t\u1ea1i BHG (C\u00f4ng ty [&hellip;]<\/p>\n","protected":false},"author":1,"featured_media":0,"parent":7687,"menu_order":0,"comment_status":"closed","ping_status":"closed","template":"elementor_header_footer","meta":{"footnotes":""},"_links":{"self":[{"href":"https:\/\/atslegal.vn\/vn\/wp-json\/wp\/v2\/pages\/7878"}],"collection":[{"href":"https:\/\/atslegal.vn\/vn\/wp-json\/wp\/v2\/pages"}],"about":[{"href":"https:\/\/atslegal.vn\/vn\/wp-json\/wp\/v2\/types\/page"}],"author":[{"embeddable":true,"href":"https:\/\/atslegal.vn\/vn\/wp-json\/wp\/v2\/users\/1"}],"replies":[{"embeddable":true,"href":"https:\/\/atslegal.vn\/vn\/wp-json\/wp\/v2\/comments?post=7878"}],"version-history":[{"count":29,"href":"https:\/\/atslegal.vn\/vn\/wp-json\/wp\/v2\/pages\/7878\/revisions"}],"predecessor-version":[{"id":11867,"href":"https:\/\/atslegal.vn\/vn\/wp-json\/wp\/v2\/pages\/7878\/revisions\/11867"}],"up":[{"embeddable":true,"href":"https:\/\/atslegal.vn\/vn\/wp-json\/wp\/v2\/pages\/7687"}],"wp:attachment":[{"href":"https:\/\/atslegal.vn\/vn\/wp-json\/wp\/v2\/media?parent=7878"}],"curies":[{"name":"wp","href":"https:\/\/api.w.org\/{rel}","templated":true}]}}