{"id":7884,"date":"2023-02-05T16:12:38","date_gmt":"2023-02-05T09:12:38","guid":{"rendered":"https:\/\/atslegal.vn\/vn\/?page_id=7884"},"modified":"2024-09-11T08:53:10","modified_gmt":"2024-09-11T01:53:10","slug":"mrs-nguyen-thi-ha","status":"publish","type":"page","link":"https:\/\/atslegal.vn\/vn\/thanh-vien\/mrs-nguyen-thi-ha\/","title":{"rendered":"Mrs. Nguyen Thi Ha"},"content":{"rendered":"\t\t<div data-elementor-type=\"wp-page\" data-elementor-id=\"7884\" class=\"elementor elementor-7884\">\n\t\t\t\t\t\t\t\t\t<section class=\"elementor-section elementor-top-section elementor-element elementor-element-112629c elementor-section-boxed elementor-section-height-default elementor-section-height-default\" data-id=\"112629c\" data-element_type=\"section\" data-settings=\"{&quot;background_background&quot;:&quot;classic&quot;}\">\n\t\t\t\t\t\t<div class=\"elementor-container elementor-column-gap-no\">\n\t\t\t\t\t<div class=\"elementor-column elementor-col-100 elementor-top-column elementor-element elementor-element-9dae02f\" data-id=\"9dae02f\" data-element_type=\"column\" data-settings=\"{&quot;background_background&quot;:&quot;classic&quot;}\">\n\t\t\t<div class=\"elementor-widget-wrap elementor-element-populated\">\n\t\t\t\t\t\t\t\t<div class=\"elementor-element elementor-element-ad42224 elementor-widget elementor-widget-heading\" data-id=\"ad42224\" data-element_type=\"widget\" data-widget_type=\"heading.default\">\n\t\t\t\t<div class=\"elementor-widget-container\">\n\t\t\t<style>\/*! elementor - v3.18.0 - 20-12-2023 *\/\n.elementor-heading-title{padding:0;margin:0;line-height:1}.elementor-widget-heading .elementor-heading-title[class*=elementor-size-]>a{color:inherit;font-size:inherit;line-height:inherit}.elementor-widget-heading .elementor-heading-title.elementor-size-small{font-size:15px}.elementor-widget-heading .elementor-heading-title.elementor-size-medium{font-size:19px}.elementor-widget-heading .elementor-heading-title.elementor-size-large{font-size:29px}.elementor-widget-heading .elementor-heading-title.elementor-size-xl{font-size:39px}.elementor-widget-heading .elementor-heading-title.elementor-size-xxl{font-size:59px}<\/style><h1 class=\"elementor-heading-title elementor-size-default\">TH\u00c0NH VI\u00caN<\/h1>\t\t<\/div>\n\t\t\t\t<\/div>\n\t\t\t\t<div class=\"elementor-element elementor-element-b6206b0 jet-breadcrumbs-align-center elementor-widget elementor-widget-jet-breadcrumbs\" data-id=\"b6206b0\" data-element_type=\"widget\" data-widget_type=\"jet-breadcrumbs.default\">\n\t\t\t\t<div class=\"elementor-widget-container\">\n\t\t\t<div class=\"elementor-jet-breadcrumbs jet-blocks\">\n\t\t<div class=\"jet-breadcrumbs\">\n\t\t<div class=\"jet-breadcrumbs__content\">\n\t\t<div class=\"jet-breadcrumbs__wrap\"><div class=\"jet-breadcrumbs__item\"><a href=\"https:\/\/atslegal.vn\/vn\/\" class=\"jet-breadcrumbs__item-link is-home\" rel=\"home\" title=\"Trang Ch\u1ee7\">Trang Ch\u1ee7<\/a><\/div>\n\t\t<\/div>\n\t\t<\/div>\n\t\t<\/div><\/div>\t\t<\/div>\n\t\t\t\t<\/div>\n\t\t\t\t<section class=\"elementor-section elementor-inner-section elementor-element elementor-element-eb74a1e elementor-section-boxed elementor-section-height-default elementor-section-height-default\" data-id=\"eb74a1e\" data-element_type=\"section\">\n\t\t\t\t\t\t<div class=\"elementor-container elementor-column-gap-default\">\n\t\t\t\t\t<div class=\"elementor-column elementor-col-50 elementor-inner-column elementor-element elementor-element-b618d9d\" data-id=\"b618d9d\" data-element_type=\"column\" data-settings=\"{&quot;background_background&quot;:&quot;classic&quot;}\">\n\t\t\t<div class=\"elementor-widget-wrap elementor-element-populated\">\n\t\t\t\t\t\t\t\t<div class=\"elementor-element elementor-element-79177e4 elementor-widget__width-initial elementor-widget elementor-widget-image\" data-id=\"79177e4\" data-element_type=\"widget\" data-widget_type=\"image.default\">\n\t\t\t\t<div class=\"elementor-widget-container\">\n\t\t\t<style>\/*! elementor - v3.18.0 - 20-12-2023 *\/\n.elementor-widget-image{text-align:center}.elementor-widget-image a{display:inline-block}.elementor-widget-image a img[src$=\".svg\"]{width:48px}.elementor-widget-image img{vertical-align:middle;display:inline-block}<\/style>\t\t\t\t\t\t\t\t\t\t\t\t<img decoding=\"async\" src=\"https:\/\/atslegal.vn\/wp-content\/uploads\/2022\/04\/thi-ha.png\" title=\"\" alt=\"Mrs Thi Ha\" loading=\"lazy\" \/>\t\t\t\t\t\t\t\t\t\t\t\t\t\t\t<\/div>\n\t\t\t\t<\/div>\n\t\t\t\t<div class=\"elementor-element elementor-element-762dfb7 elementor-widget__width-initial elementor-widget elementor-widget-text-editor\" data-id=\"762dfb7\" data-element_type=\"widget\" data-widget_type=\"text-editor.default\">\n\t\t\t\t<div class=\"elementor-widget-container\">\n\t\t\t<style>\/*! elementor - v3.18.0 - 20-12-2023 *\/\n.elementor-widget-text-editor.elementor-drop-cap-view-stacked .elementor-drop-cap{background-color:#69727d;color:#fff}.elementor-widget-text-editor.elementor-drop-cap-view-framed .elementor-drop-cap{color:#69727d;border:3px solid;background-color:transparent}.elementor-widget-text-editor:not(.elementor-drop-cap-view-default) .elementor-drop-cap{margin-top:8px}.elementor-widget-text-editor:not(.elementor-drop-cap-view-default) .elementor-drop-cap-letter{width:1em;height:1em}.elementor-widget-text-editor .elementor-drop-cap{float:left;text-align:center;line-height:1;font-size:50px}.elementor-widget-text-editor .elementor-drop-cap-letter{display:inline-block}<\/style>\t\t\t\t<p><strong>LS. Nguy\u1ec5n Th\u1ecb H\u00e0<\/strong><br \/><span style=\"font-size: 14px; color: #b2b2b2;\">Lu\u1eadt s\u01b0 th\u00e0nh vi\u00ean<\/span><\/p>\t\t\t\t\t\t<\/div>\n\t\t\t\t<\/div>\n\t\t\t\t<div class=\"elementor-element elementor-element-6212c0d elementor-align-left elementor-widget__width-initial elementor-icon-list--layout-traditional elementor-list-item-link-full_width elementor-widget elementor-widget-icon-list\" data-id=\"6212c0d\" data-element_type=\"widget\" data-widget_type=\"icon-list.default\">\n\t\t\t\t<div class=\"elementor-widget-container\">\n\t\t\t<link rel=\"stylesheet\" href=\"https:\/\/atslegal.vn\/vn\/wp-content\/plugins\/elementor\/assets\/css\/widget-icon-list.min.css\">\t\t<ul class=\"elementor-icon-list-items\">\n\t\t\t\t\t\t\t<li class=\"elementor-icon-list-item\">\n\t\t\t\t\t\t\t\t\t\t\t<span class=\"elementor-icon-list-icon\">\n\t\t\t\t\t\t\t\t\t\t\t\t\t<\/span>\n\t\t\t\t\t\t\t\t\t\t<span class=\"elementor-icon-list-text\">+84 24 3751 1888<\/span>\n\t\t\t\t\t\t\t\t\t<\/li>\n\t\t\t\t\t\t\t\t<li class=\"elementor-icon-list-item\">\n\t\t\t\t\t\t\t\t\t\t\t<span class=\"elementor-icon-list-icon\">\n\t\t\t\t\t\t\t\t\t\t\t\t\t<\/span>\n\t\t\t\t\t\t\t\t\t\t<span class=\"elementor-icon-list-text\">partners@atslegal.vn<\/span>\n\t\t\t\t\t\t\t\t\t<\/li>\n\t\t\t\t\t\t<\/ul>\n\t\t\t\t<\/div>\n\t\t\t\t<\/div>\n\t\t\t\t\t<\/div>\n\t\t<\/div>\n\t\t\t\t<div class=\"elementor-column elementor-col-50 elementor-inner-column elementor-element elementor-element-a5df7b6\" data-id=\"a5df7b6\" data-element_type=\"column\">\n\t\t\t<div class=\"elementor-widget-wrap elementor-element-populated\">\n\t\t\t\t\t\t\t\t<div class=\"elementor-element elementor-element-ddfae23 elementor-widget elementor-widget-heading\" data-id=\"ddfae23\" data-element_type=\"widget\" data-widget_type=\"heading.default\">\n\t\t\t\t<div class=\"elementor-widget-container\">\n\t\t\t<h3 class=\"elementor-heading-title elementor-size-default\">KINH NGHI\u1ec6M<\/h3>\t\t<\/div>\n\t\t\t\t<\/div>\n\t\t\t\t<div class=\"elementor-element elementor-element-e568d53 elementor-widget-divider--view-line elementor-widget elementor-widget-divider\" data-id=\"e568d53\" data-element_type=\"widget\" data-widget_type=\"divider.default\">\n\t\t\t\t<div class=\"elementor-widget-container\">\n\t\t\t<style>\/*! elementor - v3.18.0 - 20-12-2023 *\/\n.elementor-widget-divider{--divider-border-style:none;--divider-border-width:1px;--divider-color:#0c0d0e;--divider-icon-size:20px;--divider-element-spacing:10px;--divider-pattern-height:24px;--divider-pattern-size:20px;--divider-pattern-url:none;--divider-pattern-repeat:repeat-x}.elementor-widget-divider .elementor-divider{display:flex}.elementor-widget-divider .elementor-divider__text{font-size:15px;line-height:1;max-width:95%}.elementor-widget-divider .elementor-divider__element{margin:0 var(--divider-element-spacing);flex-shrink:0}.elementor-widget-divider .elementor-icon{font-size:var(--divider-icon-size)}.elementor-widget-divider .elementor-divider-separator{display:flex;margin:0;direction:ltr}.elementor-widget-divider--view-line_icon .elementor-divider-separator,.elementor-widget-divider--view-line_text .elementor-divider-separator{align-items:center}.elementor-widget-divider--view-line_icon .elementor-divider-separator:after,.elementor-widget-divider--view-line_icon .elementor-divider-separator:before,.elementor-widget-divider--view-line_text .elementor-divider-separator:after,.elementor-widget-divider--view-line_text .elementor-divider-separator:before{display:block;content:\"\";border-bottom:0;flex-grow:1;border-top:var(--divider-border-width) var(--divider-border-style) var(--divider-color)}.elementor-widget-divider--element-align-left .elementor-divider .elementor-divider-separator>.elementor-divider__svg:first-of-type{flex-grow:0;flex-shrink:100}.elementor-widget-divider--element-align-left .elementor-divider-separator:before{content:none}.elementor-widget-divider--element-align-left .elementor-divider__element{margin-left:0}.elementor-widget-divider--element-align-right .elementor-divider .elementor-divider-separator>.elementor-divider__svg:last-of-type{flex-grow:0;flex-shrink:100}.elementor-widget-divider--element-align-right .elementor-divider-separator:after{content:none}.elementor-widget-divider--element-align-right .elementor-divider__element{margin-right:0}.elementor-widget-divider:not(.elementor-widget-divider--view-line_text):not(.elementor-widget-divider--view-line_icon) .elementor-divider-separator{border-top:var(--divider-border-width) var(--divider-border-style) var(--divider-color)}.elementor-widget-divider--separator-type-pattern{--divider-border-style:none}.elementor-widget-divider--separator-type-pattern.elementor-widget-divider--view-line .elementor-divider-separator,.elementor-widget-divider--separator-type-pattern:not(.elementor-widget-divider--view-line) .elementor-divider-separator:after,.elementor-widget-divider--separator-type-pattern:not(.elementor-widget-divider--view-line) .elementor-divider-separator:before,.elementor-widget-divider--separator-type-pattern:not([class*=elementor-widget-divider--view]) .elementor-divider-separator{width:100%;min-height:var(--divider-pattern-height);-webkit-mask-size:var(--divider-pattern-size) 100%;mask-size:var(--divider-pattern-size) 100%;-webkit-mask-repeat:var(--divider-pattern-repeat);mask-repeat:var(--divider-pattern-repeat);background-color:var(--divider-color);-webkit-mask-image:var(--divider-pattern-url);mask-image:var(--divider-pattern-url)}.elementor-widget-divider--no-spacing{--divider-pattern-size:auto}.elementor-widget-divider--bg-round{--divider-pattern-repeat:round}.rtl .elementor-widget-divider .elementor-divider__text{direction:rtl}.e-con-inner>.elementor-widget-divider,.e-con>.elementor-widget-divider{width:var(--container-widget-width,100%);--flex-grow:var(--container-widget-flex-grow)}<\/style>\t\t<div class=\"elementor-divider\">\n\t\t\t<span class=\"elementor-divider-separator\">\n\t\t\t\t\t\t<\/span>\n\t\t<\/div>\n\t\t\t\t<\/div>\n\t\t\t\t<\/div>\n\t\t\t\t<div class=\"elementor-element elementor-element-067b247 elementor-widget elementor-widget-text-editor\" data-id=\"067b247\" data-element_type=\"widget\" data-widget_type=\"text-editor.default\">\n\t\t\t\t<div class=\"elementor-widget-container\">\n\t\t\t\t\t\t\t<p>B\u00e0 Nguy\u1ec5n Th\u1ecb H\u00e0 nguy\u00ean l\u00e0 Th\u1ea9m ph\u00e1n. B\u00e0 H\u00e0 \u0111\u00e3 t\u1eebng \u0111\u01b0\u1ee3c b\u1ed5 nhi\u1ec7m l\u00e0m Th\u1ea9m ph\u00e1n T\u00f2a \u00e1n nh\u00e2n d\u00e2n huy\u1ec7n Thanh Tr\u00ec (1996 \u2013 2005), th\u1ea9m ph\u00e1n T\u00f2a \u00e1n nh\u00e2n d\u00e2n th\u00e0nh ph\u1ed1 H\u00e0 N\u1ed9i (2005 \u2013 2011). Th\u00e1ng 9 n\u0103m 2011 b\u00e0 H\u00e0 \u0111\u01b0\u1ee3c b\u1ed5 nhi\u1ec7m l\u00e0m Ph\u00f3 Ch\u00e1nh t\u00f2a Lao \u0111\u1ed9ng, T\u00f2a \u00e1n nh\u00e2n d\u00e2n th\u00e0nh ph\u1ed1 H\u00e0 N\u1ed9i \u2013 n\u01a1i b\u00e0 l\u00e0m vi\u1ec7c cho \u0111\u1ebfn khi ngh\u1ec9 h\u01b0u.<\/p><p><span style=\"background-color: transparent; letter-spacing: 0px;\">V\u1edbi h\u01a1n 20 n\u0103m kinh nghi\u1ec7m th\u1ef1c hi\u1ec7n c\u00f4ng t\u00e1c x\u00e9t x\u1eed \u1edf v\u1ecb tr\u00ed Th\u1ea9m ph\u00e1n, b\u00e0 H\u00e0 hi\u1ec3u r\u00f5 th\u1ef1c ti\u1ec5n \u00e1p d\u1ee5ng c\u00e1c quy \u0111\u1ecbnh c\u1ee7a h\u1ec7 th\u1ed1ng ph\u00e1p lu\u1eadt Vi\u1ec7t Nam trong c\u00f4ng t\u00e1c x\u00e9t x\u1eed \u0111\u1ec3 t\u01b0 v\u1ea5n cho c\u00e1c kh\u00e1ch h\u00e0ng nh\u1eefng \u00fd ki\u1ebfn t\u01b0 v\u1ea5n kh\u00e1ch quan, hi\u1ec7u qu\u1ea3 v\u00e0 ph\u00f9 h\u1ee3p v\u1edbi th\u1ef1c ti\u1ec5n thi h\u00e0nh c\u1ee7a ph\u00e1p lu\u1eadt. Hi\u1ec7n nay, b\u00e0 Nguy\u1ec5n Th\u1ecb H\u00e0 \u0111ang ph\u1ee5 tr\u00e1ch ho\u1ea1t \u0111\u1ed9ng t\u01b0 v\u1ea5n cho c\u00e1c kh\u00e1ch h\u00e0ng c\u1ee7a <\/span><a title=\"C\u00f4ng ty Lu\u1eadt\" href=\"https:\/\/atslegal.vn\/vn\/\" style=\"letter-spacing: 0px;\">C\u00f4ng ty Lu\u1eadt<\/a><span style=\"background-color: transparent; letter-spacing: 0px;\">&nbsp;ATS li\u00ean quan \u0111\u1ebfn lao \u0111\u1ed9ng, d\u00e2n s\u1ef1, giao d\u1ecbch th\u01b0\u01a1ng m\u1ea1i, tu\u00e2n th\u1ee7 ph\u00e1p lu\u1eadt v\u00e0&nbsp;<\/span><a title=\"gi\u1ea3i quy\u1ebft tranh ch\u1ea5p\" href=\"https:\/\/atslegal.vn\/vn\/linh-vuc-hoat-dong\/giai-quyet-tranh-chap\/\" style=\"letter-spacing: 0px;\">gi\u1ea3i quy\u1ebft tranh ch\u1ea5p<\/a><span style=\"background-color: transparent; letter-spacing: 0px;\">&nbsp;ta\u1ecb t\u00f2a \u00e1n v\u00e0 c\u01a1 quan tr\u1ecdng t\u00e0i.<\/span><\/p>\t\t\t\t\t\t<\/div>\n\t\t\t\t<\/div>\n\t\t\t\t\t<\/div>\n\t\t<\/div>\n\t\t\t\t\t\t\t<\/div>\n\t\t<\/section>\n\t\t\t\t<div class=\"elementor-element elementor-element-847728c elementor-widget-divider--view-line_text elementor-widget-divider--element-align-center elementor-widget elementor-widget-divider\" data-id=\"847728c\" data-element_type=\"widget\" data-widget_type=\"divider.default\">\n\t\t\t\t<div class=\"elementor-widget-container\">\n\t\t\t\t\t<div class=\"elementor-divider\">\n\t\t\t<span class=\"elementor-divider-separator\">\n\t\t\t\t\t\t\t<span class=\"elementor-divider__text elementor-divider__element\">\n\t\t\t\tTR\u00ccNH \u0110\u1ed8 H\u1eccC V\u1ea4N\t\t\t\t<\/span>\n\t\t\t\t\t\t<\/span>\n\t\t<\/div>\n\t\t\t\t<\/div>\n\t\t\t\t<\/div>\n\t\t\t\t<div class=\"elementor-element elementor-element-c1a22a8 elementor-widget__width-initial list-ct elementor-widget elementor-widget-text-editor\" data-id=\"c1a22a8\" data-element_type=\"widget\" data-widget_type=\"text-editor.default\">\n\t\t\t\t<div class=\"elementor-widget-container\">\n\t\t\t\t\t\t\t<ul><li>C\u1eed nh\u00e2n Lu\u1eadt \u2013 Tr\u01b0\u1eddng \u0110\u1ea1i h\u1ecdc Lu\u1eadt H\u00e0 N\u1ed9i (1988)<\/li><li>C\u1eed nh\u00e2n H\u00e0nh ch\u00ednh \u2013 Tr\u01b0\u1eddng H\u00e0nh ch\u00ednh Qu\u1ed1c gia<\/li><li>Cao c\u1ea5p l\u00fd lu\u1eadn ch\u00ednh tr\u1ecb (2011)<\/li><li>Gi\u1ea3ng vi\u00ean th\u1ec9nh gi\u1ea3ng \u2013 H\u1ecdc vi\u00ean T\u01b0 ph\u00e1p (k\u1ef9 n\u0103ng t\u01b0 v\u1ea5n trong l\u0129nh v\u1ef1c lao \u0111\u1ed9ng, d\u00e2n s\u1ef1 , th\u01b0\u01a1ng m\u1ea1i)<\/li><\/ul>\t\t\t\t\t\t<\/div>\n\t\t\t\t<\/div>\n\t\t\t\t<div class=\"elementor-element elementor-element-40ec0e0 elementor-widget-divider--view-line_text elementor-widget-divider--element-align-center elementor-widget elementor-widget-divider\" data-id=\"40ec0e0\" data-element_type=\"widget\" data-widget_type=\"divider.default\">\n\t\t\t\t<div class=\"elementor-widget-container\">\n\t\t\t\t\t<div class=\"elementor-divider\">\n\t\t\t<span class=\"elementor-divider-separator\">\n\t\t\t\t\t\t\t<span class=\"elementor-divider__text elementor-divider__element\">\n\t\t\t\tL\u0128NH V\u1ef0C T\u01af V\u1ea4N\t\t\t\t<\/span>\n\t\t\t\t\t\t<\/span>\n\t\t<\/div>\n\t\t\t\t<\/div>\n\t\t\t\t<\/div>\n\t\t\t\t<div class=\"elementor-element elementor-element-fd3ae2f elementor-widget__width-initial list-ct elementor-widget elementor-widget-text-editor\" data-id=\"fd3ae2f\" data-element_type=\"widget\" data-widget_type=\"text-editor.default\">\n\t\t\t\t<div class=\"elementor-widget-container\">\n\t\t\t\t\t\t\t<ul><li>T\u01b0 v\u1ea5n c\u00e1c giao d\u1ecbch th\u01b0\u01a1ng m\u1ea1i, d\u00e2n s\u1ef1 \u2013 Gi\u1ea3i quy\u1ebft tranh ch\u1ea5p th\u01b0\u01a1ng m\u1ea1i, d\u00e2n s\u1ef1, kinh t\u1ebf t\u1ea1i c\u00e1c c\u1ea5p t\u00f2a \u00e1n<\/li><li>T\u01b0 v\u1ea5n lao \u0111\u1ed9ng \u2013 gi\u1ea3i quy\u1ebft tranh ch\u1ea5p lao \u0111\u1ed9ng t\u1ea1i c\u00e1c c\u1ea5p t\u00f2a \u00e1n<\/li><li>T\u01b0 v\u1ea5n qu\u1ea3n tr\u1ecb nh\u00e2n s\u1ef1,\u00a0<a style=\"letter-spacing: 0px;\" title=\"qu\u1ea3n tr\u1ecb doanh nghi\u1ec7p\" href=\"https:\/\/atslegal.vn\/vn\/linh-vuc-hoat-dong\/quan-tri-doanh-nghiep\/\">qu\u1ea3n tr\u1ecb doanh nghi\u1ec7p<\/a><\/li><li>T\u01b0 v\u1ea5n tu\u00e2n th\u1ee7 ph\u00e1p lu\u1eadt<\/li><li>\u0110\u1ea1i di\u1ec7n cho kh\u00e1ch h\u00e0ng gi\u1ea3i quy\u1ebft tranh ch\u1ea5p\u00a0 t\u1ea1i c\u00e1c c\u1ea5p t\u00f2a \u00e1n, tr\u1ecdng t\u00e0i th\u01b0\u01a1ng m\u1ea1i<\/li><\/ul>\t\t\t\t\t\t<\/div>\n\t\t\t\t<\/div>\n\t\t\t\t<div class=\"elementor-element elementor-element-7d69cf8 elementor-widget-divider--view-line_text elementor-widget-divider--element-align-center elementor-widget elementor-widget-divider\" data-id=\"7d69cf8\" data-element_type=\"widget\" data-widget_type=\"divider.default\">\n\t\t\t\t<div class=\"elementor-widget-container\">\n\t\t\t\t\t<div class=\"elementor-divider\">\n\t\t\t<span class=\"elementor-divider-separator\">\n\t\t\t\t\t\t\t<span class=\"elementor-divider__text elementor-divider__element\">\n\t\t\t\tM\u1ed8T S\u1ed0 V\u1ee4 VI\u1ec6C TI\u00caU BI\u1ec2U\t\t\t\t<\/span>\n\t\t\t\t\t\t<\/span>\n\t\t<\/div>\n\t\t\t\t<\/div>\n\t\t\t\t<\/div>\n\t\t\t\t<div class=\"elementor-element elementor-element-82033c0 elementor-widget__width-initial list-ct elementor-widget elementor-widget-text-editor\" data-id=\"82033c0\" data-element_type=\"widget\" data-widget_type=\"text-editor.default\">\n\t\t\t\t<div class=\"elementor-widget-container\">\n\t\t\t\t\t\t\t<ul><li>T\u1eebng l\u00e0 m\u1ed9t Th\u1ea9m ph\u00e1n gi\u00e0u kinh nghi\u1ec7m, B\u00e0 Nguy\u1ec5n Th\u1ecb H\u00e0 \u0111\u00e3 gi\u1ea3i quy\u1ebft th\u00e0nh c\u00f4ng nhi\u1ec1u tr\u0103m v\u1ee5 \u00e1n r\u1ea5t ph\u1ee9c t\u1ea1p, th\u1eddi gian gi\u1ea3i quy\u1ebft k\u00e9o d\u00e0i nhi\u1ec1u n\u0103m li\u00ean quan \u0111\u1ebfn c\u00e1c tranh ch\u1ea5p ph\u00e1t sinh t\u1eeb c\u00e1c giao d\u1ecbch, c\u00e1c h\u1ee3p \u0111\u1ed3ng th\u01b0\u01a1ng m\u1ea1i gi\u1eefa c\u00e1c doanh nghi\u1ec7p Vi\u1ec7t Nam, doanh nghi\u1ec7p c\u00f3 v\u1ed1n \u0111\u1ea7u t\u01b0 n\u01b0\u1edbc ngo\u00e0i, tranh ch\u1ea5p lao \u0111\u1ed9ng gi\u1eefa ng\u01b0\u1eddi lao \u0111\u1ed9ng v\u00e0 ng\u01b0\u1eddi s\u1eed d\u1ee5ng lao \u0111\u1ed9ng l\u00e0 c\u00e1c c\u00f4ng ty, t\u1ed5 ch\u1ee9c Vi\u1ec7t Nam v\u00e0 qu\u1ed1c t\u1ebf, tranh ch\u1ea5p gi\u1eefa c\u00e1c c\u1ed5 \u0111\u00f4ng v\u1edbi doanh nghi\u1ec7p, c\u00e1c tranh ch\u1ea5p d\u00e2n s\u1ef1, \u0111\u1ea5t \u0111ai, h\u00f4n nh\u00e2n gia \u0111\u00ecnh, th\u1eeba k\u1ebf ph\u1ee9c t\u1ea1p li\u00ean quan \u0111\u1ebfn nhi\u1ec1u t\u00e0i s\u1ea3n, b\u1ea5t \u0111\u1ed9ng s\u1ea3n, c\u1ed5 phi\u1ebfu c\u00f3 gi\u00e1 tr\u1ecb l\u1edbn.<\/li><\/ul>\t\t\t\t\t\t<\/div>\n\t\t\t\t<\/div>\n\t\t\t\t\t<\/div>\n\t\t<\/div>\n\t\t\t\t\t\t\t<\/div>\n\t\t<\/section>\n\t\t\t\t\t\t\t<\/div>\n\t\t","protected":false},"excerpt":{"rendered":"<p>TH\u00c0NH VI\u00caN Trang Ch\u1ee7 LS. Nguy\u1ec5n Th\u1ecb H\u00e0Lu\u1eadt s\u01b0 th\u00e0nh vi\u00ean +84 24 3751 1888 partners@atslegal.vn KINH NGHI\u1ec6M B\u00e0 Nguy\u1ec5n Th\u1ecb H\u00e0 nguy\u00ean l\u00e0 Th\u1ea9m ph\u00e1n. B\u00e0 H\u00e0 \u0111\u00e3 t\u1eebng \u0111\u01b0\u1ee3c b\u1ed5 nhi\u1ec7m l\u00e0m Th\u1ea9m ph\u00e1n T\u00f2a \u00e1n nh\u00e2n d\u00e2n huy\u1ec7n Thanh Tr\u00ec (1996 \u2013 2005), th\u1ea9m ph\u00e1n T\u00f2a \u00e1n nh\u00e2n d\u00e2n th\u00e0nh ph\u1ed1 H\u00e0 [&hellip;]<\/p>\n","protected":false},"author":1,"featured_media":0,"parent":7687,"menu_order":0,"comment_status":"closed","ping_status":"closed","template":"elementor_header_footer","meta":{"footnotes":""},"_links":{"self":[{"href":"https:\/\/atslegal.vn\/vn\/wp-json\/wp\/v2\/pages\/7884"}],"collection":[{"href":"https:\/\/atslegal.vn\/vn\/wp-json\/wp\/v2\/pages"}],"about":[{"href":"https:\/\/atslegal.vn\/vn\/wp-json\/wp\/v2\/types\/page"}],"author":[{"embeddable":true,"href":"https:\/\/atslegal.vn\/vn\/wp-json\/wp\/v2\/users\/1"}],"replies":[{"embeddable":true,"href":"https:\/\/atslegal.vn\/vn\/wp-json\/wp\/v2\/comments?post=7884"}],"version-history":[{"count":19,"href":"https:\/\/atslegal.vn\/vn\/wp-json\/wp\/v2\/pages\/7884\/revisions"}],"predecessor-version":[{"id":11262,"href":"https:\/\/atslegal.vn\/vn\/wp-json\/wp\/v2\/pages\/7884\/revisions\/11262"}],"up":[{"embeddable":true,"href":"https:\/\/atslegal.vn\/vn\/wp-json\/wp\/v2\/pages\/7687"}],"wp:attachment":[{"href":"https:\/\/atslegal.vn\/vn\/wp-json\/wp\/v2\/media?parent=7884"}],"curies":[{"name":"wp","href":"https:\/\/api.w.org\/{rel}","templated":true}]}}