{"id":7954,"date":"2023-02-11T10:38:13","date_gmt":"2023-02-11T03:38:13","guid":{"rendered":"https:\/\/atslegal.vn\/vn\/?page_id=7954"},"modified":"2023-04-25T15:54:10","modified_gmt":"2023-04-25T08:54:10","slug":"gioi-thieu-chung","status":"publish","type":"page","link":"https:\/\/atslegal.vn\/vn\/gioi-thieu\/gioi-thieu-chung\/","title":{"rendered":"Gi\u1edbi Thi\u1ec7u Chung"},"content":{"rendered":"\t\t<div data-elementor-type=\"wp-page\" data-elementor-id=\"7954\" class=\"elementor elementor-7954\">\n\t\t\t\t\t\t\t\t\t<section class=\"elementor-section elementor-top-section elementor-element elementor-element-16bcafe elementor-section-boxed elementor-section-height-default elementor-section-height-default\" data-id=\"16bcafe\" data-element_type=\"section\" data-settings=\"{&quot;background_background&quot;:&quot;classic&quot;}\">\n\t\t\t\t\t\t<div class=\"elementor-container elementor-column-gap-no\">\n\t\t\t\t\t<div class=\"elementor-column elementor-col-100 elementor-top-column elementor-element elementor-element-a973a2d\" data-id=\"a973a2d\" data-element_type=\"column\">\n\t\t\t<div class=\"elementor-widget-wrap elementor-element-populated\">\n\t\t\t\t\t\t\t\t<div class=\"elementor-element elementor-element-9e14f04 elementor-widget elementor-widget-heading\" data-id=\"9e14f04\" data-element_type=\"widget\" data-widget_type=\"heading.default\">\n\t\t\t\t<div class=\"elementor-widget-container\">\n\t\t\t<style>\/*! elementor - v3.18.0 - 20-12-2023 *\/\n.elementor-heading-title{padding:0;margin:0;line-height:1}.elementor-widget-heading .elementor-heading-title[class*=elementor-size-]>a{color:inherit;font-size:inherit;line-height:inherit}.elementor-widget-heading .elementor-heading-title.elementor-size-small{font-size:15px}.elementor-widget-heading .elementor-heading-title.elementor-size-medium{font-size:19px}.elementor-widget-heading .elementor-heading-title.elementor-size-large{font-size:29px}.elementor-widget-heading .elementor-heading-title.elementor-size-xl{font-size:39px}.elementor-widget-heading .elementor-heading-title.elementor-size-xxl{font-size:59px}<\/style><h2 class=\"elementor-heading-title elementor-size-default\">Gi\u1edbi Thi\u1ec7u Chung<\/h2>\t\t<\/div>\n\t\t\t\t<\/div>\n\t\t\t\t<div class=\"elementor-element elementor-element-7279048 elementor-widget elementor-widget-text-editor\" data-id=\"7279048\" data-element_type=\"widget\" data-widget_type=\"text-editor.default\">\n\t\t\t\t<div class=\"elementor-widget-container\">\n\t\t\t<style>\/*! elementor - v3.18.0 - 20-12-2023 *\/\n.elementor-widget-text-editor.elementor-drop-cap-view-stacked .elementor-drop-cap{background-color:#69727d;color:#fff}.elementor-widget-text-editor.elementor-drop-cap-view-framed .elementor-drop-cap{color:#69727d;border:3px solid;background-color:transparent}.elementor-widget-text-editor:not(.elementor-drop-cap-view-default) .elementor-drop-cap{margin-top:8px}.elementor-widget-text-editor:not(.elementor-drop-cap-view-default) .elementor-drop-cap-letter{width:1em;height:1em}.elementor-widget-text-editor .elementor-drop-cap{float:left;text-align:center;line-height:1;font-size:50px}.elementor-widget-text-editor .elementor-drop-cap-letter{display:inline-block}<\/style>\t\t\t\t<p>\u0110\u01b0\u1ee3c th\u00e0nh l\u1eadp t\u1eeb n\u0103m 2014, C\u00f4ng ty Lu\u1eadt ATS l\u00e0 m\u1ed9t trong nh\u1eefng h\u00e3ng lu\u1eadt c\u00f3 d\u1ecbch v\u1ee5 t\u01b0 v\u1ea5n ph\u00e1p l\u00fd to\u00e0n di\u1ec7n h\u00e0ng \u0111\u1ea7u t\u1ea1i Vi\u1ec7t Nam v\u1edbi ph\u1ea1m vi ho\u1ea1t \u0111\u1ed9ng li\u00ean t\u1ee5c \u0111\u01b0\u1ee3c m\u1edf r\u1ed9ng v\u00e0 uy t\u00edn mang t\u1ea7m qu\u1ed1c t\u1ebf, \u0111\u1eb7c bi\u1ec7t l\u00e0 trong c\u00e1c l\u0129nh v\u1ef1c \u0111\u1ea7u t\u01b0, mua b\u00e1n v\u00e0 s\u00e1p nh\u1eadp, qu\u1ea3n tr\u1ecb nh\u00e2n s\u1ef1, t\u01b0 v\u1ea5n thu\u1ebf, tranh t\u1ee5ng. Sau nhi\u1ec1u n\u0103m ho\u1ea1t \u0111\u1ed9ng, ch\u00fang t\u00f4i \u0111\u00e3 nhanh ch\u00f3ng kh\u1eb3ng \u0111\u1ecbnh \u0111\u01b0\u1ee3c v\u1ecb tr\u00ed c\u1ee7a m\u00ecnh l\u00e0 \u0111\u1ed1i t\u00e1c t\u01b0 v\u1ea5n ph\u00e1p l\u00fd tin c\u1eady c\u1ee7a nhi\u1ec1u kh\u00e1ch h\u00e0ng trong n\u01b0\u1edbc v\u00e0 qu\u1ed1c t\u1ebf, bao g\u1ed3m c\u00e1c doanh nghi\u1ec7p nh\u00e0 n\u01b0\u1edbc, t\u1ed5 ch\u1ee9c phi ch\u00ednh ph\u1ee7, nh\u1eefng t\u1eadp \u0111o\u00e0n, c\u00e1c doanh nghi\u1ec7p v\u00e0 nh\u00e0 \u0111\u1ea7u t\u01b0 h\u00e0ng \u0111\u1ea7u t\u1eeb kh\u1eafp n\u01a1i tr\u00ean th\u1ebf gi\u1edbi v\u1edbi ng\u00e0nh ngh\u1ec1 kinh doanh \u0111a d\u1ea1ng nh\u01b0 b\u1ea5t \u0111\u1ed9ng s\u1ea3n, x\u00e2y d\u1ef1ng, th\u01b0\u01a1ng m\u1ea1i, n\u0103ng l\u01b0\u1ee3ng, ch\u0103m s\u00f3c s\u1ee9c kh\u1ecfe, b\u1ea3o hi\u1ec3m, c\u00e1c d\u1ef1 \u00e1n \u0111\u1ea7u t\u01b0 quy m\u00f4 l\u1edbn.<\/p><p>Ch\u00fang t\u00f4i cam k\u1ebft cung c\u1ea5p d\u1ecbch v\u1ee5 hi\u1ec7u qu\u1ea3, \u0111\u00e1ng tin c\u1eady v\u00e0 ph\u00f9 h\u1ee3p cho m\u1ed7i kh\u00e1ch h\u00e0ng, v\u1edbi chuy\u00ean m\u00f4n chuy\u00ean s\u00e2u c\u1ee7a ch\u00fang t\u00f4i cho ph\u00e9p h\u1ecd t\u1eadp trung v\u00e0o c\u00e1c ho\u1ea1t \u0111\u1ed9ng kinh doanh c\u1ed1t l\u00f5i.<\/p>\t\t\t\t\t\t<\/div>\n\t\t\t\t<\/div>\n\t\t\t\t\t<\/div>\n\t\t<\/div>\n\t\t\t\t\t\t\t<\/div>\n\t\t<\/section>\n\t\t\t\t\t\t\t<\/div>\n\t\t","protected":false},"excerpt":{"rendered":"<p>Gi\u1edbi Thi\u1ec7u Chung \u0110\u01b0\u1ee3c th\u00e0nh l\u1eadp t\u1eeb n\u0103m 2014, C\u00f4ng ty Lu\u1eadt ATS l\u00e0 m\u1ed9t trong nh\u1eefng h\u00e3ng lu\u1eadt c\u00f3 d\u1ecbch v\u1ee5 t\u01b0 v\u1ea5n ph\u00e1p l\u00fd to\u00e0n di\u1ec7n h\u00e0ng \u0111\u1ea7u t\u1ea1i Vi\u1ec7t Nam v\u1edbi ph\u1ea1m vi ho\u1ea1t \u0111\u1ed9ng li\u00ean t\u1ee5c \u0111\u01b0\u1ee3c m\u1edf r\u1ed9ng v\u00e0 uy t\u00edn mang t\u1ea7m qu\u1ed1c t\u1ebf, \u0111\u1eb7c bi\u1ec7t l\u00e0 trong c\u00e1c [&hellip;]<\/p>\n","protected":false},"author":1,"featured_media":0,"parent":7336,"menu_order":0,"comment_status":"closed","ping_status":"closed","template":"elementor_header_footer","meta":{"footnotes":""},"_links":{"self":[{"href":"https:\/\/atslegal.vn\/vn\/wp-json\/wp\/v2\/pages\/7954"}],"collection":[{"href":"https:\/\/atslegal.vn\/vn\/wp-json\/wp\/v2\/pages"}],"about":[{"href":"https:\/\/atslegal.vn\/vn\/wp-json\/wp\/v2\/types\/page"}],"author":[{"embeddable":true,"href":"https:\/\/atslegal.vn\/vn\/wp-json\/wp\/v2\/users\/1"}],"replies":[{"embeddable":true,"href":"https:\/\/atslegal.vn\/vn\/wp-json\/wp\/v2\/comments?post=7954"}],"version-history":[{"count":13,"href":"https:\/\/atslegal.vn\/vn\/wp-json\/wp\/v2\/pages\/7954\/revisions"}],"predecessor-version":[{"id":8710,"href":"https:\/\/atslegal.vn\/vn\/wp-json\/wp\/v2\/pages\/7954\/revisions\/8710"}],"up":[{"embeddable":true,"href":"https:\/\/atslegal.vn\/vn\/wp-json\/wp\/v2\/pages\/7336"}],"wp:attachment":[{"href":"https:\/\/atslegal.vn\/vn\/wp-json\/wp\/v2\/media?parent=7954"}],"curies":[{"name":"wp","href":"https:\/\/api.w.org\/{rel}","templated":true}]}}